{"id":301,"date":"2024-07-05T15:03:15","date_gmt":"2024-07-05T15:03:15","guid":{"rendered":"https:\/\/levupbox.com\/?post_type=product&#038;p=301"},"modified":"2025-09-16T08:32:00","modified_gmt":"2025-09-16T08:32:00","slug":"box-cube-470-nero-goffrato-470-lt","status":"publish","type":"product","link":"https:\/\/www.levupbox.com\/fr\/produit\/box-cube-470-nero-goffrato-470-lt\/","title":{"rendered":"CUBE 470 Noir gaufr\u00e9"},"content":{"rendered":"<p>DESCRIPTION:<\/p>\n<p>Praticit\u00e9 et fonctionnalit\u00e9 dans toutes les conditions, le point de d\u00e9part \u00e0 partir duquel est n\u00e9 le CUBE 470.<br \/>\nUn coffre de toit qui, tout en conservant les caract\u00e9ristiques techniques inchang\u00e9es et le bon design qui distinguent la marque LEVUP, offre des solutions techniques simplifi\u00e9es telles que l&#039;utilisation de deux fermetures unilat\u00e9rales.<br \/>\nAvec ses 1900 mm de longueur le rendant id\u00e9al pour tout type d&#039;activit\u00e9, de plus, une \u00ab bouche \u00bb (hauteur d&#039;ouverture fond\/couvercle) de pr\u00e8s de 380 mm vous permettra de charger facilement tout type d&#039;objet.<br \/>\nUne fois mont\u00e9, il ne cr\u00e9era aucun type de bruit ou de turbulence et gr\u00e2ce \u00e0 sa conception a\u00e9rodynamique, la consommation de carburant de votre voiture ne subira pas de variations particuli\u00e8res.<br \/>\nMat\u00e9riau ABS, r\u00e9sistant aux chocs et aux rayures avec protection UV ; Syst\u00e8me de fermeture et d&#039;ouverture unique \u00e0 2 points par broches m\u00e9talliques avec ressort contrast\u00e9 double action.<br \/>\nLivr\u00e9 enti\u00e8rement mont\u00e9, il se fixe aux barres \u00e0 l&#039;aide d&#039;un kit universel adapt\u00e9 \u00e0 tout type de barre et de v\u00e9hicule (voiture, SUV, fourgon ou camping-car) sans aucun type d&#039;outil.<br \/>\nCapacit\u00e9 maximale 75 kg\u00a0; Le CUBE 470 test\u00e9 selon toutes les normes ISO PASS 11154 s&#039;impose en t\u00eate de la cat\u00e9gorie.<\/p>\n<p>DONN\u00c9ES:<br \/>\nLongueur ext\u00e9rieure \u2013 190 cm<br \/>\nLargeur ext\u00e9rieure \u2013 79 cm<br \/>\nHauteur ext\u00e9rieure \u2013 39,5 cm<br \/>\nPoids net \u2013 15,00 kg<br \/>\nPoids brut \u2013 20,00 kg<br \/>\nCharge maximale \u2013 75,00 kg<br \/>\nMat\u00e9riau \u2013 ABS, super r\u00e9sistant aux chocs<br \/>\nOuverture \u2013 Simple, c\u00f4t\u00e9 droit<br \/>\nSerrure centralis\u00e9e \u2013 2 points<br \/>\nSangles de fixation \u2013 OUI<br \/>\nFixation aux barres incluse - kit standard, qui peut \u00eatre fix\u00e9 sur des barres d&#039;une hauteur minimale de 18 mm et maximale de 35 mm. largeur maximale 90 mm<\/p>\n<p>&nbsp;<\/p>\n<p>Le kit de fixation comprend :<\/p>\n<p>4 boulons en U de 60 mm<\/p>\n<p>4 boulons en U de 90 mm<\/p>\n<p>8 boutons<\/p>\n<p>8 casquettes<\/p>\n<p>2 sangles autobloquantes de 2,5 m de long<\/p>\n<p>&nbsp;<\/p>\n<p>**L&#039;article peut diff\u00e9rer l\u00e9g\u00e8rement des images pr\u00e9sent\u00e9es**<\/p>","protected":false},"excerpt":{"rendered":"<p>Praticit\u00e9 et fonctionnalit\u00e9 dans toutes les conditions, le point de d\u00e9part \u00e0 partir duquel est n\u00e9 le CUBE 470.<br \/>\nUn coffre de toit qui, tout en conservant les caract\u00e9ristiques techniques inchang\u00e9es et le bon design qui distinguent la marque LEVUP, offre des solutions techniques simplifi\u00e9es telles que l&#039;utilisation de deux fermetures unilat\u00e9rales.<\/p>\n<p>470 LT<br \/>\nKit universel adapt\u00e9 \u00e0 tout type de barre et de v\u00e9hicule<\/p>","protected":false},"featured_media":1532,"comment_status":"closed","ping_status":"closed","template":"","meta":[],"product_brand":[],"product_cat":[15,53],"product_tag":[],"class_list":{"0":"post-301","1":"product","2":"type-product","3":"status-publish","4":"has-post-thumbnail","6":"product_cat-box-da-tetto","7":"product_cat-linea-cube","9":"first","10":"instock","11":"taxable","12":"shipping-taxable","13":"purchasable","14":"product-type-simple"},"_links":{"self":[{"href":"https:\/\/www.levupbox.com\/fr\/wp-json\/wp\/v2\/product\/301","targetHints":{"allow":["GET"]}}],"collection":[{"href":"https:\/\/www.levupbox.com\/fr\/wp-json\/wp\/v2\/product"}],"about":[{"href":"https:\/\/www.levupbox.com\/fr\/wp-json\/wp\/v2\/types\/product"}],"replies":[{"embeddable":true,"href":"https:\/\/www.levupbox.com\/fr\/wp-json\/wp\/v2\/comments?post=301"}],"wp:featuredmedia":[{"embeddable":true,"href":"https:\/\/www.levupbox.com\/fr\/wp-json\/wp\/v2\/media\/1532"}],"wp:attachment":[{"href":"https:\/\/www.levupbox.com\/fr\/wp-json\/wp\/v2\/media?parent=301"}],"wp:term":[{"taxonomy":"product_brand","embeddable":true,"href":"https:\/\/www.levupbox.com\/fr\/wp-json\/wp\/v2\/product_brand?post=301"},{"taxonomy":"product_cat","embeddable":true,"href":"https:\/\/www.levupbox.com\/fr\/wp-json\/wp\/v2\/product_cat?post=301"},{"taxonomy":"product_tag","embeddable":true,"href":"https:\/\/www.levupbox.com\/fr\/wp-json\/wp\/v2\/product_tag?post=301"}],"curies":[{"name":"wp","href":"https:\/\/api.w.org\/{rel}","templated":true}]}}