{"id":299,"date":"2024-07-05T15:00:56","date_gmt":"2024-07-05T15:00:56","guid":{"rendered":"https:\/\/levupbox.com\/?post_type=product&#038;p=299"},"modified":"2026-02-09T16:00:50","modified_gmt":"2026-02-09T16:00:50","slug":"cube-370-classic-black","status":"publish","type":"product","link":"https:\/\/www.levupbox.com\/fr\/produit\/cube-370-classic-black\/","title":{"rendered":"CUBE 370 Noir gaufr\u00e9"},"content":{"rendered":"<p>DESCRIPTION:<\/p>\n<p>M\u00eame un coffre de toit indispensable doit \u00eatre capable de faire face \u00e0 des conditions d&#039;utilisation exigeantes, concept de base sur lequel le CUBE 370 est n\u00e9.<br \/>\nUn coffre de toit qui, tout en conservant les caract\u00e9ristiques techniques inchang\u00e9es et le bon design qui distinguent la marque LEVUP, offre des solutions techniques simplifi\u00e9es telles que l&#039;utilisation de deux fermetures unilat\u00e9rales.<br \/>\nDes dimensions ext\u00e9rieures raisonnables pour un volume r\u00e9el de 370 litres et une capacit\u00e9 de 75 kg le rendent id\u00e9al pour tout type de voiture et d&#039;utilisation.<br \/>\nUne fois mont\u00e9, il ne cr\u00e9era aucun type de bruit ou de turbulence et gr\u00e2ce \u00e0 sa conception a\u00e9rodynamique, la consommation de carburant de votre voiture ne subira pas de variations particuli\u00e8res.<br \/>\nMat\u00e9riau ABS, r\u00e9sistant aux chocs et aux rayures ; Syst\u00e8me de fermeture et d&#039;ouverture unique \u00e0 2 points par broches m\u00e9talliques avec ressort contrast\u00e9 double action.<br \/>\nLivr\u00e9 enti\u00e8rement mont\u00e9, il se fixe aux barres \u00e0 l&#039;aide d&#039;un kit universel adapt\u00e9 \u00e0 tout type de barre et de v\u00e9hicule (voiture, SUV, fourgon ou camping-car) sans aucun type d&#039;outil.<br \/>\nCapacit\u00e9 maximale 75 kg\u00a0; Le CUBE 370 test\u00e9 selon toutes les normes ISO PASS 11154 s&#039;impose en t\u00eate de la cat\u00e9gorie.<\/p>\n<p>DONN\u00c9ES:<br \/>\nLongueur ext\u00e9rieure \u2013 136 cm<br \/>\nLargeur ext\u00e9rieure \u2013 79 cm<br \/>\nHauteur ext\u00e9rieure \u2013 39 cm<br \/>\nPoids net \u2013 10,00 kg<br \/>\nPoids brut \u2013 15,00 kg<br \/>\nCharge maximale \u2013 75,00 kg<br \/>\nMat\u00e9riau \u2013 ABS, super r\u00e9sistant aux chocs<br \/>\nOuverture \u2013 Simple, c\u00f4t\u00e9 droit<br \/>\nVerrouillage \u2013 1 point<br \/>\nSangles de fixation \u2013 OUI, 2<\/p>\n<p>Fixation aux barres incluse - kit standard, qui peut \u00eatre fix\u00e9 sur des barres d&#039;une hauteur minimale de 18 mm et maximale de 35 mm. largeur maximale 90 mm<\/p>\n<p>&nbsp;<\/p>\n<p>Le kit de fixation comprend :<\/p>\n<p>4 boulons en U de 60 mm<\/p>\n<p>4 boulons en U de 90 mm<\/p>\n<p>8 boutons<\/p>\n<p>8 casquettes<\/p>\n<p>2 sangles autobloquantes de 2,5 m de long<\/p>\n<p>&nbsp;<\/p>\n<p>**L&#039;article peut diff\u00e9rer l\u00e9g\u00e8rement des images pr\u00e9sent\u00e9es**<\/p>\n<p>&nbsp;<\/p>","protected":false},"excerpt":{"rendered":"<p>M\u00eame un coffre de toit indispensable doit \u00eatre capable de faire face \u00e0 des conditions d&#039;utilisation exigeantes, concept de base sur lequel le CUBE 370 est n\u00e9.<br \/>\nUn coffre de toit qui, tout en conservant les caract\u00e9ristiques techniques inchang\u00e9es et le bon design qui distinguent la marque LEVUP, offre des solutions techniques simplifi\u00e9es telles que l&#039;utilisation de deux fermetures unilat\u00e9rales.<\/p>\n<p>370 LT<br \/>\nKit universel adapt\u00e9 \u00e0 tout type de barre et de v\u00e9hicule<\/p>","protected":false},"featured_media":1529,"comment_status":"closed","ping_status":"closed","template":"","meta":[],"product_brand":[],"product_cat":[15,53],"product_tag":[],"class_list":{"0":"post-299","1":"product","2":"type-product","3":"status-publish","4":"has-post-thumbnail","6":"product_cat-box-da-tetto","7":"product_cat-linea-cube","9":"first","10":"instock","11":"taxable","12":"shipping-taxable","13":"purchasable","14":"product-type-simple"},"_links":{"self":[{"href":"https:\/\/www.levupbox.com\/fr\/wp-json\/wp\/v2\/product\/299","targetHints":{"allow":["GET"]}}],"collection":[{"href":"https:\/\/www.levupbox.com\/fr\/wp-json\/wp\/v2\/product"}],"about":[{"href":"https:\/\/www.levupbox.com\/fr\/wp-json\/wp\/v2\/types\/product"}],"replies":[{"embeddable":true,"href":"https:\/\/www.levupbox.com\/fr\/wp-json\/wp\/v2\/comments?post=299"}],"wp:featuredmedia":[{"embeddable":true,"href":"https:\/\/www.levupbox.com\/fr\/wp-json\/wp\/v2\/media\/1529"}],"wp:attachment":[{"href":"https:\/\/www.levupbox.com\/fr\/wp-json\/wp\/v2\/media?parent=299"}],"wp:term":[{"taxonomy":"product_brand","embeddable":true,"href":"https:\/\/www.levupbox.com\/fr\/wp-json\/wp\/v2\/product_brand?post=299"},{"taxonomy":"product_cat","embeddable":true,"href":"https:\/\/www.levupbox.com\/fr\/wp-json\/wp\/v2\/product_cat?post=299"},{"taxonomy":"product_tag","embeddable":true,"href":"https:\/\/www.levupbox.com\/fr\/wp-json\/wp\/v2\/product_tag?post=299"}],"curies":[{"name":"wp","href":"https:\/\/api.w.org\/{rel}","templated":true}]}}