{"id":2489,"date":"2025-01-10T15:58:22","date_gmt":"2025-01-10T15:58:22","guid":{"rendered":"https:\/\/www.levupbox.com\/?post_type=product&#038;p=2489"},"modified":"2025-01-10T16:20:14","modified_gmt":"2025-01-10T16:20:14","slug":"kit-di-fissaggio-standard","status":"publish","type":"product","link":"https:\/\/www.levupbox.com\/fr\/produit\/kit-di-fissaggio-standard\/","title":{"rendered":"Kit de fixation standard"},"content":{"rendered":"<p>Le kit de fixation standard comprend\u00a0:<\/p>\n<p>4 boulons en U en fer galvanis\u00e9, recouverts de caoutchouc de 90 mm<\/p>\n<p>4 boulons en U en fer galvanis\u00e9, recouverts de caoutchouc de 60 mm<\/p>\n<p>4 plaques en fer galvanis\u00e9 avec fente pour sangle<\/p>\n<p>8 boutons avec \u00e9crou en fer et vissage plastique facile<\/p>\n<p>8 capuchons en caoutchouc pour la saillie du boulon en U<\/p>\n<p>2 sangles de fixation, pour s\u00e9curiser les bagages \u00e0 l&#039;int\u00e9rieur du coffre<\/p>\n<p>&nbsp;<\/p>\n<p>Ce kit de fixation permet de fixer le coffre sur des barres d&#039;une hauteur minimale de 18 mm et maximale de 55 mm ; largeur maximale 90 mm.<\/p>\n<p>Permettant, gr\u00e2ce \u00e0 ses caract\u00e9ristiques, de fixer le coffre sur la plupart des barres actuellement sur le march\u00e9.<\/p>","protected":false},"excerpt":{"rendered":"<p>Kit de fixation sur barres de sections standards de 66 mm \u00e0 100 mm<\/p>","protected":false},"featured_media":2490,"comment_status":"closed","ping_status":"closed","template":"","meta":[],"product_brand":[],"product_cat":[15],"product_tag":[],"class_list":{"0":"post-2489","1":"product","2":"type-product","3":"status-publish","4":"has-post-thumbnail","6":"product_cat-box-da-tetto","8":"first","9":"outofstock","10":"taxable","11":"shipping-taxable","12":"product-type-simple"},"_links":{"self":[{"href":"https:\/\/www.levupbox.com\/fr\/wp-json\/wp\/v2\/product\/2489","targetHints":{"allow":["GET"]}}],"collection":[{"href":"https:\/\/www.levupbox.com\/fr\/wp-json\/wp\/v2\/product"}],"about":[{"href":"https:\/\/www.levupbox.com\/fr\/wp-json\/wp\/v2\/types\/product"}],"replies":[{"embeddable":true,"href":"https:\/\/www.levupbox.com\/fr\/wp-json\/wp\/v2\/comments?post=2489"}],"wp:featuredmedia":[{"embeddable":true,"href":"https:\/\/www.levupbox.com\/fr\/wp-json\/wp\/v2\/media\/2490"}],"wp:attachment":[{"href":"https:\/\/www.levupbox.com\/fr\/wp-json\/wp\/v2\/media?parent=2489"}],"wp:term":[{"taxonomy":"product_brand","embeddable":true,"href":"https:\/\/www.levupbox.com\/fr\/wp-json\/wp\/v2\/product_brand?post=2489"},{"taxonomy":"product_cat","embeddable":true,"href":"https:\/\/www.levupbox.com\/fr\/wp-json\/wp\/v2\/product_cat?post=2489"},{"taxonomy":"product_tag","embeddable":true,"href":"https:\/\/www.levupbox.com\/fr\/wp-json\/wp\/v2\/product_tag?post=2489"}],"curies":[{"name":"wp","href":"https:\/\/api.w.org\/{rel}","templated":true}]}}