{"id":2487,"date":"2025-01-10T15:55:49","date_gmt":"2025-01-10T15:55:49","guid":{"rendered":"https:\/\/www.levupbox.com\/?post_type=product&#038;p=2487"},"modified":"2025-01-10T16:18:14","modified_gmt":"2025-01-10T16:18:14","slug":"kit-di-fissaggio-rapido","status":"publish","type":"product","link":"https:\/\/www.levupbox.com\/fr\/produit\/kit-di-fissaggio-rapido\/","title":{"rendered":"Kit de fixation rapide"},"content":{"rendered":"<p>Le kit de fixation rapide comprend :<\/p>\n<p>4 attaques rapides<\/p>\n<p>2 sangles de fixation, pour s\u00e9curiser les bagages \u00e0 l&#039;int\u00e9rieur du coffre<\/p>","protected":false},"excerpt":{"rendered":"<p>Kit de fixation sur barres de sections standards de 66 mm \u00e0 100 mm<\/p>","protected":false},"featured_media":2488,"comment_status":"closed","ping_status":"closed","template":"","meta":[],"product_brand":[],"product_cat":[15],"product_tag":[],"class_list":{"0":"post-2487","1":"product","2":"type-product","3":"status-publish","4":"has-post-thumbnail","6":"product_cat-box-da-tetto","8":"first","9":"outofstock","10":"taxable","11":"shipping-taxable","12":"product-type-simple"},"_links":{"self":[{"href":"https:\/\/www.levupbox.com\/fr\/wp-json\/wp\/v2\/product\/2487","targetHints":{"allow":["GET"]}}],"collection":[{"href":"https:\/\/www.levupbox.com\/fr\/wp-json\/wp\/v2\/product"}],"about":[{"href":"https:\/\/www.levupbox.com\/fr\/wp-json\/wp\/v2\/types\/product"}],"replies":[{"embeddable":true,"href":"https:\/\/www.levupbox.com\/fr\/wp-json\/wp\/v2\/comments?post=2487"}],"wp:featuredmedia":[{"embeddable":true,"href":"https:\/\/www.levupbox.com\/fr\/wp-json\/wp\/v2\/media\/2488"}],"wp:attachment":[{"href":"https:\/\/www.levupbox.com\/fr\/wp-json\/wp\/v2\/media?parent=2487"}],"wp:term":[{"taxonomy":"product_brand","embeddable":true,"href":"https:\/\/www.levupbox.com\/fr\/wp-json\/wp\/v2\/product_brand?post=2487"},{"taxonomy":"product_cat","embeddable":true,"href":"https:\/\/www.levupbox.com\/fr\/wp-json\/wp\/v2\/product_cat?post=2487"},{"taxonomy":"product_tag","embeddable":true,"href":"https:\/\/www.levupbox.com\/fr\/wp-json\/wp\/v2\/product_tag?post=2487"}],"curies":[{"name":"wp","href":"https:\/\/api.w.org\/{rel}","templated":true}]}}