{"id":1503,"date":"2024-07-26T08:24:53","date_gmt":"2024-07-26T08:24:53","guid":{"rendered":"https:\/\/levupbox.com\/?post_type=product&#038;p=1503"},"modified":"2026-02-09T13:58:03","modified_gmt":"2026-02-09T13:58:03","slug":"space-430-silver-doppia-apertura","status":"publish","type":"product","link":"https:\/\/www.levupbox.com\/fr\/produit\/space-430-silver-doppia-apertura\/","title":{"rendered":"SPACE 430 Argent Poli double ouverture"},"content":{"rendered":"<p>DESCRIPTION:<\/p>\n<p>Le concept de base du d\u00e9veloppement de la ligne SPACE est la rationalit\u00e9 et la polyvalence.<br \/>\nLes caract\u00e9ristiques techniques et la bonne conception restent un point fort constant.<br \/>\nUne fois mont\u00e9, il ne cr\u00e9era aucun type de bruit ou de turbulence et gr\u00e2ce \u00e0 sa conception a\u00e9rodynamique, la consommation de carburant de votre voiture ne subira pas de variations particuli\u00e8res. Mat\u00e9riau ABS + PMMA, r\u00e9sistant aux chocs et aux rayures avec protection UV ; Syst\u00e8me de verrouillage et d&#039;ouverture centralis\u00e9 \u00e0 2 points par goupilles m\u00e9talliques avec ressort contrast\u00e9 double action.<\/p>\n<p>Livr\u00e9 enti\u00e8rement mont\u00e9, il se fixe aux barres via un raccord rapide adapt\u00e9 \u00e0 tout type de barre et de v\u00e9hicule (voiture, SUV, fourgon ou camping-car) sans aucun type d&#039;outil.<br \/>\nCapacit\u00e9 maximale 75 kg\u00a0; test\u00e9 selon toutes les normes ISO PASS 11154, y compris le City Crash test.<\/p>\n<p>DONN\u00c9ES:<br \/>\nLongueur ext\u00e9rieure \u2013 190 cm<br \/>\nLargeur ext\u00e9rieure \u2013 79 cm<br \/>\nHauteur ext\u00e9rieure \u2013 39,5 cm<br \/>\nPoids net \u2013 15,00 kg<br \/>\nPoids brut \u2013 19,00 kg<br \/>\nCharge maximale \u2013 75,00 kg<br \/>\nMat\u00e9riau \u2013 ABS + PMMA, super r\u00e9sistant aux chocs et aux rayures avec protection UV.<br \/>\nOuverture \u2013 Double, c\u00f4t\u00e9 droit+gauche<br \/>\nSerrure centralis\u00e9e \u2013 2 points<br \/>\nSangles de fixation \u2013 OUI, 2<\/p>\n<p>Fixation aux barres incluses - FIXATION RAPIDE, les barres sur lesquelles il peut \u00eatre mont\u00e9 varient d&#039;un minimum de 25x25mm \u00e0 une taille maximale de whisbar de 85x25mm avec voilure.<\/p>\n<p>le kit de fixation rapide comprend :<br \/>\n4 crochets rapides<br \/>\n2 sangles de fixation, 2,5 cm<\/p>\n<p>**L&#039;article peut diff\u00e9rer l\u00e9g\u00e8rement des images pr\u00e9sent\u00e9es**<\/p>","protected":false},"excerpt":{"rendered":"<p>Le concept de base du d\u00e9veloppement de la ligne SPACE est la rationalit\u00e9 et la polyvalence.<br \/>\nLes caract\u00e9ristiques techniques et la bonne conception restent un point fort constant.<\/p>\n<p>430 LT<br \/>\nDouble ouverture DUOLIFT et syst\u00e8me de fixation rapide FREE Lock<\/p>","protected":false},"featured_media":1502,"comment_status":"closed","ping_status":"closed","template":"","meta":[],"product_brand":[],"product_cat":[15,54],"product_tag":[],"class_list":{"0":"post-1503","1":"product","2":"type-product","3":"status-publish","4":"has-post-thumbnail","6":"product_cat-box-da-tetto","7":"product_cat-linea-space","9":"first","10":"instock","11":"taxable","12":"shipping-taxable","13":"purchasable","14":"product-type-simple"},"_links":{"self":[{"href":"https:\/\/www.levupbox.com\/fr\/wp-json\/wp\/v2\/product\/1503","targetHints":{"allow":["GET"]}}],"collection":[{"href":"https:\/\/www.levupbox.com\/fr\/wp-json\/wp\/v2\/product"}],"about":[{"href":"https:\/\/www.levupbox.com\/fr\/wp-json\/wp\/v2\/types\/product"}],"replies":[{"embeddable":true,"href":"https:\/\/www.levupbox.com\/fr\/wp-json\/wp\/v2\/comments?post=1503"}],"wp:featuredmedia":[{"embeddable":true,"href":"https:\/\/www.levupbox.com\/fr\/wp-json\/wp\/v2\/media\/1502"}],"wp:attachment":[{"href":"https:\/\/www.levupbox.com\/fr\/wp-json\/wp\/v2\/media?parent=1503"}],"wp:term":[{"taxonomy":"product_brand","embeddable":true,"href":"https:\/\/www.levupbox.com\/fr\/wp-json\/wp\/v2\/product_brand?post=1503"},{"taxonomy":"product_cat","embeddable":true,"href":"https:\/\/www.levupbox.com\/fr\/wp-json\/wp\/v2\/product_cat?post=1503"},{"taxonomy":"product_tag","embeddable":true,"href":"https:\/\/www.levupbox.com\/fr\/wp-json\/wp\/v2\/product_tag?post=1503"}],"curies":[{"name":"wp","href":"https:\/\/api.w.org\/{rel}","templated":true}]}}