{"id":1478,"date":"2024-07-26T07:34:07","date_gmt":"2024-07-26T07:34:07","guid":{"rendered":"https:\/\/levupbox.com\/?post_type=product&#038;p=1478"},"modified":"2026-02-09T13:58:58","modified_gmt":"2026-02-09T13:58:58","slug":"free-480-black-glossy-doppia-apertura","status":"publish","type":"product","link":"https:\/\/www.levupbox.com\/fr\/produit\/free-480-black-glossy-doppia-apertura\/","title":{"rendered":"FREE 480 Noir Brillant double ouverture"},"content":{"rendered":"<p>DESCRIPTION:<br \/>\nHaut de gamme en termes de capacit\u00e9, le FREE 480 est le mod\u00e8le qui se d\u00e9marque en termes de taille, au sommet de la gamme FREE, garantissant d&#039;excellentes caract\u00e9ristiques techniques et de design.<br \/>\nSa longueur de 2 030 mm le rend id\u00e9al pour tous les besoins et sa largeur de 900 mm rendent utilisable toute la surface du toit de votre voiture.<br \/>\nUne fois mont\u00e9, il ne cr\u00e9era aucun type de bruit ou de turbulence et gr\u00e2ce \u00e0 sa conception a\u00e9rodynamique, la consommation de carburant de votre voiture ne subira pas de variations particuli\u00e8res.<br \/>\nMat\u00e9riau ABS + PMMA, r\u00e9sistant aux chocs et aux rayures avec protection UV ; Syst\u00e8me de verrouillage et d&#039;ouverture centralis\u00e9 \u00e0 3 points par goupilles m\u00e9talliques avec ressort contrast\u00e9 double action.<br \/>\nLivr\u00e9 enti\u00e8rement mont\u00e9, il se fixe aux barres via un raccord rapide adapt\u00e9 \u00e0 tout type de barre et de v\u00e9hicule (voiture, SUV, fourgon ou camping-car) sans aucun type d&#039;outil.<\/p>\n<p>Capacit\u00e9 maximale 75 kg\u00a0; Le FREE 480 test\u00e9 selon toutes les normes ISO PASS 11154 dont City Crash test s&#039;impose en t\u00eate de la cat\u00e9gorie. Garantie 5 ans.<br \/>\nDONN\u00c9ES:<br \/>\nLongueur ext\u00e9rieure \u2013 201 cm<br \/>\nLargeur ext\u00e9rieure \u2013 89 cm<br \/>\nHauteur ext\u00e9rieure \u2013 41 cm<br \/>\nPoids net \u2013 17,00 kg<br \/>\nPoids brut \u2013 24,00 kg<br \/>\nCharge maximale \u2013 75,00 kg<br \/>\nMat\u00e9riau \u2013 ABS + PMMA<br \/>\nOuverture \u2013 Double, c\u00f4t\u00e9 droit+gauche<br \/>\nSerrure centralis\u00e9e \u2013 3 points<br \/>\nSangles de fixation \u2013 OUI, 2<br \/>\nfixation - FIXATION RAPIDE, les barres sur lesquelles il peut \u00eatre mont\u00e9 varient d&#039;un minimum de 25x25mm \u00e0 une taille maximale de whisbar de 85x25mm avec profil d&#039;aile.<\/p>\n<p>le kit de fixation rapide comprend :<br \/>\n4 crochets rapides<br \/>\n2 sangles de fixation, 2,5 cm<br \/>\n**L&#039;article peut diff\u00e9rer l\u00e9g\u00e8rement des images pr\u00e9sent\u00e9es**<\/p>","protected":false},"excerpt":{"rendered":"<p>Haut de gamme en termes de capacit\u00e9, le FREE 480 est le mod\u00e8le qui se d\u00e9marque en termes de taille, au sommet de la gamme FREE, garantissant d&#039;excellentes caract\u00e9ristiques techniques et de design.<br \/>\nSa longueur de 2 030 mm le rend id\u00e9al pour tous les besoins et sa largeur de 900 mm rendent utilisable toute la surface du toit de votre voiture.<\/p>\n<p>480 LT<br \/>\nDouble ouverture DUOLIFT et syst\u00e8me de fixation rapide FREE Lock<\/p>","protected":false},"featured_media":1480,"comment_status":"closed","ping_status":"closed","template":"","meta":[],"product_brand":[],"product_cat":[15,52],"product_tag":[],"class_list":{"0":"post-1478","1":"product","2":"type-product","3":"status-publish","4":"has-post-thumbnail","6":"product_cat-box-da-tetto","7":"product_cat-linea-free","9":"first","10":"instock","11":"taxable","12":"shipping-taxable","13":"purchasable","14":"product-type-simple"},"_links":{"self":[{"href":"https:\/\/www.levupbox.com\/fr\/wp-json\/wp\/v2\/product\/1478","targetHints":{"allow":["GET"]}}],"collection":[{"href":"https:\/\/www.levupbox.com\/fr\/wp-json\/wp\/v2\/product"}],"about":[{"href":"https:\/\/www.levupbox.com\/fr\/wp-json\/wp\/v2\/types\/product"}],"replies":[{"embeddable":true,"href":"https:\/\/www.levupbox.com\/fr\/wp-json\/wp\/v2\/comments?post=1478"}],"wp:featuredmedia":[{"embeddable":true,"href":"https:\/\/www.levupbox.com\/fr\/wp-json\/wp\/v2\/media\/1480"}],"wp:attachment":[{"href":"https:\/\/www.levupbox.com\/fr\/wp-json\/wp\/v2\/media?parent=1478"}],"wp:term":[{"taxonomy":"product_brand","embeddable":true,"href":"https:\/\/www.levupbox.com\/fr\/wp-json\/wp\/v2\/product_brand?post=1478"},{"taxonomy":"product_cat","embeddable":true,"href":"https:\/\/www.levupbox.com\/fr\/wp-json\/wp\/v2\/product_cat?post=1478"},{"taxonomy":"product_tag","embeddable":true,"href":"https:\/\/www.levupbox.com\/fr\/wp-json\/wp\/v2\/product_tag?post=1478"}],"curies":[{"name":"wp","href":"https:\/\/api.w.org\/{rel}","templated":true}]}}