{"id":1469,"date":"2024-07-25T15:35:34","date_gmt":"2024-07-25T15:35:34","guid":{"rendered":"https:\/\/levupbox.com\/?post_type=product&#038;p=1469"},"modified":"2026-02-09T13:59:07","modified_gmt":"2026-02-09T13:59:07","slug":"free-420-glossy-black-doppia-apertura","status":"publish","type":"product","link":"https:\/\/www.levupbox.com\/fr\/produit\/free-420-glossy-black-doppia-apertura\/","title":{"rendered":"FREE 420 Noir Brillant double ouverture"},"content":{"rendered":"<p>DESCRIPTION:<br \/>\nLe juste milieu, FREE 420 est le mod\u00e8le qui se place en taille, \u00e0 mi-chemin dans la gamme de la ligne FREE tout en conservant d&#039;excellentes caract\u00e9ristiques techniques et design.<br \/>\nSa longueur de 1 630 mm le rend id\u00e9al pour les activit\u00e9s hivernales et sa largeur de 900 mm rend utilisable toute la surface du toit de votre voiture.<br \/>\nUne fois mont\u00e9, il ne cr\u00e9era aucun type de bruit ou de turbulence et gr\u00e2ce \u00e0 sa conception a\u00e9rodynamique, la consommation de carburant de votre voiture ne subira pas de variations particuli\u00e8res.<br \/>\nMat\u00e9riau ABS + PMMA, super r\u00e9sistant aux chocs et aux rayures avec protection UV ; Syst\u00e8me de verrouillage et d&#039;ouverture centralis\u00e9 \u00e0 2 points par goupilles m\u00e9talliques avec ressort contrast\u00e9 double action.<br \/>\nLivr\u00e9 enti\u00e8rement mont\u00e9, il se fixe aux barres via un raccord rapide adapt\u00e9 \u00e0 tout type de barre et de v\u00e9hicule (voiture, SUV, fourgon ou camping-car) sans aucun type d&#039;outil.<\/p>\n<p>Capacit\u00e9 maximale 75 kg\u00a0; Le FREE 420 test\u00e9 selon toutes les normes ISO PASS 11154 a \u00e9galement r\u00e9ussi le test City Crash, s&#039;imposant ainsi en t\u00eate de la cat\u00e9gorie.<\/p>\n<p>DONN\u00c9ES:<br \/>\nLongueur \u2013 162 cm<br \/>\nLargeur \u2013 88 cm<br \/>\nHauteur \u2013 40 cm<br \/>\nPoids net \u2013 14,00 kg<br \/>\nPoids brut \u2013 19,50 kg<br \/>\nCharge maximale \u2013 75,00 kg<br \/>\nMat\u00e9riau \u2013 ABS + PMMA<br \/>\nOuverture - Double, c\u00f4t\u00e9 droit+gauche<br \/>\nSerrure centralis\u00e9e \u2013 2 points<br \/>\nSangles de fixation \u2013 OUI<br \/>\nfixation - FIXATION RAPIDE, les barres sur lesquelles il peut \u00eatre mont\u00e9 varient d&#039;un minimum de 25x25mm \u00e0 une taille maximale de whisbar de 85x25mm avec profil d&#039;aile.<\/p>\n<p>le kit de fixation rapide comprend :<br \/>\n4 crochets rapides<br \/>\n2 sangles de fixation, 2,5 cm<br \/>\n**L&#039;article peut diff\u00e9rer l\u00e9g\u00e8rement des images pr\u00e9sent\u00e9es**<\/p>","protected":false},"excerpt":{"rendered":"<p>FREE 420 est le mod\u00e8le qui se situe \u00e0 mi-chemin dans la gamme de la ligne FREE en termes de taille, en conservant toujours d&#039;excellentes caract\u00e9ristiques techniques et design.<br \/>\nSa longueur de 1 630 mm le rend id\u00e9al pour les activit\u00e9s hivernales et sa largeur de 900 mm rend utilisable toute la surface du toit de votre voiture.<\/p>\n<p>420 LT<br \/>\nDouble ouverture DUOLIFT et syst\u00e8me de fixation rapide FREE Lock<\/p>","protected":false},"featured_media":1473,"comment_status":"closed","ping_status":"closed","template":"","meta":[],"product_brand":[],"product_cat":[15,52],"product_tag":[],"class_list":{"0":"post-1469","1":"product","2":"type-product","3":"status-publish","4":"has-post-thumbnail","6":"product_cat-box-da-tetto","7":"product_cat-linea-free","9":"first","10":"instock","11":"taxable","12":"shipping-taxable","13":"purchasable","14":"product-type-simple"},"_links":{"self":[{"href":"https:\/\/www.levupbox.com\/fr\/wp-json\/wp\/v2\/product\/1469","targetHints":{"allow":["GET"]}}],"collection":[{"href":"https:\/\/www.levupbox.com\/fr\/wp-json\/wp\/v2\/product"}],"about":[{"href":"https:\/\/www.levupbox.com\/fr\/wp-json\/wp\/v2\/types\/product"}],"replies":[{"embeddable":true,"href":"https:\/\/www.levupbox.com\/fr\/wp-json\/wp\/v2\/comments?post=1469"}],"wp:featuredmedia":[{"embeddable":true,"href":"https:\/\/www.levupbox.com\/fr\/wp-json\/wp\/v2\/media\/1473"}],"wp:attachment":[{"href":"https:\/\/www.levupbox.com\/fr\/wp-json\/wp\/v2\/media?parent=1469"}],"wp:term":[{"taxonomy":"product_brand","embeddable":true,"href":"https:\/\/www.levupbox.com\/fr\/wp-json\/wp\/v2\/product_brand?post=1469"},{"taxonomy":"product_cat","embeddable":true,"href":"https:\/\/www.levupbox.com\/fr\/wp-json\/wp\/v2\/product_cat?post=1469"},{"taxonomy":"product_tag","embeddable":true,"href":"https:\/\/www.levupbox.com\/fr\/wp-json\/wp\/v2\/product_tag?post=1469"}],"curies":[{"name":"wp","href":"https:\/\/api.w.org\/{rel}","templated":true}]}}