{"id":1370,"date":"2024-07-17T15:02:34","date_gmt":"2024-07-17T15:02:34","guid":{"rendered":"https:\/\/levupbox.com\/?post_type=product&#038;p=1370"},"modified":"2026-02-09T13:59:22","modified_gmt":"2026-02-09T13:59:22","slug":"space-630-silver","status":"publish","type":"product","link":"https:\/\/www.levupbox.com\/fr\/produit\/space-630-silver\/","title":{"rendered":"SPACE 630 Argent Poli"},"content":{"rendered":"<p>DESCRIPTION:<\/p>\n<p>Le concept de base du d\u00e9veloppement de la ligne SPACE est la rationalit\u00e9 et la polyvalence.<br \/>\nLes caract\u00e9ristiques techniques et la bonne conception restent un point fort constant.<br \/>\nUne fois mont\u00e9, il ne cr\u00e9era aucun type de bruit ou de turbulence et gr\u00e2ce \u00e0 sa conception a\u00e9rodynamique, la consommation de carburant de votre voiture ne subira pas de variations particuli\u00e8res. Mat\u00e9riau ABS + PMMA, r\u00e9sistant aux chocs et aux rayures avec protection UV ; Syst\u00e8me de verrouillage et d&#039;ouverture centralis\u00e9 \u00e0 3 points par goupilles m\u00e9talliques avec ressort contrast\u00e9 double action.<\/p>\n<p>Livr\u00e9 enti\u00e8rement mont\u00e9, il se fixe aux barres via un raccord rapide adapt\u00e9 \u00e0 tout type de barre et de v\u00e9hicule (voiture, SUV, fourgon ou camping-car) sans aucun type d&#039;outil.<br \/>\nCapacit\u00e9 maximale 75 kg\u00a0; test\u00e9 selon toutes les normes ISO PASS 11154, y compris le City Crash test.<br \/>\nDONN\u00c9ES:<br \/>\nLongueur \u2013 201 cm<br \/>\nLargeur \u2013 89 cm<br \/>\nHauteur \u2013 46 cm<br \/>\nPoids net \u2013 19,00 kg<br \/>\nPoids brut \u2013 27,00 kg<br \/>\nCharge maximale \u2013 75,00 kg<br \/>\nMat\u00e9riau \u2013 ABS + PMMA, super r\u00e9sistant aux chocs et aux rayures avec protection UV.<br \/>\nOuverture \u2013 Double, c\u00f4t\u00e9 droit+gauche<br \/>\nSerrure centralis\u00e9e \u2013 3 points<br \/>\nSangles de fixation \u2013 OUI, 2<\/p>\n<p>Fixation aux barres incluse - kit standard, qui peut \u00eatre fix\u00e9 sur des barres d&#039;une hauteur minimale de 18 mm et maximale de 35 mm. largeur maximale 90 mm<\/p>\n<p>&nbsp;<\/p>\n<p>Le kit de fixation comprend :<\/p>\n<p>4 boulons en U de 60 mm<\/p>\n<p>4 boulons en U de 90 mm<\/p>\n<p>8 boutons<\/p>\n<p>8 casquettes<\/p>\n<p>2 sangles autobloquantes de 2,5 m de long<\/p>\n<p>&nbsp;<\/p>\n<p>**L&#039;article peut diff\u00e9rer l\u00e9g\u00e8rement des images pr\u00e9sent\u00e9es**<\/p>","protected":false},"excerpt":{"rendered":"<p>Le concept de base du d\u00e9veloppement de la ligne SPACE est la rationalit\u00e9 et la polyvalence.<br \/>\nLes caract\u00e9ristiques techniques et la bonne conception restent un point fort constant.<\/p>\n<p>630 LT<br \/>\nKit universel adapt\u00e9 \u00e0 tout type de barre et de v\u00e9hicule<\/p>","protected":false},"featured_media":1526,"comment_status":"closed","ping_status":"closed","template":"","meta":[],"product_brand":[],"product_cat":[15,54],"product_tag":[],"class_list":{"0":"post-1370","1":"product","2":"type-product","3":"status-publish","4":"has-post-thumbnail","6":"product_cat-box-da-tetto","7":"product_cat-linea-space","9":"first","10":"instock","11":"taxable","12":"shipping-taxable","13":"purchasable","14":"product-type-simple"},"_links":{"self":[{"href":"https:\/\/www.levupbox.com\/fr\/wp-json\/wp\/v2\/product\/1370","targetHints":{"allow":["GET"]}}],"collection":[{"href":"https:\/\/www.levupbox.com\/fr\/wp-json\/wp\/v2\/product"}],"about":[{"href":"https:\/\/www.levupbox.com\/fr\/wp-json\/wp\/v2\/types\/product"}],"replies":[{"embeddable":true,"href":"https:\/\/www.levupbox.com\/fr\/wp-json\/wp\/v2\/comments?post=1370"}],"wp:featuredmedia":[{"embeddable":true,"href":"https:\/\/www.levupbox.com\/fr\/wp-json\/wp\/v2\/media\/1526"}],"wp:attachment":[{"href":"https:\/\/www.levupbox.com\/fr\/wp-json\/wp\/v2\/media?parent=1370"}],"wp:term":[{"taxonomy":"product_brand","embeddable":true,"href":"https:\/\/www.levupbox.com\/fr\/wp-json\/wp\/v2\/product_brand?post=1370"},{"taxonomy":"product_cat","embeddable":true,"href":"https:\/\/www.levupbox.com\/fr\/wp-json\/wp\/v2\/product_cat?post=1370"},{"taxonomy":"product_tag","embeddable":true,"href":"https:\/\/www.levupbox.com\/fr\/wp-json\/wp\/v2\/product_tag?post=1370"}],"curies":[{"name":"wp","href":"https:\/\/api.w.org\/{rel}","templated":true}]}}