{"id":3,"date":"2024-06-25T13:30:03","date_gmt":"2024-06-25T13:30:03","guid":{"rendered":"https:\/\/levupbox.com\/?page_id=3"},"modified":"2024-07-08T10:22:03","modified_gmt":"2024-07-08T10:22:03","slug":"privacy-policy","status":"publish","type":"page","link":"https:\/\/www.levupbox.com\/fr\/privacy-policy\/","title":{"rendered":"politique de confidentialit\u00e9"},"content":{"rendered":"<p><strong>INFORMATIONS SUR LE TRAITEMENT DES DONN\u00c9ES PERSONNELLES<\/strong><\/p>\n<p>Votre vie priv\u00e9e est tr\u00e8s importante pour FREE PLAST SRL et pour la prot\u00e9ger au mieux, nous mettons \u00e0 votre disposition ces notes dans lesquelles vous trouverez des informations sur le type d&#039;informations collect\u00e9es en ligne et sur les diff\u00e9rentes possibilit\u00e9s dont vous disposez pour intervenir dans la collecte et l&#039;utilisation de ces informations. informations sur le site. Ces informations sont \u00e9galement fournies conform\u00e9ment \u00e0 l&#039;article 13 du \u00ab R\u00e8glement europ\u00e9en 2016\/679 \u00bb (ci-apr\u00e8s \u00ab RGPD \u00bb) \u00e0 ceux qui interagissent avec les services Web de FREE PLAST SRL, accessibles par voie t\u00e9l\u00e9matique \u00e0 partir de l&#039;adresse : <a href=\"http:\/\/www.freeplast.com\/index.php\" target=\"_blank\" rel=\"noopener\">http:\/\/www.freeplast.com\/index.php<\/a> correspondant \u00e0 la page d&#039;accueil du site officiel de FREE PLAST SRL.<\/p>\n<p>Les informations sont fournies uniquement pour le site FREE PLAST SRL et non pour d&#039;autres sites Web qui peuvent \u00eatre consult\u00e9s par l&#039;utilisateur via des liens.<\/p>\n<p><b>Le responsable du traitement des donn\u00e9es<\/b><\/p>\n<p>Suite \u00e0 la consultation de ce site, des donn\u00e9es relatives \u00e0 des personnes identifi\u00e9es ou identifiables pourront \u00eatre trait\u00e9es. Le responsable du traitement des donn\u00e9es est FREE PLAST SRL | Via Faccini, 95 \u2013 Italie \u2013 E-mail <a href=\"mailto:amministrazione@freeplast.com\">amministrazione@freeplast.com<\/a>.<\/p>\n<p><b>Types de donn\u00e9es trait\u00e9es<\/b><\/p>\n<p>Les syst\u00e8mes informatiques et les proc\u00e9dures logicielles utilis\u00e9s pour faire fonctionner ce site Web acqui\u00e8rent, au cours de leur fonctionnement normal, certaines donn\u00e9es personnelles dont la transmission est implicite dans l&#039;utilisation des protocoles de communication Internet. Il s&#039;agit d&#039;informations qui ne sont pas collect\u00e9es pour \u00eatre associ\u00e9es \u00e0 des int\u00e9ress\u00e9s identifi\u00e9s, mais qui, de par leur nature m\u00eame, pourraient, par le biais de traitements et d&#039;associations avec des donn\u00e9es d\u00e9tenues par des tiers, permettre d&#039;identifier les utilisateurs. Cette cat\u00e9gorie de donn\u00e9es comprend les adresses IP ou noms de domaine des ordinateurs utilis\u00e9s par les utilisateurs qui se connectent au site, les adresses en notation URI (Uniform Resource Identifier) des ressources demand\u00e9es, l&#039;heure de la demande, la m\u00e9thode utilis\u00e9e dans soumission de la requ\u00eate au serveur, la taille du fichier obtenu en r\u00e9ponse, le code num\u00e9rique indiquant l&#039;\u00e9tat de la r\u00e9ponse donn\u00e9e par le serveur (r\u00e9ussite, erreur, etc.) et d&#039;autres param\u00e8tres relatifs au syst\u00e8me d&#039;exploitation et \u00e0 l&#039;environnement informatique de l&#039;utilisateur . Ces donn\u00e9es sont utilis\u00e9es dans le seul but d&#039;obtenir des informations statistiques anonymes sur l&#039;utilisation du site et de v\u00e9rifier son bon fonctionnement. Les donn\u00e9es ne pourraient \u00eatre utilis\u00e9es pour d\u00e9terminer les responsabilit\u00e9s en cas d&#039;hypoth\u00e9tiques d\u00e9lits informatiques contre le site qu&#039;\u00e0 la demande des organes de contr\u00f4le comp\u00e9tents.<\/p>\n<p>Les cookies ne sont pas utilis\u00e9s pour transmettre des informations \u00e0 caract\u00e8re personnel, ni les cookies dits persistants de quelque nature que ce soit, ni les syst\u00e8mes de suivi des utilisateurs. L&#039;utilisation de cookies dits de session (qui ne sont pas stock\u00e9s de mani\u00e8re permanente sur l&#039;ordinateur de l&#039;utilisateur et disparaissent \u00e0 la fermeture du navigateur) est strictement limit\u00e9e \u00e0 la transmission d&#039;identifiants de session (constitu\u00e9s de nombres al\u00e9atoires g\u00e9n\u00e9r\u00e9s par le serveur) n\u00e9cessaires pour permettre une exploration efficace du site. Les cookies dits de session utilis\u00e9s sur ce site \u00e9vitent l&#039;utilisation d&#039;autres techniques informatiques potentiellement pr\u00e9judiciables \u00e0 la confidentialit\u00e9 de la navigation des utilisateurs et ne permettent pas l&#039;acquisition de donn\u00e9es personnelles d&#039;identification de l&#039;utilisateur. Pour plus d&#039;informations, il existe une politique sp\u00e9cifique en mati\u00e8re de cookies.<\/p>\n<p><b>Transfert de donn\u00e9es \u00e0 l&#039;\u00e9tranger : Les donn\u00e9es collect\u00e9es ne font pas l&#039;objet d&#039;un transfert \u00e0 l&#039;\u00e9tranger.<\/b><\/p>\n<p>Dur\u00e9e de conservation : Les donn\u00e9es collect\u00e9es seront conserv\u00e9es pendant une dur\u00e9e n&#039;exc\u00e9dant pas la r\u00e9alisation des finalit\u00e9s pour lesquelles elles sont trait\u00e9es (\u00ab principe de limitation de conservation \u00bb, art.5 du RGPD) ou selon les d\u00e9lais fix\u00e9s par la loi. La v\u00e9rification de l&#039;obsolescence des donn\u00e9es stock\u00e9es au regard des finalit\u00e9s pour lesquelles elles ont \u00e9t\u00e9 collect\u00e9es est effectu\u00e9e p\u00e9riodiquement.<\/p>\n<h2>Droits des parties int\u00e9ress\u00e9es<\/h2>\n<p>L&#039;int\u00e9ress\u00e9 a toujours le droit de demander au Responsable du traitement l&#039;acc\u00e8s \u00e0 ses donn\u00e9es, la rectification ou l&#039;annulation de celles-ci, la limitation du traitement ou la possibilit\u00e9 de s&#039;opposer au traitement, de demander la portabilit\u00e9 des donn\u00e9es, de r\u00e9voquer le consentement au traitement en faisant valoir ces droits et d&#039;autres droits pr\u00e9vus par le RGPD par simple communication au responsable du traitement. L&#039;int\u00e9ress\u00e9 peut \u00e9galement d\u00e9poser une plainte aupr\u00e8s d&#039;une autorit\u00e9 de contr\u00f4le.<\/p>\n<p>Toute personne ayant des doutes quant au respect de la politique de protection de la vie priv\u00e9e adopt\u00e9e par FREE PLAST SRL, \u00e0 son application, \u00e0 l&#039;exactitude de vos donn\u00e9es personnelles ou \u00e0 l&#039;utilisation des informations collect\u00e9es peut nous contacter \u00e0 l&#039;adresse e-mail : <a href=\"mailto:amministrazione@freeplast.com.\">amministrazione@freeplast.com.<\/a><\/p>","protected":false},"excerpt":{"rendered":"<p>INFORMATIONS SUR LE TRAITEMENT DES DONN\u00c9ES PERSONNELLES Votre vie priv\u00e9e est tr\u00e8s importante pour FREE PLAST SRL et nous la prot\u00e9geons \u00e0 tout moment<\/p>","protected":false},"author":1,"featured_media":0,"parent":0,"menu_order":0,"comment_status":"closed","ping_status":"open","template":"","meta":{"footnotes":""},"class_list":["post-3","page","type-page","status-publish","hentry"],"_links":{"self":[{"href":"https:\/\/www.levupbox.com\/fr\/wp-json\/wp\/v2\/pages\/3","targetHints":{"allow":["GET"]}}],"collection":[{"href":"https:\/\/www.levupbox.com\/fr\/wp-json\/wp\/v2\/pages"}],"about":[{"href":"https:\/\/www.levupbox.com\/fr\/wp-json\/wp\/v2\/types\/page"}],"author":[{"embeddable":true,"href":"https:\/\/www.levupbox.com\/fr\/wp-json\/wp\/v2\/users\/1"}],"replies":[{"embeddable":true,"href":"https:\/\/www.levupbox.com\/fr\/wp-json\/wp\/v2\/comments?post=3"}],"version-history":[{"count":3,"href":"https:\/\/www.levupbox.com\/fr\/wp-json\/wp\/v2\/pages\/3\/revisions"}],"predecessor-version":[{"id":311,"href":"https:\/\/www.levupbox.com\/fr\/wp-json\/wp\/v2\/pages\/3\/revisions\/311"}],"wp:attachment":[{"href":"https:\/\/www.levupbox.com\/fr\/wp-json\/wp\/v2\/media?parent=3"}],"curies":[{"name":"wp","href":"https:\/\/api.w.org\/{rel}","templated":true}]}}