{"id":2332,"date":"2024-11-18T10:01:29","date_gmt":"2024-11-18T10:01:29","guid":{"rendered":"https:\/\/www.levupbox.com\/?page_id=2332"},"modified":"2025-02-20T10:12:42","modified_gmt":"2025-02-20T10:12:42","slug":"bauli-linea-cube","status":"publish","type":"page","link":"https:\/\/www.levupbox.com\/fr\/bauli-linea-cube\/","title":{"rendered":"Ligne CUBE"},"content":{"rendered":"<div class=\"wpb-content-wrapper\"><div class=\"vc_row wpb_row vc_row-fluid\"><div class=\"wpb_column vc_column_container vc_col-sm-12\"><div class=\"vc_column-inner\"><div class=\"wpb_wrapper\">\n\t<div class=\"wpb_text_column wpb_content_element\" >\n\t\t<div class=\"wpb_wrapper\">\n\t\t\t\t<div id=\"woo3dv-viewer\" style=\"max-width:1200px;max-height:500px;\">\r\n\t\t<div class=\"woo3dv-canvas-wrapper\">\r\n\t\t\t<canvas id=\"woo3dv-cv\" class=\"woo3dv-canvas woo3dv-canvas-borderless\" width=\"1200\" height=\"500\"><\/canvas>\r\n\t\t\t<div id=\"woo3dv-file-loading\">\r\n\t\t\t\t<img decoding=\"async\" alt=\"Loading file\" src=\"https:\/\/levupbox.com\/wp-content\/plugins\/woo-3d-viewer\/images\/ajax-loader.gif\">\r\n\t\t\t<\/div>\r\n\t\t<\/div>\r\n\r\n\t\t<\/div>\r\n\r\n\t<input type=\"hidden\" id=\"woo3dv_model_url\" value=\"\/\/www.levupbox.com\/wp-content\/uploads\/2025\/02\/newcube.glb\">\r\n\t<input type=\"hidden\" id=\"woo3dv_model_mtl\" value=\"\">\r\n\t<input type=\"hidden\" id=\"woo3dv_model_gif\" value=\"\">\r\n\r\n\r\n\t<input type=\"hidden\" id=\"woo3dv_upload_url\" value=\"\/\/www.levupbox.com\/wp-content\/uploads\/2025\/02\/\" \/>\r\n\t<input type=\"hidden\" id=\"woo3dv_model_color\" value=\"0xffffff\">\r\n\t<input type=\"hidden\" id=\"woo3dv_model_shininess\" value=\"plastic\">\r\n\t<input type=\"hidden\" id=\"woo3dv_model_transparency\" value=\"opaque\">\r\n\r\n\t<input type=\"hidden\" id=\"woo3dv_model_rotation_x\" value=\"0\">\r\n\t<input type=\"hidden\" id=\"woo3dv_model_rotation_y\" value=\"0\">\r\n\t<input type=\"hidden\" id=\"woo3dv_model_rotation_z\" value=\"0\">\r\n\r\n\t<input type=\"hidden\" id=\"woo3dv_show_light_source1\" value=\"off\">\r\n\t<input type=\"hidden\" id=\"woo3dv_show_light_source2\" value=\"on\">\r\n\t<input type=\"hidden\" id=\"woo3dv_show_light_source3\" value=\"off\">\r\n\t<input type=\"hidden\" id=\"woo3dv_show_light_source4\" value=\"off\">\r\n\t<input type=\"hidden\" id=\"woo3dv_show_light_source5\" value=\"off\">\r\n\t<input type=\"hidden\" id=\"woo3dv_show_light_source6\" value=\"on\">\r\n\t<input type=\"hidden\" id=\"woo3dv_show_light_source7\" value=\"off\">\r\n\t<input type=\"hidden\" id=\"woo3dv_show_light_source8\" value=\"off\">\r\n\t<input type=\"hidden\" id=\"woo3dv_show_light_source9\" value=\"off\">\r\n\r\n\r\n\r\n\t<input type=\"hidden\" id=\"woo3dv_camera_position_x\" value=\"-86.12417745954241\" \/>\r\n\t<input type=\"hidden\" id=\"woo3dv_camera_position_y\"  value=\"1.5430853232863817\" \/>\r\n\t<input type=\"hidden\" id=\"woo3dv_camera_position_z\"  value=\"-87.53290264697887\" \/>\r\n\t<input type=\"hidden\" id=\"woo3dv_camera_lookat_x\" value=\"0.7012922109888596\" \/>\r\n\t<input type=\"hidden\" id=\"woo3dv_camera_lookat_y\"  value=\"-0.012565039806856991\" \/>\r\n\t<input type=\"hidden\" id=\"woo3dv_camera_lookat_z\"  value=\"0.7127631826778155\" \/>\r\n\t<input type=\"hidden\" id=\"woo3dv_controls_target_x\" value=\"0\" \/>\r\n\t<input type=\"hidden\" id=\"woo3dv_controls_target_y\" value=\"-4.440892098500626e-16\" \/>\r\n\t<input type=\"hidden\" id=\"woo3dv_controls_target_z\" value=\"0\" \/>\r\n\t<input type=\"hidden\" id=\"woo3dv_offset_z\"  value=\"-5\" \/>\r\n\r\n\r\n\t<input type=\"hidden\" id=\"woo3dv_show_fog\"  value=\"0\" \/>\r\n\t<input type=\"hidden\" id=\"woo3dv_show_grid\"  value=\"off\" \/>\r\n\t<input type=\"hidden\" id=\"woo3dv_show_ground\"  value=\"off\" \/>\r\n\t<input type=\"hidden\" id=\"woo3dv_show_shadow\"  value=\"off\" \/>\r\n\t<input type=\"hidden\" id=\"woo3dv_background1\"  value=\"0xFFFFFF\" \/>\r\n\t<input type=\"hidden\" id=\"woo3dv_background_transparency\"  value=\"off\" \/>\r\n\t<input type=\"hidden\" id=\"woo3dv_ground_mirror\"  value=\"off\" \/>\r\n\t<input type=\"hidden\" id=\"woo3dv_fog_color\"  value=\"0xFFFFFF\" \/>\r\n\t<input type=\"hidden\" id=\"woo3dv_grid_color\"  value=\"0x898989\" \/>\r\n\t<input type=\"hidden\" id=\"woo3dv_ground_color\"  value=\"0xc1c1c1\" \/>\r\n\t<input type=\"hidden\" id=\"woo3dv_auto_rotation\"  value=\"on\" \/>\r\n\n\n\t\t<\/div>\n\t<\/div>\n<\/div><\/div><\/div><\/div><div class=\"vc_row wpb_row vc_row-fluid vc_custom_1628502265373 vc_row-o-content-middle vc_row-flex row-reverse-mobile wd-rs-6110f8f536054\"><div class=\"wpb_column vc_column_container vc_col-sm-12 vc_col-lg-6 vc_col-md-6 wd-rs-6110f8da6693f\"><div class=\"vc_column-inner vc_custom_1628502238403\"><div class=\"wpb_wrapper\">\n\t\t<div id=\"wd-673b05e0b5538\" class=\"title-wrapper wd-wpb wd-set-mb reset-last-child  wd-rs-673b05e0b5538 wd-title-color-default wd-title-style-default text-left vc_custom_1731921428358 wd-width-custom wd-underline-colored\">\n\t\t\t\n\t\t\t<div class=\"liner-continer\">\n\t\t\t\t<h4 class=\"woodmart-title-container title  wd-font-weight- wd-fontsize-l\" >Ligne CUBE<\/h4>\n\t\t\t\t\t\t\t<\/div>\n\t\t\t\n\t\t\t\n\t\t\t\n\t\t<\/div>\n\t\t\n\t\t\t\t<div id=\"wd-673b05f22a782\" class=\"wd-text-block wd-wpb reset-last-child wd-rs-673b05f22a782 text-left wd-fontsize-custom vc_custom_1731921459826\">\n\t\t\t<p>Des lignes marqu\u00e9es sur la face avant et sur les c\u00f4t\u00e9s pour souligner le c\u00f4t\u00e9 pratique et fonctionnel de la ligne CUBE.<\/p>\n<p>La qualit\u00e9 et la s\u00e9curit\u00e9 qui distinguent les produits LEVUP dans leur aspect concret. Disponible en 3 couleurs en relief.<br \/>\nMAT \/ NOIR GAUFR\u00c9 \/ GRIS GAUFR\u00c9 <\/p>\n\t\t<\/div>\n\t\t<div class=\"vc_empty_space\"   style=\"height: 20px\"><span class=\"vc_empty_space_inner\"><\/span><\/div><div id=\"wd-673b063a0e5c1\" class=\"wd-rs-673b063a0e5c1  wd-button-wrapper text-left\"><a href=\"https:\/\/www.levupbox.com\/fr\/categorie-produit\/box-da-tetto\/linea-cube\/\" title=\"Ligne gratuite\" class=\"btn btn-color-primary btn-style-round btn-shape-rectangle btn-size-default\">D\u00e9couvrez notre gamme CUBE<\/a><\/div><\/div><\/div><\/div><div class=\"wpb_column vc_column_container vc_col-sm-12 vc_col-lg-6 vc_col-md-6 wd-rs-6110f8bda2832\"><div class=\"vc_column-inner vc_custom_1628502229490\"><div class=\"wpb_wrapper\">\t\t<div id=\"wd-673b0f1bdba48\" data-parallax='{\"y\":\"-60\",\"smoothness\":\"30\"}' class=\"wd-image wd-wpb wd-rs-673b0f1bdba48 text-left vc_custom_1731923799462\">\n\t\t\t\n\t\t\t<img loading=\"lazy\" decoding=\"async\" width=\"1224\" height=\"1132\" src=\"https:\/\/www.levupbox.com\/wp-content\/uploads\/2024\/11\/linea-cube-levup-box-page.jpg\" class=\"attachment-full size-full\" alt=\"\" srcset=\"https:\/\/www.levupbox.com\/wp-content\/uploads\/2024\/11\/linea-cube-levup-box-page.jpg 1224w, https:\/\/www.levupbox.com\/wp-content\/uploads\/2024\/11\/linea-cube-levup-box-page-150x139.jpg 150w, https:\/\/www.levupbox.com\/wp-content\/uploads\/2024\/11\/linea-cube-levup-box-page-1200x1110.jpg 1200w, https:\/\/www.levupbox.com\/wp-content\/uploads\/2024\/11\/linea-cube-levup-box-page-300x277.jpg 300w, https:\/\/www.levupbox.com\/wp-content\/uploads\/2024\/11\/linea-cube-levup-box-page-1024x947.jpg 1024w, https:\/\/www.levupbox.com\/wp-content\/uploads\/2024\/11\/linea-cube-levup-box-page-768x710.jpg 768w, https:\/\/www.levupbox.com\/wp-content\/uploads\/2024\/11\/linea-cube-levup-box-page-13x12.jpg 13w\" sizes=\"auto, (max-width: 1224px) 100vw, 1224px\" \/>\n\t\t\t\t\t<\/div>\n\t\t<\/div><\/div><\/div><\/div><div class=\"vc_row wpb_row vc_row-fluid\"><div class=\"wpb_column vc_column_container vc_col-sm-12\"><div class=\"vc_column-inner\"><div class=\"wpb_wrapper\"><div class=\"vc_empty_space\"   style=\"height: 30px\"><span class=\"vc_empty_space_inner\"><\/span><\/div><\/div><\/div><\/div><\/div><div class=\"vc_row wpb_row vc_row-fluid vc_custom_1628502292628 vc_row-o-content-middle vc_row-flex wd-rs-6110f90f705e6\"><div class=\"wpb_column vc_column_container vc_col-sm-12 vc_col-lg-6 vc_col-md-6 wd-rs-6110f90021ab1\"><div class=\"vc_column-inner vc_custom_1628502280568\"><div class=\"wpb_wrapper\">\t\t<div id=\"wd-673b0f0b2d255\" data-parallax='{\"y\":\"-60\",\"smoothness\":\"30\"}' class=\"wd-image wd-wpb wd-rs-673b0f0b2d255 text-left vc_custom_1731923775156\">\n\t\t\t\n\t\t\t<img loading=\"lazy\" decoding=\"async\" width=\"1052\" height=\"1094\" src=\"https:\/\/www.levupbox.com\/wp-content\/uploads\/2024\/11\/linea-cube-levup-box-page2.jpg\" class=\"attachment-full size-full\" alt=\"\" srcset=\"https:\/\/www.levupbox.com\/wp-content\/uploads\/2024\/11\/linea-cube-levup-box-page2.jpg 1052w, https:\/\/www.levupbox.com\/wp-content\/uploads\/2024\/11\/linea-cube-levup-box-page2-150x156.jpg 150w, https:\/\/www.levupbox.com\/wp-content\/uploads\/2024\/11\/linea-cube-levup-box-page2-288x300.jpg 288w, https:\/\/www.levupbox.com\/wp-content\/uploads\/2024\/11\/linea-cube-levup-box-page2-985x1024.jpg 985w, https:\/\/www.levupbox.com\/wp-content\/uploads\/2024\/11\/linea-cube-levup-box-page2-768x799.jpg 768w, https:\/\/www.levupbox.com\/wp-content\/uploads\/2024\/11\/linea-cube-levup-box-page2-12x12.jpg 12w\" sizes=\"auto, (max-width: 1052px) 100vw, 1052px\" \/>\n\t\t\t\t\t<\/div>\n\t\t<\/div><\/div><\/div><div class=\"wpb_column vc_column_container vc_col-sm-12 vc_col-lg-6 vc_col-md-6 wd-rs-6110f90a70b69\"><div class=\"vc_column-inner vc_custom_1628502285636\"><div class=\"wpb_wrapper\">\n\t\t<div id=\"wd-673afe136f75f\" class=\"title-wrapper wd-wpb wd-set-mb reset-last-child  wd-rs-673afe136f75f wd-title-color-default wd-title-style-default text-left vc_custom_1731919428562 wd-width-custom wd-underline-colored\">\n\t\t\t\n\t\t\t<div class=\"liner-continer\">\n\t\t\t\t<h4 class=\"woodmart-title-container title  wd-font-weight- wd-fontsize-l\" >Fonctionnalit\u00e9<\/h4>\n\t\t\t\t\t\t\t<\/div>\n\t\t\t\n\t\t\t\n\t\t\t\n\t\t<\/div>\n\t\t\n\t\t\t\t<div id=\"wd-673df450e69d5\" class=\"wd-text-block wd-wpb reset-last-child wd-rs-673df450e69d5 text-left wd-fontsize-custom vc_custom_1732113533980\">\n\t\t\t<h4><strong>Essentiel, concept de fonctionnalit\u00e9 simple.<\/strong><\/h4>\n<p>Ses dimensions optimis\u00e9es divis\u00e9es en deux capacit\u00e9s pour un volume de 370 litres et 470 litres r\u00e9els et une capacit\u00e9 de 75 kg le rendent id\u00e9al pour tout type de voiture et d&#039;utilisation.<br \/>\nMat\u00e9riau ABS, r\u00e9sistant aux chocs et aux rayures. Fermeture simple sur 1\/2 points.<\/p>\n\t\t<\/div>\n\t\t<div class=\"vc_empty_space\"   style=\"height: 20px\"><span class=\"vc_empty_space_inner\"><\/span><\/div><div id=\"wd-673b0652e07bc\" class=\"wd-rs-673b0652e07bc  wd-button-wrapper text-left\"><a href=\"https:\/\/www.levupbox.com\/fr\/categorie-produit\/box-da-tetto\/linea-cube\/\" title=\"Ligne gratuite\" class=\"btn btn-color-primary btn-style-round btn-shape-rectangle btn-size-default\">D\u00e9couvrez notre gamme CUBE<\/a><\/div><\/div><\/div><\/div><\/div><div class=\"vc_row wpb_row vc_row-fluid vc_custom_1628589340793 wd-rs-61124d0cf276a\"><div class=\"wpb_column vc_column_container vc_col-sm-12\"><div class=\"vc_column-inner\"><div class=\"wpb_wrapper\">\n\t\t<div id=\"wd-673b066c773f9\" class=\"title-wrapper wd-wpb wd-set-mb reset-last-child  wd-rs-673b066c773f9 wd-title-color-default wd-title-style-default text-center  wd-width-custom wd-underline-bordered\">\n\t\t\t\n\t\t\t<div class=\"liner-continer\">\n\t\t\t\t<h4 class=\"woodmart-title-container title  wd-font-weight-300 wd-fontsize-l\" >D\u00e9couvrez les coffres de toit de <strong><u>Ligne CUBE<\/u><\/strong><\/h4>\n\t\t\t\t\t\t\t<\/div>\n\t\t\t\n\t\t\t\n\t\t\t\n\t\t<\/div>\n\t\t\n\t\t\t\t\t<div id=\"\" class=\"wd-products-element wd-rs-673b065f838ae wd-wpb\">\n\t\t\t\n\t\t\n\t\t\t\t\t<div class=\"products wd-products  grid-columns-4 elements-grid wd-grid-g\" data-paged=\"1\" data-atts=\"{&quot;taxonomies&quot;:&quot;53&quot;,&quot;items_per_page&quot;:&quot;4&quot;,&quot;product_hover&quot;:&quot;quick&quot;,&quot;sale_countdown&quot;:&quot;0&quot;,&quot;stretch_product_desktop&quot;:&quot;0&quot;,&quot;stretch_product_tablet&quot;:&quot;0&quot;,&quot;stretch_product_mobile&quot;:&quot;0&quot;,&quot;stock_progress_bar&quot;:&quot;0&quot;,&quot;highlighted_products&quot;:&quot;0&quot;,&quot;products_bordered_grid&quot;:&quot;0&quot;,&quot;products_with_background&quot;:&quot;0&quot;,&quot;products_shadow&quot;:&quot;0&quot;,&quot;product_quantity&quot;:&quot;0&quot;,&quot;woodmart_css_id&quot;:&quot;673b065f838ae&quot;,&quot;force_not_ajax&quot;:&quot;no&quot;}\" data-source=\"shortcode\" data-columns=\"4\" data-grid-gallery=\"\" style=\"--wd-col-lg:4;--wd-col-md:4;--wd-col-sm:2;--wd-gap-lg:20px;--wd-gap-sm:10px;\">\n\t\t\t<div class=\"wd-product wd-hover-quick wd-col product-grid-item product type-product post-299 status-publish instock product_cat-box-da-tetto product_cat-linea-cube has-post-thumbnail taxable shipping-taxable purchasable product-type-simple\" data-loop=\"1\" data-id=\"299\">\n\t\n\t\n<div class=\"product-wrapper\">\n\t<div class=\"product-element-top wd-quick-shop\">\n\t\t<a href=\"https:\/\/www.levupbox.com\/fr\/produit\/cube-370-classic-black\/\" class=\"product-image-link\" tabindex=\"-1\" aria-label=\"CUBE 370 Noir gaufr\u00e9\">\n\t\t\t<img loading=\"lazy\" decoding=\"async\" width=\"600\" height=\"338\" src=\"https:\/\/www.levupbox.com\/wp-content\/uploads\/2024\/07\/cube370-nero-levup-600x338.jpg\" class=\"attachment-woocommerce_thumbnail size-woocommerce_thumbnail\" alt=\"\" \/>\t\t<\/a>\n\n\t\t\t\t\t<div class=\"hover-img\">\n\t\t\t\t<img loading=\"lazy\" decoding=\"async\" width=\"600\" height=\"338\" src=\"https:\/\/www.levupbox.com\/wp-content\/uploads\/2024\/07\/Cube-370-classic-black-back-600x338.jpg\" class=\"attachment-woocommerce_thumbnail size-woocommerce_thumbnail\" alt=\"\" \/>\t\t\t<\/div>\n\t\t\t\t\t<div class=\"wd-buttons wd-pos-r-t\">\n\t\t\t\t\t\t\t\t\t\t\t<div class=\"quick-view wd-action-btn wd-style-icon wd-quick-view-icon\">\n\t\t\t<a\n\t\t\t\thref=\"https:\/\/www.levupbox.com\/fr\/produit\/cube-370-classic-black\/\"\n\t\t\t\tclass=\"open-quick-view quick-view-button\"\n\t\t\t\trel=\"nofollow\"\n\t\t\t\tdata-id=\"299\"\n\t\t\t\t>Aper\u00e7u rapide<\/a>\n\t\t<\/div>\n\t\t\t\t\t\t\t<\/div>\n\n\t\t\t\t\t<div class=\"wd-add-btn wd-add-btn-replace\">\n\t\t\t\t\n\t\t\t\t<a href=\"\/fr\/wp-json\/wp\/v2\/pages\/2332?add-to-cart=299\" aria-describedby=\"woocommerce_loop_add_to_cart_link_describedby_299\" data-quantity=\"1\" class=\"button product_type_simple add_to_cart_button ajax_add_to_cart add-to-cart-loop\" data-product_id=\"299\" data-product_sku=\"E000CCB370\" aria-label=\"Ajouter au panier : \u00ab CUBE 370 Noir Embossed \u00bb\" rel=\"nofollow\" data-success_message=\"\u00ab\u00a0CUBE 370 Nero Goffrato\u00a0\u00bb a \u00e9t\u00e9 ajout\u00e9 \u00e0 votre panier\" role=\"button\"><span>Ajouter au panier<\/span><\/a>\t<span id=\"woocommerce_loop_add_to_cart_link_describedby_299\" class=\"screen-reader-text\">\n\t\t\t<\/span>\n\t\t\t\t\t\t\t<\/div>\n\t\t\t<\/div>\n\t\t\t<h3 class=\"wd-entities-title\"><a href=\"https:\/\/www.levupbox.com\/fr\/produit\/cube-370-classic-black\/\">CUBE 370 Noir gaufr\u00e9<\/a><\/h3>\n\t\t\t<div class=\"wd-product-cats\">\n\t\t\t<a href=\"https:\/\/www.levupbox.com\/fr\/categorie-produit\/box-da-tetto\/\" rel=\"tag\">Levup<\/a>, <a href=\"https:\/\/www.levupbox.com\/fr\/categorie-produit\/box-da-tetto\/linea-cube\/\" rel=\"tag\">Ligne CUBE<\/a>\t\t<\/div>\n\t\t\t\t\n\t<span class=\"price\"><span class=\"wcpbc-price wcpbc-price-299\" data-product-id=\"299\"><span class=\"woocommerce-Price-amount amount\"><bdi><span class=\"woocommerce-Price-currencySymbol\">\u20ac<\/span>249,00<\/bdi><\/span><\/span><\/span>\n\n\t\n\t\n\t\t<\/div>\n<\/div>\n<div class=\"wd-product wd-hover-quick wd-col product-grid-item product type-product post-1023 status-publish instock product_cat-box-da-tetto product_cat-linea-cube has-post-thumbnail taxable shipping-taxable purchasable product-type-simple\" data-loop=\"2\" data-id=\"1023\">\n\t\n\t\n<div class=\"product-wrapper\">\n\t<div class=\"product-element-top wd-quick-shop\">\n\t\t<a href=\"https:\/\/www.levupbox.com\/fr\/produit\/cube-370-matt-black\/\" class=\"product-image-link\" tabindex=\"-1\" aria-label=\"CUBE 370 Noir Mat\">\n\t\t\t<img loading=\"lazy\" decoding=\"async\" width=\"600\" height=\"338\" src=\"https:\/\/www.levupbox.com\/wp-content\/uploads\/2024\/07\/cube370-nero-matt-levup-600x338.jpg\" class=\"attachment-woocommerce_thumbnail size-woocommerce_thumbnail\" alt=\"\" \/>\t\t<\/a>\n\n\t\t\t\t\t<div class=\"hover-img\">\n\t\t\t\t<img loading=\"lazy\" decoding=\"async\" width=\"600\" height=\"338\" src=\"https:\/\/www.levupbox.com\/wp-content\/uploads\/2024\/07\/Cube-370-MATT-black-back-600x338.jpg\" class=\"attachment-woocommerce_thumbnail size-woocommerce_thumbnail\" alt=\"\" \/>\t\t\t<\/div>\n\t\t\t\t\t<div class=\"wd-buttons wd-pos-r-t\">\n\t\t\t\t\t\t\t\t\t\t\t<div class=\"quick-view wd-action-btn wd-style-icon wd-quick-view-icon\">\n\t\t\t<a\n\t\t\t\thref=\"https:\/\/www.levupbox.com\/fr\/produit\/cube-370-matt-black\/\"\n\t\t\t\tclass=\"open-quick-view quick-view-button\"\n\t\t\t\trel=\"nofollow\"\n\t\t\t\tdata-id=\"1023\"\n\t\t\t\t>Aper\u00e7u rapide<\/a>\n\t\t<\/div>\n\t\t\t\t\t\t\t<\/div>\n\n\t\t\t\t\t<div class=\"wd-add-btn wd-add-btn-replace\">\n\t\t\t\t\n\t\t\t\t<a href=\"\/fr\/wp-json\/wp\/v2\/pages\/2332?add-to-cart=1023\" aria-describedby=\"woocommerce_loop_add_to_cart_link_describedby_1023\" data-quantity=\"1\" class=\"button product_type_simple add_to_cart_button ajax_add_to_cart add-to-cart-loop\" data-product_id=\"1023\" data-product_sku=\"W000CMB370\" aria-label=\"Ajouter au panier : \u201c CUBE 370 Noir mat \u201d\" rel=\"nofollow\" data-success_message=\"\u00ab\u00a0CUBE 370 Nero Matt\u00a0\u00bb a \u00e9t\u00e9 ajout\u00e9 \u00e0 votre panier\" role=\"button\"><span>Ajouter au panier<\/span><\/a>\t<span id=\"woocommerce_loop_add_to_cart_link_describedby_1023\" class=\"screen-reader-text\">\n\t\t\t<\/span>\n\t\t\t\t\t\t\t<\/div>\n\t\t\t<\/div>\n\t\t\t<h3 class=\"wd-entities-title\"><a href=\"https:\/\/www.levupbox.com\/fr\/produit\/cube-370-matt-black\/\">CUBE 370 Noir Mat<\/a><\/h3>\n\t\t\t<div class=\"wd-product-cats\">\n\t\t\t<a href=\"https:\/\/www.levupbox.com\/fr\/categorie-produit\/box-da-tetto\/\" rel=\"tag\">Levup<\/a>, <a href=\"https:\/\/www.levupbox.com\/fr\/categorie-produit\/box-da-tetto\/linea-cube\/\" rel=\"tag\">Ligne CUBE<\/a>\t\t<\/div>\n\t\t\t\t\n\t<span class=\"price\"><span class=\"wcpbc-price wcpbc-price-1023\" data-product-id=\"1023\"><span class=\"woocommerce-Price-amount amount\"><bdi><span class=\"woocommerce-Price-currencySymbol\">\u20ac<\/span>249,00<\/bdi><\/span><\/span><\/span>\n\n\t\n\t\n\t\t<\/div>\n<\/div>\n<div class=\"wd-product wd-hover-quick wd-col product-grid-item product type-product post-301 status-publish last instock product_cat-box-da-tetto product_cat-linea-cube has-post-thumbnail taxable shipping-taxable purchasable product-type-simple\" data-loop=\"3\" data-id=\"301\">\n\t\n\t\n<div class=\"product-wrapper\">\n\t<div class=\"product-element-top wd-quick-shop\">\n\t\t<a href=\"https:\/\/www.levupbox.com\/fr\/produit\/box-cube-470-nero-goffrato-470-lt\/\" class=\"product-image-link\" tabindex=\"-1\" aria-label=\"CUBE 470 Noir gaufr\u00e9\">\n\t\t\t<img loading=\"lazy\" decoding=\"async\" width=\"600\" height=\"338\" src=\"https:\/\/www.levupbox.com\/wp-content\/uploads\/2024\/07\/cube470-nero-levup-600x338.jpg\" class=\"attachment-woocommerce_thumbnail size-woocommerce_thumbnail\" alt=\"\" \/>\t\t<\/a>\n\n\t\t\t\t\t<div class=\"hover-img\">\n\t\t\t\t<img loading=\"lazy\" decoding=\"async\" width=\"600\" height=\"338\" src=\"https:\/\/www.levupbox.com\/wp-content\/uploads\/2024\/07\/Cube-470-classic-black-back-600x338.jpg\" class=\"attachment-woocommerce_thumbnail size-woocommerce_thumbnail\" alt=\"\" \/>\t\t\t<\/div>\n\t\t\t\t\t<div class=\"wd-buttons wd-pos-r-t\">\n\t\t\t\t\t\t\t\t\t\t\t<div class=\"quick-view wd-action-btn wd-style-icon wd-quick-view-icon\">\n\t\t\t<a\n\t\t\t\thref=\"https:\/\/www.levupbox.com\/fr\/produit\/box-cube-470-nero-goffrato-470-lt\/\"\n\t\t\t\tclass=\"open-quick-view quick-view-button\"\n\t\t\t\trel=\"nofollow\"\n\t\t\t\tdata-id=\"301\"\n\t\t\t\t>Aper\u00e7u rapide<\/a>\n\t\t<\/div>\n\t\t\t\t\t\t\t<\/div>\n\n\t\t\t\t\t<div class=\"wd-add-btn wd-add-btn-replace\">\n\t\t\t\t\n\t\t\t\t<a href=\"\/fr\/wp-json\/wp\/v2\/pages\/2332?add-to-cart=301\" aria-describedby=\"woocommerce_loop_add_to_cart_link_describedby_301\" data-quantity=\"1\" class=\"button product_type_simple add_to_cart_button ajax_add_to_cart add-to-cart-loop\" data-product_id=\"301\" data-product_sku=\"W000CCB470\" aria-label=\"Ajouter au panier : \u00ab CUBE 470 Noir Embossed \u00bb\" rel=\"nofollow\" data-success_message=\"\u00ab\u00a0CUBE 470 Nero Goffrato\u00a0\u00bb a \u00e9t\u00e9 ajout\u00e9 \u00e0 votre panier\" role=\"button\"><span>Ajouter au panier<\/span><\/a>\t<span id=\"woocommerce_loop_add_to_cart_link_describedby_301\" class=\"screen-reader-text\">\n\t\t\t<\/span>\n\t\t\t\t\t\t\t<\/div>\n\t\t\t<\/div>\n\t\t\t<h3 class=\"wd-entities-title\"><a href=\"https:\/\/www.levupbox.com\/fr\/produit\/box-cube-470-nero-goffrato-470-lt\/\">CUBE 470 Noir gaufr\u00e9<\/a><\/h3>\n\t\t\t<div class=\"wd-product-cats\">\n\t\t\t<a href=\"https:\/\/www.levupbox.com\/fr\/categorie-produit\/box-da-tetto\/\" rel=\"tag\">Levup<\/a>, <a href=\"https:\/\/www.levupbox.com\/fr\/categorie-produit\/box-da-tetto\/linea-cube\/\" rel=\"tag\">Ligne CUBE<\/a>\t\t<\/div>\n\t\t\t\t\n\t<span class=\"price\"><span class=\"wcpbc-price wcpbc-price-301\" data-product-id=\"301\"><span class=\"woocommerce-Price-amount amount\"><bdi><span class=\"woocommerce-Price-currencySymbol\">\u20ac<\/span>339,00<\/bdi><\/span><\/span><\/span>\n\n\t\n\t\n\t\t<\/div>\n<\/div>\n<div class=\"wd-product wd-hover-quick wd-col product-grid-item product type-product post-1065 status-publish first instock product_cat-box-da-tetto product_cat-linea-cube has-post-thumbnail taxable shipping-taxable purchasable product-type-simple\" data-loop=\"4\" data-id=\"1065\">\n\t\n\t\n<div class=\"product-wrapper\">\n\t<div class=\"product-element-top wd-quick-shop\">\n\t\t<a href=\"https:\/\/www.levupbox.com\/fr\/produit\/cube-470-matt-black\/\" class=\"product-image-link\" tabindex=\"-1\" aria-label=\"CUBE 470 Noir Mat\">\n\t\t\t<img loading=\"lazy\" decoding=\"async\" width=\"600\" height=\"338\" src=\"https:\/\/www.levupbox.com\/wp-content\/uploads\/2024\/07\/cube470-nero-matt-levup-600x338.jpg\" class=\"attachment-woocommerce_thumbnail size-woocommerce_thumbnail\" alt=\"\" \/>\t\t<\/a>\n\n\t\t\t\t\t<div class=\"hover-img\">\n\t\t\t\t<img loading=\"lazy\" decoding=\"async\" width=\"600\" height=\"338\" src=\"https:\/\/www.levupbox.com\/wp-content\/uploads\/2024\/07\/Cube-470-Matt-black-24-back-600x338.jpg\" class=\"attachment-woocommerce_thumbnail size-woocommerce_thumbnail\" alt=\"\" \/>\t\t\t<\/div>\n\t\t\t\t\t<div class=\"wd-buttons wd-pos-r-t\">\n\t\t\t\t\t\t\t\t\t\t\t<div class=\"quick-view wd-action-btn wd-style-icon wd-quick-view-icon\">\n\t\t\t<a\n\t\t\t\thref=\"https:\/\/www.levupbox.com\/fr\/produit\/cube-470-matt-black\/\"\n\t\t\t\tclass=\"open-quick-view quick-view-button\"\n\t\t\t\trel=\"nofollow\"\n\t\t\t\tdata-id=\"1065\"\n\t\t\t\t>Aper\u00e7u rapide<\/a>\n\t\t<\/div>\n\t\t\t\t\t\t\t<\/div>\n\n\t\t\t\t\t<div class=\"wd-add-btn wd-add-btn-replace\">\n\t\t\t\t\n\t\t\t\t<a href=\"\/fr\/wp-json\/wp\/v2\/pages\/2332?add-to-cart=1065\" aria-describedby=\"woocommerce_loop_add_to_cart_link_describedby_1065\" data-quantity=\"1\" class=\"button product_type_simple add_to_cart_button ajax_add_to_cart add-to-cart-loop\" data-product_id=\"1065\" data-product_sku=\"W000SMB470\" aria-label=\"Ajouter au panier : \u00ab CUBE 470 Noir Mat \u00bb\" rel=\"nofollow\" data-success_message=\"\u00ab\u00a0CUBE 470 Nero Matt\u00a0\u00bb a \u00e9t\u00e9 ajout\u00e9 \u00e0 votre panier\" role=\"button\"><span>Ajouter au panier<\/span><\/a>\t<span id=\"woocommerce_loop_add_to_cart_link_describedby_1065\" class=\"screen-reader-text\">\n\t\t\t<\/span>\n\t\t\t\t\t\t\t<\/div>\n\t\t\t<\/div>\n\t\t\t<h3 class=\"wd-entities-title\"><a href=\"https:\/\/www.levupbox.com\/fr\/produit\/cube-470-matt-black\/\">CUBE 470 Noir Mat<\/a><\/h3>\n\t\t\t<div class=\"wd-product-cats\">\n\t\t\t<a href=\"https:\/\/www.levupbox.com\/fr\/categorie-produit\/box-da-tetto\/\" rel=\"tag\">Levup<\/a>, <a href=\"https:\/\/www.levupbox.com\/fr\/categorie-produit\/box-da-tetto\/linea-cube\/\" rel=\"tag\">Ligne CUBE<\/a>\t\t<\/div>\n\t\t\t\t\n\t<span class=\"price\"><span class=\"wcpbc-price wcpbc-price-1065\" data-product-id=\"1065\"><span class=\"woocommerce-Price-amount amount\"><bdi><span class=\"woocommerce-Price-currencySymbol\">\u20ac<\/span>339,00<\/bdi><\/span><\/span><\/span>\n\n\t\n\t\n\t\t<\/div>\n<\/div>\n\t\t\t<\/div>\n\t\t\t<\/div><\/div><\/div><\/div><\/div>\n<\/div>","protected":false},"excerpt":{"rendered":"Praticit\u00e0 e funzionalit\u00e0 in ogni condizione, punto di partenza dal quale nasce CUBE 470. Un baule da tetto che, mantenendo","protected":false},"author":3,"featured_media":0,"parent":0,"menu_order":0,"comment_status":"closed","ping_status":"closed","template":"","meta":{"footnotes":""},"class_list":["post-2332","page","type-page","status-publish","hentry"],"_links":{"self":[{"href":"https:\/\/www.levupbox.com\/fr\/wp-json\/wp\/v2\/pages\/2332","targetHints":{"allow":["GET"]}}],"collection":[{"href":"https:\/\/www.levupbox.com\/fr\/wp-json\/wp\/v2\/pages"}],"about":[{"href":"https:\/\/www.levupbox.com\/fr\/wp-json\/wp\/v2\/types\/page"}],"author":[{"embeddable":true,"href":"https:\/\/www.levupbox.com\/fr\/wp-json\/wp\/v2\/users\/3"}],"replies":[{"embeddable":true,"href":"https:\/\/www.levupbox.com\/fr\/wp-json\/wp\/v2\/comments?post=2332"}],"version-history":[{"count":14,"href":"https:\/\/www.levupbox.com\/fr\/wp-json\/wp\/v2\/pages\/2332\/revisions"}],"predecessor-version":[{"id":2564,"href":"https:\/\/www.levupbox.com\/fr\/wp-json\/wp\/v2\/pages\/2332\/revisions\/2564"}],"wp:attachment":[{"href":"https:\/\/www.levupbox.com\/fr\/wp-json\/wp\/v2\/media?parent=2332"}],"curies":[{"name":"wp","href":"https:\/\/api.w.org\/{rel}","templated":true}]}}