{"id":2316,"date":"2024-11-18T09:13:04","date_gmt":"2024-11-18T09:13:04","guid":{"rendered":"https:\/\/www.levupbox.com\/?page_id=2316"},"modified":"2025-02-20T10:13:28","modified_gmt":"2025-02-20T10:13:28","slug":"bauli-linea-free","status":"publish","type":"page","link":"https:\/\/www.levupbox.com\/fr\/bauli-linea-free\/","title":{"rendered":"Ligne gratuite"},"content":{"rendered":"<div class=\"wpb-content-wrapper\"><div class=\"vc_row wpb_row vc_row-fluid\"><div class=\"wpb_column vc_column_container vc_col-sm-12\"><div class=\"vc_column-inner\"><div class=\"wpb_wrapper\">\n\t<div class=\"wpb_text_column wpb_content_element\" >\n\t\t<div class=\"wpb_wrapper\">\n\t\t\t\t<div id=\"woo3dv-viewer\" style=\"max-width:1200px;max-height:500px;\">\r\n\t\t<div class=\"woo3dv-canvas-wrapper\">\r\n\t\t\t<canvas id=\"woo3dv-cv\" class=\"woo3dv-canvas woo3dv-canvas-borderless\" width=\"1200\" height=\"500\"><\/canvas>\r\n\t\t\t<div id=\"woo3dv-file-loading\">\r\n\t\t\t\t<img decoding=\"async\" alt=\"Loading file\" src=\"https:\/\/levupbox.com\/wp-content\/plugins\/woo-3d-viewer\/images\/ajax-loader.gif\">\r\n\t\t\t<\/div>\r\n\t\t<\/div>\r\n\r\n\t\t<\/div>\r\n\r\n\t<input type=\"hidden\" id=\"woo3dv_model_url\" value=\"\/\/www.levupbox.com\/wp-content\/uploads\/2025\/02\/480FREEWhite.glb\">\r\n\t<input type=\"hidden\" id=\"woo3dv_model_mtl\" value=\"\">\r\n\t<input type=\"hidden\" id=\"woo3dv_model_gif\" value=\"\">\r\n\r\n\r\n\t<input type=\"hidden\" id=\"woo3dv_upload_url\" value=\"\/\/www.levupbox.com\/wp-content\/uploads\/2025\/02\/\" \/>\r\n\t<input type=\"hidden\" id=\"woo3dv_model_color\" value=\"0xffffff\">\r\n\t<input type=\"hidden\" id=\"woo3dv_model_shininess\" value=\"plastic\">\r\n\t<input type=\"hidden\" id=\"woo3dv_model_transparency\" value=\"opaque\">\r\n\r\n\t<input type=\"hidden\" id=\"woo3dv_model_rotation_x\" value=\"0\">\r\n\t<input type=\"hidden\" id=\"woo3dv_model_rotation_y\" value=\"0\">\r\n\t<input type=\"hidden\" id=\"woo3dv_model_rotation_z\" value=\"0\">\r\n\r\n\t<input type=\"hidden\" id=\"woo3dv_show_light_source1\" value=\"off\">\r\n\t<input type=\"hidden\" id=\"woo3dv_show_light_source2\" value=\"on\">\r\n\t<input type=\"hidden\" id=\"woo3dv_show_light_source3\" value=\"off\">\r\n\t<input type=\"hidden\" id=\"woo3dv_show_light_source4\" value=\"off\">\r\n\t<input type=\"hidden\" id=\"woo3dv_show_light_source5\" value=\"off\">\r\n\t<input type=\"hidden\" id=\"woo3dv_show_light_source6\" value=\"on\">\r\n\t<input type=\"hidden\" id=\"woo3dv_show_light_source7\" value=\"off\">\r\n\t<input type=\"hidden\" id=\"woo3dv_show_light_source8\" value=\"off\">\r\n\t<input type=\"hidden\" id=\"woo3dv_show_light_source9\" value=\"off\">\r\n\r\n\r\n\r\n\t<input type=\"hidden\" id=\"woo3dv_camera_position_x\" value=\"3008.4817872010535\" \/>\r\n\t<input type=\"hidden\" id=\"woo3dv_camera_position_y\"  value=\"55.07562932430719\" \/>\r\n\t<input type=\"hidden\" id=\"woo3dv_camera_position_z\"  value=\"1416.912218174865\" \/>\r\n\t<input type=\"hidden\" id=\"woo3dv_camera_lookat_x\" value=\"-0.9045606697053107\" \/>\r\n\t<input type=\"hidden\" id=\"woo3dv_camera_lookat_y\"  value=\"-0.016559597720678297\" \/>\r\n\t<input type=\"hidden\" id=\"woo3dv_camera_lookat_z\"  value=\"-0.426023208928351\" \/>\r\n\t<input type=\"hidden\" id=\"woo3dv_controls_target_x\" value=\"2.842170943040401e-14\" \/>\r\n\t<input type=\"hidden\" id=\"woo3dv_controls_target_y\" value=\"1.4210854715202004e-14\" \/>\r\n\t<input type=\"hidden\" id=\"woo3dv_controls_target_z\" value=\"0\" \/>\r\n\t<input type=\"hidden\" id=\"woo3dv_offset_z\"  value=\"0.00001\" \/>\r\n\r\n\r\n\t<input type=\"hidden\" id=\"woo3dv_show_fog\"  value=\"0\" \/>\r\n\t<input type=\"hidden\" id=\"woo3dv_show_grid\"  value=\"off\" \/>\r\n\t<input type=\"hidden\" id=\"woo3dv_show_ground\"  value=\"off\" \/>\r\n\t<input type=\"hidden\" id=\"woo3dv_show_shadow\"  value=\"off\" \/>\r\n\t<input type=\"hidden\" id=\"woo3dv_background1\"  value=\"0xFFFFFF\" \/>\r\n\t<input type=\"hidden\" id=\"woo3dv_background_transparency\"  value=\"off\" \/>\r\n\t<input type=\"hidden\" id=\"woo3dv_ground_mirror\"  value=\"off\" \/>\r\n\t<input type=\"hidden\" id=\"woo3dv_fog_color\"  value=\"0xFFFFFF\" \/>\r\n\t<input type=\"hidden\" id=\"woo3dv_grid_color\"  value=\"0x898989\" \/>\r\n\t<input type=\"hidden\" id=\"woo3dv_ground_color\"  value=\"0xc1c1c1\" \/>\r\n\t<input type=\"hidden\" id=\"woo3dv_auto_rotation\"  value=\"on\" \/>\r\n\n\n\t\t<\/div>\n\t<\/div>\n<\/div><\/div><\/div><\/div><div class=\"vc_row wpb_row vc_row-fluid vc_custom_1628502265373 vc_row-o-content-middle vc_row-flex row-reverse-mobile wd-rs-6110f8f536054\"><div class=\"wpb_column vc_column_container vc_col-sm-12 vc_col-lg-6 vc_col-md-6 wd-rs-6110f8da6693f\"><div class=\"vc_column-inner vc_custom_1628502238403\"><div class=\"wpb_wrapper\">\n\t\t<div id=\"wd-673afc14a5b25\" class=\"title-wrapper wd-wpb wd-set-mb reset-last-child  wd-rs-673afc14a5b25 wd-title-color-default wd-title-style-default text-left vc_custom_1731918916789 wd-width-custom wd-underline-colored\">\n\t\t\t\n\t\t\t<div class=\"liner-continer\">\n\t\t\t\t<h4 class=\"woodmart-title-container title  wd-font-weight- wd-fontsize-l\" >Ligne gratuite<\/h4>\n\t\t\t\t\t\t\t<\/div>\n\t\t\t\n\t\t\t\n\t\t\t\n\t\t<\/div>\n\t\t\n\t\t\t\t<div id=\"wd-673b01b898684\" class=\"wd-text-block wd-wpb reset-last-child wd-rs-673b01b898684 text-left wd-fontsize-custom vc_custom_1731920353984\">\n\t\t\t<p>Une base robuste entoure les barres de toit, tandis que des lignes douces et effil\u00e9es ajoutent du caract\u00e8re au haut du coffre.<\/p>\n<p>A\u00e9rodynamisme et design pour \u00e9liminer tout bruissement avec une livr\u00e9e disponible en 2 coloris brillants : GLOSS BLACK \/ WHITE.<\/p>\n\t\t<\/div>\n\t\t<div class=\"vc_empty_space\"   style=\"height: 20px\"><span class=\"vc_empty_space_inner\"><\/span><\/div><div id=\"wd-673afdd1f11b1\" class=\"wd-rs-673afdd1f11b1  wd-button-wrapper text-left\"><a href=\"https:\/\/www.levupbox.com\/fr\/categorie-produit\/box-da-tetto\/linea-free\/\" title=\"Ligne gratuite\" class=\"btn btn-color-primary btn-style-round btn-shape-rectangle btn-size-default\">D\u00e9couvrez notre ligne GRATUITE<\/a><\/div><\/div><\/div><\/div><div class=\"wpb_column vc_column_container vc_col-sm-12 vc_col-lg-6 vc_col-md-6 wd-rs-6110f8bda2832\"><div class=\"vc_column-inner vc_custom_1628502229490\"><div class=\"wpb_wrapper\">\t\t<div id=\"wd-673aff658e6cc\" data-parallax='{\"y\":\"-60\",\"smoothness\":\"30\"}' class=\"wd-image wd-wpb wd-rs-673aff658e6cc text-left vc_custom_1731920320283\">\n\t\t\t\n\t\t\t<img loading=\"lazy\" decoding=\"async\" width=\"1224\" height=\"1132\" src=\"https:\/\/www.levupbox.com\/wp-content\/uploads\/2024\/11\/linea-free-levup-box-page.jpg\" class=\"attachment-full size-full\" alt=\"\" srcset=\"https:\/\/www.levupbox.com\/wp-content\/uploads\/2024\/11\/linea-free-levup-box-page.jpg 1224w, https:\/\/www.levupbox.com\/wp-content\/uploads\/2024\/11\/linea-free-levup-box-page-150x139.jpg 150w, https:\/\/www.levupbox.com\/wp-content\/uploads\/2024\/11\/linea-free-levup-box-page-1200x1110.jpg 1200w, https:\/\/www.levupbox.com\/wp-content\/uploads\/2024\/11\/linea-free-levup-box-page-300x277.jpg 300w, https:\/\/www.levupbox.com\/wp-content\/uploads\/2024\/11\/linea-free-levup-box-page-1024x947.jpg 1024w, https:\/\/www.levupbox.com\/wp-content\/uploads\/2024\/11\/linea-free-levup-box-page-768x710.jpg 768w, https:\/\/www.levupbox.com\/wp-content\/uploads\/2024\/11\/linea-free-levup-box-page-13x12.jpg 13w\" sizes=\"auto, (max-width: 1224px) 100vw, 1224px\" \/>\n\t\t\t\t\t<\/div>\n\t\t<\/div><\/div><\/div><\/div><div class=\"vc_row wpb_row vc_row-fluid\"><div class=\"wpb_column vc_column_container vc_col-sm-12\"><div class=\"vc_column-inner\"><div class=\"wpb_wrapper\"><div class=\"vc_empty_space\"   style=\"height: 30px\"><span class=\"vc_empty_space_inner\"><\/span><\/div><\/div><\/div><\/div><\/div><div class=\"vc_row wpb_row vc_row-fluid vc_custom_1628502292628 vc_row-o-content-middle vc_row-flex wd-rs-6110f90f705e6\"><div class=\"wpb_column vc_column_container vc_col-sm-12 vc_col-lg-6 vc_col-md-6 wd-rs-6110f90021ab1\"><div class=\"vc_column-inner vc_custom_1628502280568\"><div class=\"wpb_wrapper\">\t\t<div id=\"wd-673b01cb4350d\" data-parallax='{\"y\":\"-60\",\"smoothness\":\"30\"}' class=\"wd-image wd-wpb wd-rs-673b01cb4350d text-left vc_custom_1731921131689\">\n\t\t\t\n\t\t\t<img loading=\"lazy\" decoding=\"async\" width=\"1052\" height=\"1094\" src=\"https:\/\/www.levupbox.com\/wp-content\/uploads\/2024\/11\/linea-free-levup-box-page2.jpg\" class=\"attachment-full size-full\" alt=\"\" srcset=\"https:\/\/www.levupbox.com\/wp-content\/uploads\/2024\/11\/linea-free-levup-box-page2.jpg 1052w, https:\/\/www.levupbox.com\/wp-content\/uploads\/2024\/11\/linea-free-levup-box-page2-150x156.jpg 150w, https:\/\/www.levupbox.com\/wp-content\/uploads\/2024\/11\/linea-free-levup-box-page2-288x300.jpg 288w, https:\/\/www.levupbox.com\/wp-content\/uploads\/2024\/11\/linea-free-levup-box-page2-985x1024.jpg 985w, https:\/\/www.levupbox.com\/wp-content\/uploads\/2024\/11\/linea-free-levup-box-page2-768x799.jpg 768w, https:\/\/www.levupbox.com\/wp-content\/uploads\/2024\/11\/linea-free-levup-box-page2-12x12.jpg 12w\" sizes=\"auto, (max-width: 1052px) 100vw, 1052px\" \/>\n\t\t\t\t\t<\/div>\n\t\t<\/div><\/div><\/div><div class=\"wpb_column vc_column_container vc_col-sm-12 vc_col-lg-6 vc_col-md-6 wd-rs-6110f90a70b69\"><div class=\"vc_column-inner vc_custom_1628502285636\"><div class=\"wpb_wrapper\">\n\t\t<div id=\"wd-673afe136f75f\" class=\"title-wrapper wd-wpb wd-set-mb reset-last-child  wd-rs-673afe136f75f wd-title-color-default wd-title-style-default text-left vc_custom_1731919428562 wd-width-custom wd-underline-colored\">\n\t\t\t\n\t\t\t<div class=\"liner-continer\">\n\t\t\t\t<h4 class=\"woodmart-title-container title  wd-font-weight- wd-fontsize-l\" >Fonctionnalit\u00e9<\/h4>\n\t\t\t\t\t\t\t<\/div>\n\t\t\t\n\t\t\t\n\t\t\t\n\t\t<\/div>\n\t\t\n\t\t\t\t<div id=\"wd-673afe20af498\" class=\"wd-text-block wd-wpb reset-last-child wd-rs-673afe20af498 text-left wd-fontsize-custom vc_custom_1731919666529\">\n\t\t\t<h4><strong>Le concept d\u2019espace en mouvement sous sa meilleure forme.<\/strong><\/h4>\n<p>Double ouverture, connexion rapide et charge jusqu&#039;\u00e0 75 kg, 3 capacit\u00e9s diff\u00e9rentes font de FREE le haut de gamme des produits LEVUP.<\/p>\n\t\t<\/div>\n\t\t<div class=\"vc_empty_space\"   style=\"height: 20px\"><span class=\"vc_empty_space_inner\"><\/span><\/div><div id=\"wd-673afdd1f11b1\" class=\"wd-rs-673afdd1f11b1  wd-button-wrapper text-left\"><a href=\"https:\/\/www.levupbox.com\/fr\/categorie-produit\/box-da-tetto\/linea-free\/\" title=\"Ligne gratuite\" class=\"btn btn-color-primary btn-style-round btn-shape-rectangle btn-size-default\">D\u00e9couvrez notre ligne GRATUITE<\/a><\/div><\/div><\/div><\/div><\/div><div class=\"vc_row wpb_row vc_row-fluid vc_custom_1628589340793 wd-rs-61124d0cf276a\"><div class=\"wpb_column vc_column_container vc_col-sm-12\"><div class=\"vc_column-inner\"><div class=\"wpb_wrapper\">\n\t\t<div id=\"wd-673af938e03ec\" class=\"title-wrapper wd-wpb wd-set-mb reset-last-child  wd-rs-673af938e03ec wd-title-color-default wd-title-style-default text-center  wd-width-custom wd-underline-bordered\">\n\t\t\t\n\t\t\t<div class=\"liner-continer\">\n\t\t\t\t<h4 class=\"woodmart-title-container title  wd-font-weight-300 wd-fontsize-l\" >D\u00e9couvrez les coffres de toit de <strong><u>Ligne gratuite<\/u><\/strong><\/h4>\n\t\t\t\t\t\t\t<\/div>\n\t\t\t\n\t\t\t\n\t\t\t\n\t\t<\/div>\n\t\t\n\t\t\t\t\t<div id=\"\" class=\"wd-products-element wd-rs-673af92aaecab wd-wpb\">\n\t\t\t\n\t\t\n\t\t\t\t\t<div class=\"products wd-products  grid-columns-4 elements-grid wd-grid-g\" data-paged=\"1\" data-atts=\"{&quot;taxonomies&quot;:&quot;52&quot;,&quot;items_per_page&quot;:&quot;4&quot;,&quot;product_hover&quot;:&quot;quick&quot;,&quot;sale_countdown&quot;:&quot;0&quot;,&quot;stretch_product_desktop&quot;:&quot;0&quot;,&quot;stretch_product_tablet&quot;:&quot;0&quot;,&quot;stretch_product_mobile&quot;:&quot;0&quot;,&quot;stock_progress_bar&quot;:&quot;0&quot;,&quot;highlighted_products&quot;:&quot;0&quot;,&quot;products_bordered_grid&quot;:&quot;0&quot;,&quot;products_with_background&quot;:&quot;0&quot;,&quot;products_shadow&quot;:&quot;0&quot;,&quot;product_quantity&quot;:&quot;0&quot;,&quot;woodmart_css_id&quot;:&quot;673af92aaecab&quot;,&quot;force_not_ajax&quot;:&quot;no&quot;}\" data-source=\"shortcode\" data-columns=\"4\" data-grid-gallery=\"\" style=\"--wd-col-lg:4;--wd-col-md:4;--wd-col-sm:2;--wd-gap-lg:20px;--wd-gap-sm:10px;\">\n\t\t\t<div class=\"wd-product wd-hover-quick wd-col product-grid-item product type-product post-871 status-publish instock product_cat-box-da-tetto product_cat-linea-free has-post-thumbnail taxable shipping-taxable purchasable product-type-simple\" data-loop=\"1\" data-id=\"871\">\n\t\n\t\n<div class=\"product-wrapper\">\n\t<div class=\"product-element-top wd-quick-shop\">\n\t\t<a href=\"https:\/\/www.levupbox.com\/fr\/produit\/free-420-glossy-black\/\" class=\"product-image-link\" tabindex=\"-1\" aria-label=\"GRATUIT 420 Noir Brillant\">\n\t\t\t<img loading=\"lazy\" decoding=\"async\" width=\"600\" height=\"338\" src=\"https:\/\/www.levupbox.com\/wp-content\/uploads\/2024\/07\/FREE-420-nero-lucido-levup-600x338.jpg\" class=\"attachment-woocommerce_thumbnail size-woocommerce_thumbnail\" alt=\"\" \/>\t\t<\/a>\n\n\t\t\t\t\t<div class=\"hover-img\">\n\t\t\t\t<img loading=\"lazy\" decoding=\"async\" width=\"600\" height=\"338\" src=\"https:\/\/www.levupbox.com\/wp-content\/uploads\/2024\/07\/FREE-420-Glossy-Black-back-600x338.jpg\" class=\"attachment-woocommerce_thumbnail size-woocommerce_thumbnail\" alt=\"\" \/>\t\t\t<\/div>\n\t\t\t\t\t<div class=\"wd-buttons wd-pos-r-t\">\n\t\t\t\t\t\t\t\t\t\t\t<div class=\"quick-view wd-action-btn wd-style-icon wd-quick-view-icon\">\n\t\t\t<a\n\t\t\t\thref=\"https:\/\/www.levupbox.com\/fr\/produit\/free-420-glossy-black\/\"\n\t\t\t\tclass=\"open-quick-view quick-view-button\"\n\t\t\t\trel=\"nofollow\"\n\t\t\t\tdata-id=\"871\"\n\t\t\t\t>Aper\u00e7u rapide<\/a>\n\t\t<\/div>\n\t\t\t\t\t\t\t<\/div>\n\n\t\t\t\t\t<div class=\"wd-add-btn wd-add-btn-replace\">\n\t\t\t\t\n\t\t\t\t<a href=\"\/fr\/wp-json\/wp\/v2\/pages\/2316?add-to-cart=871\" aria-describedby=\"woocommerce_loop_add_to_cart_link_describedby_871\" data-quantity=\"1\" class=\"button product_type_simple add_to_cart_button ajax_add_to_cart add-to-cart-loop\" data-product_id=\"871\" data-product_sku=\"W000BCN420R\" aria-label=\"Ajouter au panier : \u201c GRATUIT 420 Noir brillant \u201d\" rel=\"nofollow\" data-success_message=\"\u00ab\u00a0FREE 420 Nero Lucido\u00a0\u00bb a \u00e9t\u00e9 ajout\u00e9 \u00e0 votre panier\" role=\"button\"><span>Ajouter au panier<\/span><\/a>\t<span id=\"woocommerce_loop_add_to_cart_link_describedby_871\" class=\"screen-reader-text\">\n\t\t\t<\/span>\n\t\t\t\t\t\t\t<\/div>\n\t\t\t<\/div>\n\t\t\t<h3 class=\"wd-entities-title\"><a href=\"https:\/\/www.levupbox.com\/fr\/produit\/free-420-glossy-black\/\">GRATUIT 420 Noir Brillant<\/a><\/h3>\n\t\t\t<div class=\"wd-product-cats\">\n\t\t\t<a href=\"https:\/\/www.levupbox.com\/fr\/categorie-produit\/box-da-tetto\/\" rel=\"tag\">Levup<\/a>, <a href=\"https:\/\/www.levupbox.com\/fr\/categorie-produit\/box-da-tetto\/linea-free\/\" rel=\"tag\">Ligne gratuite<\/a>\t\t<\/div>\n\t\t\t\t\n\t<span class=\"price\"><span class=\"wcpbc-price wcpbc-price-871\" data-product-id=\"871\"><span class=\"woocommerce-Price-amount amount\"><bdi><span class=\"woocommerce-Price-currencySymbol\">\u20ac<\/span>369,00<\/bdi><\/span><\/span><\/span>\n\n\t\n\t\n\t\t<\/div>\n<\/div>\n<div class=\"wd-product wd-hover-quick wd-col product-grid-item product type-product post-1469 status-publish instock product_cat-box-da-tetto product_cat-linea-free has-post-thumbnail taxable shipping-taxable purchasable product-type-simple\" data-loop=\"2\" data-id=\"1469\">\n\t\n\t\n<div class=\"product-wrapper\">\n\t<div class=\"product-element-top wd-quick-shop\">\n\t\t<a href=\"https:\/\/www.levupbox.com\/fr\/produit\/free-420-glossy-black-doppia-apertura\/\" class=\"product-image-link\" tabindex=\"-1\" aria-label=\"FREE 420 Noir Brillant double ouverture\">\n\t\t\t<img loading=\"lazy\" decoding=\"async\" width=\"600\" height=\"338\" src=\"https:\/\/www.levupbox.com\/wp-content\/uploads\/2024\/07\/FREE-420-nero-lucido-levup-600x338.jpg\" class=\"attachment-woocommerce_thumbnail size-woocommerce_thumbnail\" alt=\"\" \/>\t\t<\/a>\n\n\t\t\t\t\t<div class=\"hover-img\">\n\t\t\t\t<img loading=\"lazy\" decoding=\"async\" width=\"600\" height=\"338\" src=\"https:\/\/www.levupbox.com\/wp-content\/uploads\/2024\/07\/FREE-420-Glossy-Black-back-600x338.jpg\" class=\"attachment-woocommerce_thumbnail size-woocommerce_thumbnail\" alt=\"\" \/>\t\t\t<\/div>\n\t\t\t\t\t<div class=\"wd-buttons wd-pos-r-t\">\n\t\t\t\t\t\t\t\t\t\t\t<div class=\"quick-view wd-action-btn wd-style-icon wd-quick-view-icon\">\n\t\t\t<a\n\t\t\t\thref=\"https:\/\/www.levupbox.com\/fr\/produit\/free-420-glossy-black-doppia-apertura\/\"\n\t\t\t\tclass=\"open-quick-view quick-view-button\"\n\t\t\t\trel=\"nofollow\"\n\t\t\t\tdata-id=\"1469\"\n\t\t\t\t>Aper\u00e7u rapide<\/a>\n\t\t<\/div>\n\t\t\t\t\t\t\t<\/div>\n\n\t\t\t\t\t<div class=\"wd-add-btn wd-add-btn-replace\">\n\t\t\t\t\n\t\t\t\t<a href=\"\/fr\/wp-json\/wp\/v2\/pages\/2316?add-to-cart=1469\" aria-describedby=\"woocommerce_loop_add_to_cart_link_describedby_1469\" data-quantity=\"1\" class=\"button product_type_simple add_to_cart_button ajax_add_to_cart add-to-cart-loop\" data-product_id=\"1469\" data-product_sku=\"W000BCN420DR\" aria-label=\"Ajouter au panier : \u00ab FREE 420 Gloss Black double ouverture \u00bb\" rel=\"nofollow\" data-success_message=\"\u00ab\u00a0FREE 420 Nero Lucido doppia apertura\u00a0\u00bb a \u00e9t\u00e9 ajout\u00e9 \u00e0 votre panier\" role=\"button\"><span>Ajouter au panier<\/span><\/a>\t<span id=\"woocommerce_loop_add_to_cart_link_describedby_1469\" class=\"screen-reader-text\">\n\t\t\t<\/span>\n\t\t\t\t\t\t\t<\/div>\n\t\t\t<\/div>\n\t\t\t<h3 class=\"wd-entities-title\"><a href=\"https:\/\/www.levupbox.com\/fr\/produit\/free-420-glossy-black-doppia-apertura\/\">FREE 420 Noir Brillant double ouverture<\/a><\/h3>\n\t\t\t<div class=\"wd-product-cats\">\n\t\t\t<a href=\"https:\/\/www.levupbox.com\/fr\/categorie-produit\/box-da-tetto\/\" rel=\"tag\">Levup<\/a>, <a href=\"https:\/\/www.levupbox.com\/fr\/categorie-produit\/box-da-tetto\/linea-free\/\" rel=\"tag\">Ligne gratuite<\/a>\t\t<\/div>\n\t\t\t\t\n\t<span class=\"price\"><span class=\"wcpbc-price wcpbc-price-1469\" data-product-id=\"1469\"><span class=\"woocommerce-Price-amount amount\"><bdi><span class=\"woocommerce-Price-currencySymbol\">\u20ac<\/span>409,00<\/bdi><\/span><\/span><\/span>\n\n\t\n\t\n\t\t<\/div>\n<\/div>\n<div class=\"wd-product wd-hover-quick wd-col product-grid-item product type-product post-900 status-publish last instock product_cat-box-da-tetto product_cat-linea-free has-post-thumbnail taxable shipping-taxable purchasable product-type-simple\" data-loop=\"3\" data-id=\"900\">\n\t\n\t\n<div class=\"product-wrapper\">\n\t<div class=\"product-element-top wd-quick-shop\">\n\t\t<a href=\"https:\/\/www.levupbox.com\/fr\/produit\/free-420-silver-glossy\/\" class=\"product-image-link\" tabindex=\"-1\" aria-label=\"GRATUIT 420 Argent Poli\">\n\t\t\t<img loading=\"lazy\" decoding=\"async\" width=\"600\" height=\"338\" src=\"https:\/\/www.levupbox.com\/wp-content\/uploads\/2024\/07\/FREE-420-silver-levup2-600x338.jpg\" class=\"attachment-woocommerce_thumbnail size-woocommerce_thumbnail\" alt=\"\" \/>\t\t<\/a>\n\n\t\t\t\t\t<div class=\"hover-img\">\n\t\t\t\t<img loading=\"lazy\" decoding=\"async\" width=\"600\" height=\"338\" src=\"https:\/\/www.levupbox.com\/wp-content\/uploads\/2024\/07\/FREE-420-Silver-glossy-back-600x338.jpg\" class=\"attachment-woocommerce_thumbnail size-woocommerce_thumbnail\" alt=\"\" \/>\t\t\t<\/div>\n\t\t\t\t\t<div class=\"wd-buttons wd-pos-r-t\">\n\t\t\t\t\t\t\t\t\t\t\t<div class=\"quick-view wd-action-btn wd-style-icon wd-quick-view-icon\">\n\t\t\t<a\n\t\t\t\thref=\"https:\/\/www.levupbox.com\/fr\/produit\/free-420-silver-glossy\/\"\n\t\t\t\tclass=\"open-quick-view quick-view-button\"\n\t\t\t\trel=\"nofollow\"\n\t\t\t\tdata-id=\"900\"\n\t\t\t\t>Aper\u00e7u rapide<\/a>\n\t\t<\/div>\n\t\t\t\t\t\t\t<\/div>\n\n\t\t\t\t\t<div class=\"wd-add-btn wd-add-btn-replace\">\n\t\t\t\t\n\t\t\t\t<a href=\"\/fr\/wp-json\/wp\/v2\/pages\/2316?add-to-cart=900\" aria-describedby=\"woocommerce_loop_add_to_cart_link_describedby_900\" data-quantity=\"1\" class=\"button product_type_simple add_to_cart_button ajax_add_to_cart add-to-cart-loop\" data-product_id=\"900\" data-product_sku=\"W000BCS420R\" aria-label=\"Ajouter au panier : \u201c Argent poli 420 GRATUIT \u201d\" rel=\"nofollow\" data-success_message=\"\u00ab\u00a0FREE 420 Argento Lucido\u00a0\u00bb a \u00e9t\u00e9 ajout\u00e9 \u00e0 votre panier\" role=\"button\"><span>Ajouter au panier<\/span><\/a>\t<span id=\"woocommerce_loop_add_to_cart_link_describedby_900\" class=\"screen-reader-text\">\n\t\t\t<\/span>\n\t\t\t\t\t\t\t<\/div>\n\t\t\t<\/div>\n\t\t\t<h3 class=\"wd-entities-title\"><a href=\"https:\/\/www.levupbox.com\/fr\/produit\/free-420-silver-glossy\/\">GRATUIT 420 Argent Poli<\/a><\/h3>\n\t\t\t<div class=\"wd-product-cats\">\n\t\t\t<a href=\"https:\/\/www.levupbox.com\/fr\/categorie-produit\/box-da-tetto\/\" rel=\"tag\">Levup<\/a>, <a href=\"https:\/\/www.levupbox.com\/fr\/categorie-produit\/box-da-tetto\/linea-free\/\" rel=\"tag\">Ligne gratuite<\/a>\t\t<\/div>\n\t\t\t\t\n\t<span class=\"price\"><span class=\"wcpbc-price wcpbc-price-900\" data-product-id=\"900\"><span class=\"woocommerce-Price-amount amount\"><bdi><span class=\"woocommerce-Price-currencySymbol\">\u20ac<\/span>369,00<\/bdi><\/span><\/span><\/span>\n\n\t\n\t\n\t\t<\/div>\n<\/div>\n<div class=\"wd-product wd-hover-quick wd-col product-grid-item product type-product post-1472 status-publish first instock product_cat-box-da-tetto product_cat-linea-free has-post-thumbnail taxable shipping-taxable purchasable product-type-simple\" data-loop=\"4\" data-id=\"1472\">\n\t\n\t\n<div class=\"product-wrapper\">\n\t<div class=\"product-element-top wd-quick-shop\">\n\t\t<a href=\"https:\/\/www.levupbox.com\/fr\/produit\/free-420-silver-doppia-apertura\/\" class=\"product-image-link\" tabindex=\"-1\" aria-label=\"GRATUIT 420 Argent Poli double ouverture\">\n\t\t\t<img loading=\"lazy\" decoding=\"async\" width=\"600\" height=\"338\" src=\"https:\/\/www.levupbox.com\/wp-content\/uploads\/2024\/07\/FREE-420-silver-levup2-600x338.jpg\" class=\"attachment-woocommerce_thumbnail size-woocommerce_thumbnail\" alt=\"\" \/>\t\t<\/a>\n\n\t\t\t\t\t<div class=\"hover-img\">\n\t\t\t\t<img loading=\"lazy\" decoding=\"async\" width=\"600\" height=\"338\" src=\"https:\/\/www.levupbox.com\/wp-content\/uploads\/2024\/07\/FREE-420-Silver-glossy-back-600x338.jpg\" class=\"attachment-woocommerce_thumbnail size-woocommerce_thumbnail\" alt=\"\" \/>\t\t\t<\/div>\n\t\t\t\t\t<div class=\"wd-buttons wd-pos-r-t\">\n\t\t\t\t\t\t\t\t\t\t\t<div class=\"quick-view wd-action-btn wd-style-icon wd-quick-view-icon\">\n\t\t\t<a\n\t\t\t\thref=\"https:\/\/www.levupbox.com\/fr\/produit\/free-420-silver-doppia-apertura\/\"\n\t\t\t\tclass=\"open-quick-view quick-view-button\"\n\t\t\t\trel=\"nofollow\"\n\t\t\t\tdata-id=\"1472\"\n\t\t\t\t>Aper\u00e7u rapide<\/a>\n\t\t<\/div>\n\t\t\t\t\t\t\t<\/div>\n\n\t\t\t\t\t<div class=\"wd-add-btn wd-add-btn-replace\">\n\t\t\t\t\n\t\t\t\t<a href=\"\/fr\/wp-json\/wp\/v2\/pages\/2316?add-to-cart=1472\" aria-describedby=\"woocommerce_loop_add_to_cart_link_describedby_1472\" data-quantity=\"1\" class=\"button product_type_simple add_to_cart_button ajax_add_to_cart add-to-cart-loop\" data-product_id=\"1472\" data-product_sku=\"W000BCS420DR\" aria-label=\"Ajouter au panier : \u00ab GRATUIT 420 Argent Poli double ouverture \u00bb\" rel=\"nofollow\" data-success_message=\"\u00ab\u00a0FREE 420 Argento Lucido doppia apertura\u00a0\u00bb a \u00e9t\u00e9 ajout\u00e9 \u00e0 votre panier\" role=\"button\"><span>Ajouter au panier<\/span><\/a>\t<span id=\"woocommerce_loop_add_to_cart_link_describedby_1472\" class=\"screen-reader-text\">\n\t\t\t<\/span>\n\t\t\t\t\t\t\t<\/div>\n\t\t\t<\/div>\n\t\t\t<h3 class=\"wd-entities-title\"><a href=\"https:\/\/www.levupbox.com\/fr\/produit\/free-420-silver-doppia-apertura\/\">GRATUIT 420 Argent Poli double ouverture<\/a><\/h3>\n\t\t\t<div class=\"wd-product-cats\">\n\t\t\t<a href=\"https:\/\/www.levupbox.com\/fr\/categorie-produit\/box-da-tetto\/\" rel=\"tag\">Levup<\/a>, <a href=\"https:\/\/www.levupbox.com\/fr\/categorie-produit\/box-da-tetto\/linea-free\/\" rel=\"tag\">Ligne gratuite<\/a>\t\t<\/div>\n\t\t\t\t\n\t<span class=\"price\"><span class=\"wcpbc-price wcpbc-price-1472\" data-product-id=\"1472\"><span class=\"woocommerce-Price-amount amount\"><bdi><span class=\"woocommerce-Price-currencySymbol\">\u20ac<\/span>409,00<\/bdi><\/span><\/span><\/span>\n\n\t\n\t\n\t\t<\/div>\n<\/div>\n\t\t\t<\/div>\n\t\t\t<\/div><\/div><\/div><\/div><\/div>\n<\/div>","protected":false},"excerpt":{"rendered":"DESCRIZIONE: La via di mezzo, FREE 420 \u00e8 il modello che si piazza per dimensioni, a met\u00e0 nel ventaglio della","protected":false},"author":3,"featured_media":0,"parent":0,"menu_order":0,"comment_status":"closed","ping_status":"closed","template":"","meta":{"footnotes":""},"class_list":["post-2316","page","type-page","status-publish","hentry"],"_links":{"self":[{"href":"https:\/\/www.levupbox.com\/fr\/wp-json\/wp\/v2\/pages\/2316","targetHints":{"allow":["GET"]}}],"collection":[{"href":"https:\/\/www.levupbox.com\/fr\/wp-json\/wp\/v2\/pages"}],"about":[{"href":"https:\/\/www.levupbox.com\/fr\/wp-json\/wp\/v2\/types\/page"}],"author":[{"embeddable":true,"href":"https:\/\/www.levupbox.com\/fr\/wp-json\/wp\/v2\/users\/3"}],"replies":[{"embeddable":true,"href":"https:\/\/www.levupbox.com\/fr\/wp-json\/wp\/v2\/comments?post=2316"}],"version-history":[{"count":18,"href":"https:\/\/www.levupbox.com\/fr\/wp-json\/wp\/v2\/pages\/2316\/revisions"}],"predecessor-version":[{"id":2565,"href":"https:\/\/www.levupbox.com\/fr\/wp-json\/wp\/v2\/pages\/2316\/revisions\/2565"}],"wp:attachment":[{"href":"https:\/\/www.levupbox.com\/fr\/wp-json\/wp\/v2\/media?parent=2316"}],"curies":[{"name":"wp","href":"https:\/\/api.w.org\/{rel}","templated":true}]}}