{"id":225,"date":"2024-07-05T12:48:36","date_gmt":"2024-07-05T12:48:36","guid":{"rendered":"https:\/\/levupbox.com\/?page_id=225"},"modified":"2024-07-18T07:14:31","modified_gmt":"2024-07-18T07:14:31","slug":"informativa-sui-cookie","status":"publish","type":"page","link":"https:\/\/www.levupbox.com\/fr\/informativa-sui-cookie\/","title":{"rendered":"Politique en mati\u00e8re de cookies"},"content":{"rendered":"<div class=\"wpb-content-wrapper\"><div class=\"vc_row wpb_row vc_row-fluid\"><div class=\"wpb_column vc_column_container vc_col-sm-12\"><div class=\"vc_column-inner\"><div class=\"wpb_wrapper\">\n\t<div class=\"wpb_text_column wpb_content_element\" >\n\t\t<div class=\"wpb_wrapper\">\n\t\t\t<h2><strong>LES COOKIES DE CE SITE<\/strong><\/h2>\n<div class=\"BorlabsCookie\"><h3 class=\"_brlbs _brlbs-cg-essential\">Essentiel<\/h3><p class=\"_brlbs _brlbs-cg-essential\">Les cookies essentiels activent les fonctions de base et sont n\u00e9cessaires au bon fonctionnement du site Web.<\/p><h4 class=\"_brlbs _brlbs-c-borlabs-cookie\">Biscuits Borlabs<\/h4><div class=\"_brlbs-responsive-table\"><table class=\"_brlbs _brlbs-c-borlabs-cookie\"><tr><th scope=\"row\">Pr\u00e9nom<\/th><td>Biscuits Borlabs<\/td><\/tr><tr><th scope=\"row\">Fournisseurs<\/th><td>Propri\u00e9taire de ce site<\/td><\/tr><tr><th scope=\"row\">Port\u00e9e<\/th><td>Enregistre les pr\u00e9f\u00e9rences des visiteurs s\u00e9lectionn\u00e9s dans la bo\u00eete \u00e0 cookies Borlabs.<\/td><\/tr><tr><th scope=\"row\">Nom du cookie<\/th><td>cookie borlabs<\/td><\/tr><tr><th scope=\"row\">Expiration des cookies<\/th><td>1 an<\/td><\/tr><\/table><\/div><h3 class=\"_brlbs _brlbs-cg-statistics\">Statistiques<\/h3><p class=\"_brlbs _brlbs-cg-statistics\">Les cookies \u00e0 des fins statistiques collectent des informations de mani\u00e8re anonyme. Ces informations nous aident \u00e0 comprendre comment nos visiteurs utilisent notre site Web.<\/p><h4 class=\"_brlbs _brlbs-c-google-analytics\">Google\u00a0Analytics<\/h4><div class=\"_brlbs-responsive-table\"><table class=\"_brlbs _brlbs-c-google-analytics\"><tr><th scope=\"row\">Pr\u00e9nom<\/th><td>Google\u00a0Analytics<\/td><\/tr><tr><th scope=\"row\">Fournisseurs<\/th><td>Google Ireland Limited, Gordon House, Barrow Street, Dublin 4, Irlande<\/td><\/tr><tr><th scope=\"row\">Port\u00e9e<\/th><td>Cookie Google utilis\u00e9 pour l&#039;analyse du site Web. G\u00e9n\u00e8re des donn\u00e9es statistiques sur l&#039;utilisation du site Web par le visiteur.<\/td><\/tr><tr><th scope=\"row\">politique de confidentialit\u00e9<\/th><td><a href=\"https:\/\/policies.google.com\/privacy?hl=en\" target=\"_blank\" rel=\"nofollow noopener noreferrer\">https:\/\/policies.google.com\/privacy?hl=en<\/a><\/td><\/tr><tr><th scope=\"row\">Nom du cookie<\/th><td>_ga,_gat,_gid<\/td><\/tr><tr><th scope=\"row\">Expiration des cookies<\/th><td>2 mois<\/td><\/tr><\/table><\/div><h3 class=\"_brlbs _brlbs-cg-marketing\">Commercialisation<\/h3><p class=\"_brlbs _brlbs-cg-marketing\">Les cookies marketing sont utilis\u00e9s par des annonceurs ou des \u00e9diteurs tiers pour afficher des publicit\u00e9s personnalis\u00e9es. Pour ce faire, ils suivent les visiteurs sur les sites Web.<\/p><h3 class=\"_brlbs _brlbs-cg-external-media\">Tiers<\/h3><p class=\"_brlbs _brlbs-cg-external-media\">Le contenu des plateformes vid\u00e9o et des r\u00e9seaux sociaux est bloqu\u00e9 par d\u00e9faut. Si les cookies tiers sont accept\u00e9s, l&#039;acc\u00e8s \u00e0 ces contenus ne n\u00e9cessite plus de consentement manuel.<\/p><h4 class=\"_brlbs _brlbs-c-facebook\">Facebook<\/h4><div class=\"_brlbs-responsive-table\"><table class=\"_brlbs _brlbs-c-facebook\"><tr><th scope=\"row\">Pr\u00e9nom<\/th><td>Facebook<\/td><\/tr><tr><th scope=\"row\">Fournisseurs<\/th><td>Meta Platforms Ireland Limited, 4 Grand Canal Square, Dublin 2, Irlande<\/td><\/tr><tr><th scope=\"row\">Port\u00e9e<\/th><td>Utilis\u00e9 pour d\u00e9bloquer le contenu de Facebook.<\/td><\/tr><tr><th scope=\"row\">politique de confidentialit\u00e9<\/th><td><a href=\"https:\/\/www.facebook.com\/privacy\/explanation\" target=\"_blank\" rel=\"nofollow noopener noreferrer\">https:\/\/www.facebook.com\/privacy\/explanation<\/a><\/td><\/tr><tr><th scope=\"row\">H\u00f4te(s)<\/th><td>.facebook.com<\/td><\/tr><\/table><\/div><h4 class=\"_brlbs _brlbs-c-googlemaps\">Google Cartes<\/h4><div class=\"_brlbs-responsive-table\"><table class=\"_brlbs _brlbs-c-googlemaps\"><tr><th scope=\"row\">Pr\u00e9nom<\/th><td>Google Cartes<\/td><\/tr><tr><th scope=\"row\">Fournisseurs<\/th><td>Google Ireland Limited, Gordon House, Barrow Street, Dublin 4, Irlande<\/td><\/tr><tr><th scope=\"row\">Port\u00e9e<\/th><td>Utilis\u00e9 pour d\u00e9verrouiller le contenu de Google Maps.<\/td><\/tr><tr><th scope=\"row\">politique de confidentialit\u00e9<\/th><td><a href=\"https:\/\/policies.google.com\/privacy?hl=en&#038;gl=en\" target=\"_blank\" rel=\"nofollow noopener noreferrer\">https:\/\/policies.google.com\/privacy?hl=en&#038;gl=en<\/a><\/td><\/tr><tr><th scope=\"row\">H\u00f4te(s)<\/th><td>.google.com<\/td><\/tr><tr><th scope=\"row\">Nom du cookie<\/th><td>JNV<\/td><\/tr><tr><th scope=\"row\">Expiration des cookies<\/th><td>6 mois<\/td><\/tr><\/table><\/div><h4 class=\"_brlbs _brlbs-c-instagram\">Instagram<\/h4><div class=\"_brlbs-responsive-table\"><table class=\"_brlbs _brlbs-c-instagram\"><tr><th scope=\"row\">Pr\u00e9nom<\/th><td>Instagram<\/td><\/tr><tr><th scope=\"row\">Fournisseurs<\/th><td>Meta Platforms Ireland Limited, 4 Grand Canal Square, Dublin 2, Irlande<\/td><\/tr><tr><th scope=\"row\">Port\u00e9e<\/th><td>Utilis\u00e9 pour d\u00e9bloquer le contenu Instagram.<\/td><\/tr><tr><th scope=\"row\">politique de confidentialit\u00e9<\/th><td><a href=\"https:\/\/www.instagram.com\/legal\/privacy\/\" target=\"_blank\" rel=\"nofollow noopener noreferrer\">https:\/\/www.instagram.com\/legal\/privacy\/<\/a><\/td><\/tr><tr><th scope=\"row\">H\u00f4te(s)<\/th><td>.instagram.com<\/td><\/tr><tr><th scope=\"row\">Nom du cookie<\/th><td>pigeon_state<\/td><\/tr><tr><th scope=\"row\">Expiration des cookies<\/th><td>Session<\/td><\/tr><\/table><\/div><h4 class=\"_brlbs _brlbs-c-openstreetmap\">OuvrirStreetMap<\/h4><div class=\"_brlbs-responsive-table\"><table class=\"_brlbs _brlbs-c-openstreetmap\"><tr><th scope=\"row\">Pr\u00e9nom<\/th><td>OuvrirStreetMap<\/td><\/tr><tr><th scope=\"row\">Fournisseurs<\/th><td>Fondation Openstreetmap, St John&#039;s Innovation Centre, Cowley Road, Cambridge CB4 0WS, Royaume-Uni<\/td><\/tr><tr><th scope=\"row\">Port\u00e9e<\/th><td>Utilis\u00e9 pour d\u00e9verrouiller le contenu OpenStreetMap.<\/td><\/tr><tr><th scope=\"row\">politique de confidentialit\u00e9<\/th><td><a href=\"https:\/\/wiki.osmfoundation.org\/wiki\/Privacy_Policy\" target=\"_blank\" rel=\"nofollow noopener noreferrer\">https:\/\/wiki.osmfoundation.org\/wiki\/Privacy_Policy<\/a><\/td><\/tr><tr><th scope=\"row\">H\u00f4te(s)<\/th><td>.openstreetmap.org<\/td><\/tr><tr><th scope=\"row\">Nom du cookie<\/th><td>_osm_location, _osm_session, _osm_totp_token, _osm_welcome, _pk_id., _pk_ref., _pk_ses., qos_token<\/td><\/tr><tr><th scope=\"row\">Expiration des cookies<\/th><td>1-10 ans<\/td><\/tr><\/table><\/div><h4 class=\"_brlbs _brlbs-c-twitter\">Gazouillement<\/h4><div class=\"_brlbs-responsive-table\"><table class=\"_brlbs _brlbs-c-twitter\"><tr><th scope=\"row\">Pr\u00e9nom<\/th><td>Gazouillement<\/td><\/tr><tr><th scope=\"row\">Fournisseurs<\/th><td>Twitter International Company, One Cumberland Place, Fenian Street, Dublin 2, D02 AX07, Irlande<\/td><\/tr><tr><th scope=\"row\">Port\u00e9e<\/th><td>Utilis\u00e9 pour d\u00e9bloquer le contenu Twitter.<\/td><\/tr><tr><th scope=\"row\">politique de confidentialit\u00e9<\/th><td><a href=\"https:\/\/twitter.com\/privacy\" target=\"_blank\" rel=\"nofollow noopener noreferrer\">https:\/\/twitter.com\/privacy<\/a><\/td><\/tr><tr><th scope=\"row\">H\u00f4te(s)<\/th><td>.twimg.com, .twitter.com<\/td><\/tr><tr><th scope=\"row\">Nom du cookie<\/th><td>__widgetsettings, local_storage_support_test<\/td><\/tr><tr><th scope=\"row\">Expiration des cookies<\/th><td>Illimit\u00e9<\/td><\/tr><\/table><\/div><h4 class=\"_brlbs _brlbs-c-vimeo\">Vim\u00e9o<\/h4><div class=\"_brlbs-responsive-table\"><table class=\"_brlbs _brlbs-c-vimeo\"><tr><th scope=\"row\">Pr\u00e9nom<\/th><td>Vim\u00e9o<\/td><\/tr><tr><th scope=\"row\">Fournisseurs<\/th><td>Vimeo Inc., 555 West 18th Street, New York, New York 10011, \u00c9tats-Unis<\/td><\/tr><tr><th scope=\"row\">Port\u00e9e<\/th><td>Utilis\u00e9 pour d\u00e9verrouiller le contenu Vimeo.<\/td><\/tr><tr><th scope=\"row\">politique de confidentialit\u00e9<\/th><td><a href=\"https:\/\/vimeo.com\/privacy\" target=\"_blank\" rel=\"nofollow noopener noreferrer\">https:\/\/vimeo.com\/privacy<\/a><\/td><\/tr><tr><th scope=\"row\">H\u00f4te(s)<\/th><td>joueur.vimeo.com<\/td><\/tr><tr><th scope=\"row\">Nom du cookie<\/th><td>vuide<\/td><\/tr><tr><th scope=\"row\">Expiration des cookies<\/th><td>2 ans<\/td><\/tr><\/table><\/div><h4 class=\"_brlbs _brlbs-c-youtube\">YouTube<\/h4><div class=\"_brlbs-responsive-table\"><table class=\"_brlbs _brlbs-c-youtube\"><tr><th scope=\"row\">Pr\u00e9nom<\/th><td>YouTube<\/td><\/tr><tr><th scope=\"row\">Fournisseurs<\/th><td>Google Ireland Limited, Gordon House, Barrow Street, Dublin 4, Irlande<\/td><\/tr><tr><th scope=\"row\">Port\u00e9e<\/th><td>Utilis\u00e9 pour d\u00e9bloquer le contenu YouTube.<\/td><\/tr><tr><th scope=\"row\">politique de confidentialit\u00e9<\/th><td><a href=\"https:\/\/policies.google.com\/privacy?hl=en&#038;gl=en\" target=\"_blank\" rel=\"nofollow noopener noreferrer\">https:\/\/policies.google.com\/privacy?hl=en&#038;gl=en<\/a><\/td><\/tr><tr><th scope=\"row\">H\u00f4te(s)<\/th><td>google.com<\/td><\/tr><tr><th scope=\"row\">Nom du cookie<\/th><td>JNV<\/td><\/tr><tr><th scope=\"row\">Expiration des cookies<\/th><td>6 mois<\/td><\/tr><\/table><\/div><\/div>\n<h2><strong>MES COOKIES ACTIFS<\/strong><\/h2>\n<div class=\"BorlabsCookie\" data-borlabs-cookie-consent-history><div class=\"_brlbs-responsive-table\"><table class=\"_brlbs-table\"><thead><tr><th class=\"_brlbs-table-date\" scope=\"col\">Date<\/th><th class=\"_brlbs-table-version\" scope=\"col\">Version<\/th><th class=\"_brlbs-table-consents\" scope=\"col\">Consentements<\/th><\/tr><\/thead><\/table><\/div><\/div>\n<a href=\"#\" class=\"borlabs-cookie-preference\">Modifier le param\u00e8tre des cookies<\/a>\n\n\t\t<\/div>\n\t<\/div>\n\n\t<div class=\"wpb_text_column wpb_content_element\" >\n\t\t<div class=\"wpb_wrapper\">\n\t\t\t<h2>COOKIES<\/h2>\n<p>Pour rendre notre site plus simple et plus intuitif, nous utilisons des cookies. Les cookies sont de petits \u00e9l\u00e9ments de donn\u00e9es qui nous permettent de comparer les visiteurs nouveaux et pass\u00e9s et de comprendre comment les utilisateurs naviguent sur notre site. Nous utilisons les donn\u00e9es collect\u00e9es gr\u00e2ce aux cookies pour rendre l&#039;exp\u00e9rience de navigation plus agr\u00e9able et plus efficace \u00e0 l&#039;avenir.<br \/>\nLes cookies n&#039;enregistrent aucune information personnelle sur un utilisateur et aucune donn\u00e9e identifiable ne sera stock\u00e9e. Si vous souhaitez d\u00e9sactiver l&#039;utilisation de cookies, vous devez personnaliser les param\u00e8tres de votre ordinateur en configurant la suppression de tous les cookies ou en activant un message d&#039;avertissement lorsque des cookies sont stock\u00e9s. Pour continuer sans modifier l&#039;application des cookies, poursuivez simplement votre navigation.<br \/>\nVisitez AboutCookies.org pour plus d\u2019informations sur les cookies et la mani\u00e8re dont ils affectent votre exp\u00e9rience de navigation.<\/p>\n<h3>Les types de cookies que nous utilisons :<\/h3>\n<p><em><strong>Cookies essentiels<\/strong><\/em><br \/>\nCes cookies sont indispensables afin de vous permettre de naviguer sur le site et de profiter pleinement de ses fonctionnalit\u00e9s, comme l&#039;acc\u00e8s aux diff\u00e9rentes zones prot\u00e9g\u00e9es du site. Sans ces cookies, certains services n\u00e9cessaires, comme le remplissage d&#039;un formulaire pour un concours, ne peuvent pas \u00eatre utilis\u00e9s.<\/p>\n<p><em><strong>Cookies de performances<\/strong><\/em><br \/>\nCes cookies collectent des informations sur la mani\u00e8re dont les utilisateurs utilisent un site Web, par exemple quelles pages sont les plus visit\u00e9es, s&#039;ils re\u00e7oivent des messages d&#039;erreur des pages Web. Ces cookies ne collectent pas d&#039;informations permettant d&#039;identifier un visiteur. Toutes les informations collect\u00e9es via les cookies sont agr\u00e9g\u00e9es et donc anonymes. Ils sont utilis\u00e9s uniquement pour am\u00e9liorer le fonctionnement d&#039;un site Internet.<br \/>\nEn utilisant notre site, vous acceptez que ces cookies soient install\u00e9s sur votre appareil.<\/p>\n<p><em><strong>Cookies de fonctionnalit\u00e9<\/strong><\/em><br \/>\nLes cookies permettent au site de m\u00e9moriser les choix effectu\u00e9s par l&#039;utilisateur (tels que le nom, la langue ou la r\u00e9gion d&#039;origine) et de fournir des fonctionnalit\u00e9s personnalis\u00e9es avanc\u00e9es. Ces cookies peuvent \u00e9galement \u00eatre utilis\u00e9s pour m\u00e9moriser les modifications que vous apportez \u00e0 la taille du texte, aux polices et \u00e0 d&#039;autres parties des pages Web que vous pouvez personnaliser. Ils peuvent \u00e9galement \u00eatre utilis\u00e9s pour fournir les services que vous avez demand\u00e9s, comme regarder une vid\u00e9o ou commenter un blog. Les informations collect\u00e9es par ces types de cookies peuvent \u00eatre rendues anonymes et ne peuvent pas suivre votre activit\u00e9 de navigation sur d&#039;autres sites Web.<br \/>\nEn utilisant notre site, vous acceptez que ces cookies soient install\u00e9s sur votre appareil.<\/p>\n<h3>Comment g\u00e9rer les cookies sur votre PC<\/h3>\n<p>Si vous souhaitez autoriser les cookies de notre site, veuillez suivre les \u00e9tapes ci-dessous,<\/p>\n<p><strong>Google Chrome<\/strong><br \/>\n1. Cliquez sur \u00ab Outils \u00bb en haut de la fen\u00eatre du navigateur et s\u00e9lectionnez Options<br \/>\n2. Cliquez sur l&#039;onglet \u00ab Geek Stuff \u00bb, localisez la section \u00ab Confidentialit\u00e9 \u00bb et s\u00e9lectionnez le bouton \u00ab Param\u00e8tres de contenu \u00bb.<br \/>\n3. S\u00e9lectionnez maintenant \u00ab Autoriser la d\u00e9finition des donn\u00e9es locales \u00bb.<\/p>\n<p><strong>Microsoft Internet Explorer 6.0, 7.0, 8.0, 9.0<\/strong><br \/>\n1. Cliquez sur \u00ab Outils \u00bb en haut de la fen\u00eatre du navigateur et s\u00e9lectionnez \u00ab Options Internet \u00bb, puis cliquez sur l&#039;onglet \u00ab Confidentialit\u00e9 \u00bb.<br \/>\n2. Pour activer les cookies dans votre navigateur, assurez-vous que votre niveau de confidentialit\u00e9 est d\u00e9fini sur Moyen ou inf\u00e9rieur,<br \/>\n3. En d\u00e9finissant le niveau de confidentialit\u00e9 au-dessus de Medium, vous d\u00e9sactiverez l&#039;utilisation de cookies.<\/p>\n<p><strong>Mozilla Firefox<\/strong><br \/>\n1. Cliquez sur \u00ab Outils \u00bb en haut de la fen\u00eatre du navigateur et s\u00e9lectionnez \u00ab Options \u00bb<br \/>\n2. S\u00e9lectionnez ensuite l&#039;ic\u00f4ne Confidentialit\u00e9<br \/>\n3. Cliquez sur Cookies, puis s\u00e9lectionnez \u00ab J&#039;autorise les sites \u00e0 utiliser des cookies \u00bb.<\/p>\n<p><strong>Safari<\/strong><br \/>\n1. Cliquez sur l&#039;ic\u00f4ne Cog en haut de la fen\u00eatre de votre navigateur et s\u00e9lectionnez l&#039;option \u00ab\u00a0Pr\u00e9f\u00e9rences\u00a0\u00bb<br \/>\n2. Cliquez sur \u00ab\u00a0S\u00e9curit\u00e9\u00a0\u00bb, s\u00e9lectionnez l&#039;option \u00ab\u00a0Bloquer les cookies tiers et les cookies publicitaires\u00a0\u00bb.<br \/>\n3. Cliquez sur \u00ab\u00a0Enregistrer\u00a0\u00bb<\/p>\n<h3>Comment g\u00e9rer les cookies sur Mac<\/h3>\n<p>Si vous souhaitez autoriser les cookies de notre site, veuillez suivre les \u00e9tapes ci-dessous :<\/p>\n<p><strong>Microsoft Internet Explorer 5.0 sur OSX<\/strong><br \/>\n1. Cliquez sur \u00ab\u00a0Explorer\u00a0\u00bb en haut de la fen\u00eatre de votre navigateur et s\u00e9lectionnez l&#039;option \u00ab\u00a0Pr\u00e9f\u00e9rences\u00a0\u00bb<br \/>\n2. Faites d\u00e9filer vers le bas jusqu&#039;\u00e0 ce que vous voyiez \u00ab\u00a0Cookies\u00a0\u00bb dans la section Recevoir le fichier.<br \/>\n3. S\u00e9lectionnez l&#039;option \u00ab\u00a0Ne pas demander\u00a0\u00bb<\/p>\n<p><strong>Safari sur OSX<\/strong><br \/>\n1. Cliquez sur \u00ab Safari \u00bb en haut de la fen\u00eatre de votre navigateur et s\u00e9lectionnez l&#039;option \u00ab Pr\u00e9f\u00e9rences \u00bb.<br \/>\n2. Cliquez sur \u00ab S\u00e9curit\u00e9 \u00bb puis \u00ab Accepter les cookies \u00bb<br \/>\n3. S\u00e9lectionnez \u00ab\u00a0Uniquement \u00e0 partir du site\u00a0\u00bb<\/p>\n<p><strong>Mozilla et Netscape sur OSX<\/strong><br \/>\n1. Cliquez sur \u00ab Mozilla \u00bb ou \u00ab Netscape \u00bb en haut de la fen\u00eatre de votre navigateur et s\u00e9lectionnez l&#039;option \u00ab Pr\u00e9f\u00e9rences \u00bb.<br \/>\n2. Faites d\u00e9filer vers le bas jusqu&#039;\u00e0 ce que vous voyiez Cookies sous \u00ab\u00a0Confidentialit\u00e9 et s\u00e9curit\u00e9\u00a0\u00bb<br \/>\n3. S\u00e9lectionnez \u00ab Activer les cookies pour le site d&#039;origine uniquement \u00bb.<\/p>\n<p><strong>Op\u00e9ra<\/strong><br \/>\n1. Cliquez sur \u00ab\u00a0Menu\u00a0\u00bb en haut de la fen\u00eatre de votre navigateur et s\u00e9lectionnez \u00ab\u00a0Param\u00e8tres\u00a0\u00bb.<br \/>\n2. S\u00e9lectionnez ensuite \u00ab\u00a0Pr\u00e9f\u00e9rences\u00a0\u00bb, s\u00e9lectionnez l&#039;onglet \u00ab\u00a0Avanc\u00e9\u00a0\u00bb<br \/>\n3. S\u00e9lectionnez ensuite l&#039;option &#039;Accepter les cookies&#039;<\/p>\n<h2>Google\u00a0Analytics<\/h2>\n<p>Ce site Web utilise Google Analytics, un service d&#039;analyse Web fourni par Google, Inc. (\u00ab Google \u00bb). Google Analytics utilise des \u00ab cookies \u00bb, qui sont des fichiers texte plac\u00e9s sur votre ordinateur, pour permettre au site Internet d&#039;analyser la mani\u00e8re dont les utilisateurs utilisent le site. Les informations g\u00e9n\u00e9r\u00e9es par les cookies concernant votre utilisation du site Web (y compris votre adresse IP anonyme) seront transmises et stock\u00e9es sur les serveurs de Google aux \u00c9tats-Unis. Google utilisera ces informations dans le but d&#039;\u00e9valuer votre utilisation du site Web, de compiler des rapports sur l&#039;activit\u00e9 du site Web pour les op\u00e9rateurs du site Web et de fournir d&#039;autres services li\u00e9s \u00e0 l&#039;activit\u00e9 du site Web et \u00e0 l&#039;utilisation d&#039;Internet. Google peut \u00e9galement transmettre ces informations \u00e0 des tiers lorsque la loi l&#039;exige ou lorsque ces tiers traitent les informations susmentionn\u00e9es pour le compte de Google. Google n&#039;associera pas votre adresse IP \u00e0 d&#039;autres donn\u00e9es d\u00e9tenues par Google. Vous pouvez refuser l&#039;utilisation de cookies en s\u00e9lectionnant le param\u00e8tre appropri\u00e9 sur votre navigateur, mais veuillez noter que si vous faites cela, vous ne pourrez peut-\u00eatre pas utiliser toutes les fonctionnalit\u00e9s de ce site Web. En utilisant ce site Internet, vous consentez au traitement de vos donn\u00e9es par Google de la mani\u00e8re et aux fins indiqu\u00e9es ci-dessus.<br \/>\nVous pouvez emp\u00eacher Google de d\u00e9tecter un cookie g\u00e9n\u00e9r\u00e9 par et en relation avec votre utilisation de ce site Internet (y compris votre adresse IP) et de traiter ces donn\u00e9es en t\u00e9l\u00e9chargeant et en installant ce plugin de navigateur :<a href=\"http:\/\/tools.google.com\/dlpage\/gaoptout?hl=en\" target=\"_blank\" rel=\"noopener\">http:\/\/tools.google.com\/dlpage\/gaoptout?hl=en<\/a><\/p>\n\n\t\t<\/div>\n\t<\/div>\n<\/div><\/div><\/div><\/div>\n<\/div>","protected":false},"excerpt":{"rendered":"COOKIES SUR CE SITE Essentiel Les cookies essentiels permettent des fonctions de base et sont n\u00e9cessaires au bon fonctionnement du site Web.","protected":false},"author":3,"featured_media":0,"parent":0,"menu_order":0,"comment_status":"closed","ping_status":"closed","template":"","meta":{"footnotes":""},"class_list":["post-225","page","type-page","status-publish","hentry"],"_links":{"self":[{"href":"https:\/\/www.levupbox.com\/fr\/wp-json\/wp\/v2\/pages\/225","targetHints":{"allow":["GET"]}}],"collection":[{"href":"https:\/\/www.levupbox.com\/fr\/wp-json\/wp\/v2\/pages"}],"about":[{"href":"https:\/\/www.levupbox.com\/fr\/wp-json\/wp\/v2\/types\/page"}],"author":[{"embeddable":true,"href":"https:\/\/www.levupbox.com\/fr\/wp-json\/wp\/v2\/users\/3"}],"replies":[{"embeddable":true,"href":"https:\/\/www.levupbox.com\/fr\/wp-json\/wp\/v2\/comments?post=225"}],"version-history":[{"count":3,"href":"https:\/\/www.levupbox.com\/fr\/wp-json\/wp\/v2\/pages\/225\/revisions"}],"predecessor-version":[{"id":1438,"href":"https:\/\/www.levupbox.com\/fr\/wp-json\/wp\/v2\/pages\/225\/revisions\/1438"}],"wp:attachment":[{"href":"https:\/\/www.levupbox.com\/fr\/wp-json\/wp\/v2\/media?parent=225"}],"curies":[{"name":"wp","href":"https:\/\/api.w.org\/{rel}","templated":true}]}}