{"id":2205,"date":"2024-11-08T13:10:01","date_gmt":"2024-11-08T13:10:01","guid":{"rendered":"https:\/\/www.levupbox.com\/?page_id=2205"},"modified":"2024-12-04T15:32:09","modified_gmt":"2024-12-04T15:32:09","slug":"chi-siamo","status":"publish","type":"page","link":"https:\/\/www.levupbox.com\/fr\/chi-siamo\/","title":{"rendered":"Qui nous sommes"},"content":{"rendered":"<div class=\"wpb-content-wrapper\"><div data-vc-full-width=\"true\" data-vc-full-width-temp=\"true\" data-vc-full-width-init=\"false\" class=\"vc_row wpb_row vc_row-fluid vc_row-o-content-middle vc_row-flex wd-z-index row-reverse-tablet wd-rs-672dfc42dfbd6\"><div class=\"wpb_column vc_column_container vc_col-sm-12 vc_col-md-6 reset-margin-mobile reset-margin-tablet wd-rs-672dfc8594008\"><div class=\"vc_column-inner vc_custom_1731067050291\"><div class=\"wpb_wrapper\">\t\t<div id=\"wd-672dfcf786b4f\" class=\"wd-image wd-wpb wd-rs-672dfcf786b4f text-left vc_custom_1731067177290\">\n\t\t\t\n\t\t\t<img loading=\"lazy\" decoding=\"async\" width=\"708\" height=\"655\" src=\"https:\/\/www.levupbox.com\/wp-content\/uploads\/2024\/11\/levup-bauli-auto-chi-siamo-page.jpg\" class=\"attachment-full size-full\" alt=\"\" srcset=\"https:\/\/www.levupbox.com\/wp-content\/uploads\/2024\/11\/levup-bauli-auto-chi-siamo-page.jpg 708w, https:\/\/www.levupbox.com\/wp-content\/uploads\/2024\/11\/levup-bauli-auto-chi-siamo-page-150x139.jpg 150w, https:\/\/www.levupbox.com\/wp-content\/uploads\/2024\/11\/levup-bauli-auto-chi-siamo-page-300x278.jpg 300w, https:\/\/www.levupbox.com\/wp-content\/uploads\/2024\/11\/levup-bauli-auto-chi-siamo-page-13x12.jpg 13w\" sizes=\"auto, (max-width: 708px) 100vw, 708px\" \/>\n\t\t\t\t\t<\/div>\n\t\t<\/div><\/div><\/div><div class=\"wpb_column vc_column_container vc_col-sm-12 vc_col-md-6 wd-rs-672dfc52b7750\"><div class=\"vc_column-inner vc_custom_1731067012502\"><div class=\"wpb_wrapper\">\n\t\t<div id=\"wd-672c8e3aeca42\" class=\"title-wrapper wd-wpb wd-set-mb reset-last-child  wd-rs-672c8e3aeca42 wd-title-color-default wd-title-style-default text-left vc_custom_1730973312449 wd-underline-bordered\">\n\t\t\t\t\t\t\t\n\t\t\t\t<div class=\"title-subtitle  subtitle-color-default font-default subtitle-style-default wd-font-weight-500 wd-fontsize-xs\">S\u00fbr, pratique, \u00e9l\u00e9gant.<\/div>\n\t\t\t\n\t\t\t<div class=\"liner-continer\">\n\t\t\t\t<h4 class=\"woodmart-title-container title  wd-font-weight-400 wd-fontsize-l\" >Coffres de toit de voiture <strong><u>Niveau sup\u00e9rieur<\/u><\/strong>, \u00e9levez votre espace !<\/h4>\n\t\t\t\t\t\t\t<\/div>\n\t\t\t\n\t\t\t\n\t\t\t\n\t\t<\/div>\n\t\t\n\t\t\t\t<div id=\"wd-675075ec5c17a\" class=\"wd-text-block wd-wpb reset-last-child wd-rs-675075ec5c17a text-left wd-fontsize-custom vc_custom_1733326377356\">\n\t\t\t<p>LEVUP est n\u00e9 de plus de 40 ans d&#039;exp\u00e9rience de FREEPLAST Srl dans le traitement des mati\u00e8res plastiques et de l&#039;enthousiasme d&#039;une famille \u00e0 vouloir cr\u00e9er un produit pour les familles.<\/p>\n<p>FREEPLAST Srl a \u00e9t\u00e9 fond\u00e9e en 1993 pour consolider et d\u00e9velopper la r\u00e9alit\u00e9 artisanale susmentionn\u00e9e, fond\u00e9e en 1980 et qui, \u00e0 ce jour, maintient inchang\u00e9e l&#039;enthousiasme, la disponibilit\u00e9 et la passion pour son travail gr\u00e2ce \u00e0 une famille qui depuis 2 g\u00e9n\u00e9rations croit et nourrit une entreprise qui est passion.<\/p>\n<p>Des \u00e9quipements \u00e0 la pointe de la technologie et une profonde expertise dans le traitement des mati\u00e8res plastiques nous permettent de cr\u00e9er des produits fiables et de haute qualit\u00e9 qui r\u00e9pondent aux besoins d&#039;une client\u00e8le attentive et exigeante.<\/p>\n\t\t<\/div>\n\t\t<div id=\"wd-672c8eee93210\" class=\"wd-rs-672c8eee93210  wd-button-wrapper text-center inline-element\"><a href=\"https:\/\/www.levupbox.com\/fr\/negozio\/\" title=\"Boutique\" class=\"btn btn-color-primary btn-style-default btn-shape-rectangle btn-size-default\">Aller \u00e0 la boutique<\/a><\/div><div id=\"wd-672c8f0a7b0c2\" class=\"wd-rs-672c8f0a7b0c2  wd-button-wrapper text-center inline-element\"><a href=\"https:\/\/www.levupbox.com\/fr\/produit\/\" title=\"\" class=\"btn btn-style-bordered btn-shape-rectangle btn-size-default\">Nos lignes<\/a><\/div><\/div><\/div><\/div><\/div><div class=\"vc_row-full-width vc_clearfix\"><\/div><div data-vc-full-width=\"true\" data-vc-full-width-temp=\"true\" data-vc-full-width-init=\"false\" data-vc-stretch-content=\"true\" class=\"vc_row wpb_row vc_row-fluid vc_custom_1731075513166 vc_row-has-fill wd-bg-center-center wd-rs-672e1d901a8cb\"><div class=\"wpb_column vc_column_container vc_col-sm-12 wd-rs-6304c1a160c2d\"><div class=\"vc_column-inner vc_custom_1661256101087\"><div class=\"wpb_wrapper\"><div class=\"vc_empty_space\"   style=\"height: 50px\"><span class=\"vc_empty_space_inner\"><\/span><\/div>\t\t\t<div id=\"carousel-655\" class=\"wd-carousel-container info-box-carousel-wrapper wd-wpb   wd-rs-672e1a972faf9\">\n\t\t\t\t<div class=\"wd-carousel-inner\">\n\t\t\t\t\t<div class=\"wd-carousel wd-grid info-box-carousel\" data-scroll_per_page=\"yes\" style=\"--wd-col-lg:6;--wd-col-md:4;--wd-col-sm:2;--wd-gap-lg:30px;--wd-gap-sm:10px;\">\n\t\t\t\t\t\t<div class=\"wd-carousel-wrap\">\n\t\t\t\t\t\t\t\t\t\t<div class=\"info-box-wrapper wd-carousel-item\">\n\t\t\t\t<div id=\"wd-672e1ad877e7d\" class=\"wd-rs-672e1ad877e7d wd-info-box wd-wpb text-center box-icon-align-top box-style- color-scheme- wd-bg-none vc_custom_1731074831774\">\n\t\t\t\t\t\t\t\t\t\t\t<div class=\"box-icon-wrapper  box-with-icon box-icon-simple\">\n\t\t\t\t\t\t\t<div class=\"info-box-icon\">\n\n\t\t\t\t\t\t\t\n\t\t\t\t\t\t\t\t\t\t\t\t\t\t\t\t\t<img loading=\"lazy\" decoding=\"async\" width=\"60\" height=\"60\" src=\"https:\/\/www.levupbox.com\/wp-content\/uploads\/2024\/11\/aerodinamica-icona-levup-60x60.png\" class=\"attachment-60x60 size-60x60\" alt=\"\" srcset=\"https:\/\/www.levupbox.com\/wp-content\/uploads\/2024\/11\/aerodinamica-icona-levup-60x60.png 60w, https:\/\/www.levupbox.com\/wp-content\/uploads\/2024\/11\/aerodinamica-icona-levup-12x12.png 12w, https:\/\/www.levupbox.com\/wp-content\/uploads\/2024\/11\/aerodinamica-icona-levup.png 120w\" sizes=\"auto, (max-width: 60px) 100vw, 60px\" \/>\t\t\t\t\t\t\t\t\t\t\t\t\t\t\t\n\t\t\t\t\t\t\t<\/div>\n\t\t\t\t\t\t<\/div>\n\t\t\t\t\t\t\t\t\t\t<div class=\"info-box-content\">\n\t\t\t\t\t\t\t\t\t\t\t\t<div class=\"info-box-inner reset-last-child\"><p>Une conception con\u00e7ue pour r\u00e9duire la consommation de carburant et maintenir la dynamique de conduite gr\u00e2ce \u00e0 des \u00e9tudes a\u00e9rodynamiques sp\u00e9cifiques.<\/p>\n<\/div>\n\n\t\t\t\t\t\t\t\t\t\t\t<\/div>\n\n\t\t\t\t\t\n\t\t\t\t\t\t\t\t\t<\/div>\n\t\t\t<\/div>\n\t\t\t\t\t<div class=\"info-box-wrapper wd-carousel-item\">\n\t\t\t\t<div id=\"wd-672e1bb62a085\" class=\"wd-rs-672e1bb62a085 wd-info-box wd-wpb text-center box-icon-align-top box-style- color-scheme- wd-bg-none vc_custom_1731075046117\">\n\t\t\t\t\t\t\t\t\t\t\t<div class=\"box-icon-wrapper  box-with-icon box-icon-simple\">\n\t\t\t\t\t\t\t<div class=\"info-box-icon\">\n\n\t\t\t\t\t\t\t\n\t\t\t\t\t\t\t\t\t\t\t\t\t\t\t\t\t<img loading=\"lazy\" decoding=\"async\" width=\"60\" height=\"60\" src=\"https:\/\/www.levupbox.com\/wp-content\/uploads\/2024\/07\/iso-icona-levup-60x60.png\" class=\"attachment-60x60 size-60x60\" alt=\"\" srcset=\"https:\/\/www.levupbox.com\/wp-content\/uploads\/2024\/07\/iso-icona-levup-60x60.png 60w, https:\/\/www.levupbox.com\/wp-content\/uploads\/2024\/07\/iso-icona-levup.png 120w\" sizes=\"auto, (max-width: 60px) 100vw, 60px\" \/>\t\t\t\t\t\t\t\t\t\t\t\t\t\t\t\n\t\t\t\t\t\t\t<\/div>\n\t\t\t\t\t\t<\/div>\n\t\t\t\t\t\t\t\t\t\t<div class=\"info-box-content\">\n\t\t\t\t\t\t\t\t\t\t\t\t<div class=\"info-box-inner reset-last-child\"><p>Qualit\u00e9 certifi\u00e9e TUV et ISO comme base pour garantir des niveaux de s\u00e9curit\u00e9 tr\u00e8s \u00e9lev\u00e9s.<\/p>\n<\/div>\n\n\t\t\t\t\t\t\t\t\t\t\t<\/div>\n\n\t\t\t\t\t\n\t\t\t\t\t\t\t\t\t<\/div>\n\t\t\t<\/div>\n\t\t\t\t\t<div class=\"info-box-wrapper wd-carousel-item\">\n\t\t\t\t<div id=\"wd-672e1bcb9c09d\" class=\"wd-rs-672e1bcb9c09d wd-info-box wd-wpb text-center box-icon-align-top box-style- color-scheme- wd-bg-none vc_custom_1731075065145\">\n\t\t\t\t\t\t\t\t\t\t\t<div class=\"box-icon-wrapper  box-with-icon box-icon-simple\">\n\t\t\t\t\t\t\t<div class=\"info-box-icon\">\n\n\t\t\t\t\t\t\t\n\t\t\t\t\t\t\t\t\t\t\t\t\t\t\t\t\t<img loading=\"lazy\" decoding=\"async\" width=\"60\" height=\"60\" src=\"https:\/\/www.levupbox.com\/wp-content\/uploads\/2024\/11\/made-italy-icona-levup-60x60.png\" class=\"attachment-60x60 size-60x60\" alt=\"\" srcset=\"https:\/\/www.levupbox.com\/wp-content\/uploads\/2024\/11\/made-italy-icona-levup-60x60.png 60w, https:\/\/www.levupbox.com\/wp-content\/uploads\/2024\/11\/made-italy-icona-levup-12x12.png 12w, https:\/\/www.levupbox.com\/wp-content\/uploads\/2024\/11\/made-italy-icona-levup.png 120w\" sizes=\"auto, (max-width: 60px) 100vw, 60px\" \/>\t\t\t\t\t\t\t\t\t\t\t\t\t\t\t\n\t\t\t\t\t\t\t<\/div>\n\t\t\t\t\t\t<\/div>\n\t\t\t\t\t\t\t\t\t\t<div class=\"info-box-content\">\n\t\t\t\t\t\t\t\t\t\t\t\t<div class=\"info-box-inner reset-last-child\"><p>Produit enti\u00e8rement fabriqu\u00e9 et assembl\u00e9 en Italie dans l&#039;usine de Ferrare.<\/p>\n<\/div>\n\n\t\t\t\t\t\t\t\t\t\t\t<\/div>\n\n\t\t\t\t\t\n\t\t\t\t\t\t\t\t\t<\/div>\n\t\t\t<\/div>\n\t\t\t\t\t<div class=\"info-box-wrapper wd-carousel-item\">\n\t\t\t\t<div id=\"wd-672e1bddc800c\" class=\"wd-rs-672e1bddc800c wd-info-box wd-wpb text-center box-icon-align-top box-style- color-scheme- wd-bg-none vc_custom_1731075085688\">\n\t\t\t\t\t\t\t\t\t\t\t<div class=\"box-icon-wrapper  box-with-icon box-icon-simple\">\n\t\t\t\t\t\t\t<div class=\"info-box-icon\">\n\n\t\t\t\t\t\t\t\n\t\t\t\t\t\t\t\t\t\t\t\t\t\t\t\t\t<img loading=\"lazy\" decoding=\"async\" width=\"60\" height=\"60\" src=\"https:\/\/www.levupbox.com\/wp-content\/uploads\/2024\/11\/montaggio-icona-levup-60x60.png\" class=\"attachment-60x60 size-60x60\" alt=\"\" srcset=\"https:\/\/www.levupbox.com\/wp-content\/uploads\/2024\/11\/montaggio-icona-levup-60x60.png 60w, https:\/\/www.levupbox.com\/wp-content\/uploads\/2024\/11\/montaggio-icona-levup-12x12.png 12w, https:\/\/www.levupbox.com\/wp-content\/uploads\/2024\/11\/montaggio-icona-levup.png 120w\" sizes=\"auto, (max-width: 60px) 100vw, 60px\" \/>\t\t\t\t\t\t\t\t\t\t\t\t\t\t\t\n\t\t\t\t\t\t\t<\/div>\n\t\t\t\t\t\t<\/div>\n\t\t\t\t\t\t\t\t\t\t<div class=\"info-box-content\">\n\t\t\t\t\t\t\t\t\t\t\t\t<div class=\"info-box-inner reset-last-child\"><p>Montage imm\u00e9diat sans utiliser d&#039;outils.<\/p>\n<\/div>\n\n\t\t\t\t\t\t\t\t\t\t\t<\/div>\n\n\t\t\t\t\t\n\t\t\t\t\t\t\t\t\t<\/div>\n\t\t\t<\/div>\n\t\t\t\t\t<div class=\"info-box-wrapper wd-carousel-item\">\n\t\t\t\t<div id=\"wd-672e1bf394a7c\" class=\"wd-rs-672e1bf394a7c wd-info-box wd-wpb text-center box-icon-align-top box-style- color-scheme- wd-bg-none vc_custom_1731075103739\">\n\t\t\t\t\t\t\t\t\t\t\t<div class=\"box-icon-wrapper  box-with-icon box-icon-simple\">\n\t\t\t\t\t\t\t<div class=\"info-box-icon\">\n\n\t\t\t\t\t\t\t\n\t\t\t\t\t\t\t\t\t\t\t\t\t\t\t\t\t<img loading=\"lazy\" decoding=\"async\" width=\"60\" height=\"60\" src=\"https:\/\/www.levupbox.com\/wp-content\/uploads\/2024\/11\/standard-produttivi-icona-levup-60x60.png\" class=\"attachment-60x60 size-60x60\" alt=\"\" srcset=\"https:\/\/www.levupbox.com\/wp-content\/uploads\/2024\/11\/standard-produttivi-icona-levup-60x60.png 60w, https:\/\/www.levupbox.com\/wp-content\/uploads\/2024\/11\/standard-produttivi-icona-levup-12x12.png 12w, https:\/\/www.levupbox.com\/wp-content\/uploads\/2024\/11\/standard-produttivi-icona-levup.png 120w\" sizes=\"auto, (max-width: 60px) 100vw, 60px\" \/>\t\t\t\t\t\t\t\t\t\t\t\t\t\t\t\n\t\t\t\t\t\t\t<\/div>\n\t\t\t\t\t\t<\/div>\n\t\t\t\t\t\t\t\t\t\t<div class=\"info-box-content\">\n\t\t\t\t\t\t\t\t\t\t\t\t<div class=\"info-box-inner reset-last-child\"><p>Normes de production \u00e9lev\u00e9es et recherche des meilleurs mat\u00e9riaux pour garantir une durabilit\u00e9 et une robustesse de haut niveau.<\/p>\n<\/div>\n\n\t\t\t\t\t\t\t\t\t\t\t<\/div>\n\n\t\t\t\t\t\n\t\t\t\t\t\t\t\t\t<\/div>\n\t\t\t<\/div>\n\t\t\t\t\t<div class=\"info-box-wrapper wd-carousel-item\">\n\t\t\t\t<div id=\"wd-672e1c05c24ab\" class=\"wd-rs-672e1c05c24ab wd-info-box wd-wpb text-center box-icon-align-top box-style- color-scheme- wd-bg-none vc_custom_1731075122854\">\n\t\t\t\t\t\t\t\t\t\t\t<div class=\"box-icon-wrapper  box-with-icon box-icon-simple\">\n\t\t\t\t\t\t\t<div class=\"info-box-icon\">\n\n\t\t\t\t\t\t\t\n\t\t\t\t\t\t\t\t\t\t\t\t\t\t\t\t\t<img loading=\"lazy\" decoding=\"async\" width=\"60\" height=\"60\" src=\"https:\/\/www.levupbox.com\/wp-content\/uploads\/2024\/11\/design-esclusivo-icona-levup-60x60.png\" class=\"attachment-60x60 size-60x60\" alt=\"\" srcset=\"https:\/\/www.levupbox.com\/wp-content\/uploads\/2024\/11\/design-esclusivo-icona-levup-60x60.png 60w, https:\/\/www.levupbox.com\/wp-content\/uploads\/2024\/11\/design-esclusivo-icona-levup-12x12.png 12w, https:\/\/www.levupbox.com\/wp-content\/uploads\/2024\/11\/design-esclusivo-icona-levup.png 120w\" sizes=\"auto, (max-width: 60px) 100vw, 60px\" \/>\t\t\t\t\t\t\t\t\t\t\t\t\t\t\t\n\t\t\t\t\t\t\t<\/div>\n\t\t\t\t\t\t<\/div>\n\t\t\t\t\t\t\t\t\t\t<div class=\"info-box-content\">\n\t\t\t\t\t\t\t\t\t\t\t\t<div class=\"info-box-inner reset-last-child\"><p>Un design exclusif et \u00e9l\u00e9gant qui r\u00e9sout les probl\u00e8mes d&#039;espace tout en mettant en valeur votre voiture.<\/p>\n<\/div>\n\n\t\t\t\t\t\t\t\t\t\t\t<\/div>\n\n\t\t\t\t\t\n\t\t\t\t\t\t\t\t\t<\/div>\n\t\t\t<\/div>\n\t\t\t\t\t\t\t\t<\/div>\n\t\t\t\t\t<\/div>\n\n\t\t\t\t\t\t\t\t\t\t\t\t\t<div class=\"wd-nav-arrows wd-pos-sep wd-hover-1 wd-icon-1\">\n\t\t\t<div class=\"wd-btn-arrow wd-prev wd-disabled\">\n\t\t\t\t<div class=\"wd-arrow-inner\"><\/div>\n\t\t\t<\/div>\n\t\t\t<div class=\"wd-btn-arrow wd-next\">\n\t\t\t\t<div class=\"wd-arrow-inner\"><\/div>\n\t\t\t<\/div>\n\t\t<\/div>\n\t\t\t\t\t\t\t\t\t\t\t<\/div>\n\n\t\t\t\t\t\t\t\t\t\t\t<\/div>\n\t\t<div class=\"vc_empty_space\"   style=\"height: 20px\"><span class=\"vc_empty_space_inner\"><\/span><\/div><\/div><\/div><\/div><\/div><div class=\"vc_row-full-width vc_clearfix\"><\/div><div data-vc-full-width=\"true\" data-vc-full-width-temp=\"true\" data-vc-full-width-init=\"false\" class=\"vc_row wpb_row vc_row-fluid vc_custom_1731075660506 vc_row-has-fill wd-bg-center-center wd-rs-672e1e2246e28\"><div class=\"wpb_column vc_column_container vc_col-sm-12 vc_col-has-fill\"><div class=\"vc_column-inner vc_custom_1538394280375\"><div class=\"wpb_wrapper\">\n\t\t<div id=\"wd-668bf053915ab\" class=\"title-wrapper wd-wpb wd-set-mb reset-last-child  wd-rs-668bf053915ab wd-title-color-white wd-title-style-default text-center vc_custom_1720447189276 wd-width-enabled wd-underline-colored\" style=\"--wd-max-width: 70%;\">\n\t\t\t\n\t\t\t<div class=\"liner-continer\">\n\t\t\t\t<h4 class=\"woodmart-title-container title  wd-font-weight- wd-fontsize-l\" >Contactez-nous pour plus d&#039;informations<\/h4>\n\t\t\t\t\t\t\t<\/div>\n\t\t\t\n\t\t\t\t\t\t\t<div class=\"title-after_title reset-last-child  wd-fontsize-xs\">Demandez des informations sur nos coffres de toit de voiture, d\u00e9couvrez les distributeurs les plus proches de chez vous.<\/div>\n\t\t\t\n\t\t\t\n\t\t<\/div>\n\t\t\n\t\t<div id=\"wd-668bf0d1e52eb\" class=\"wd-rs-668bf0d1e52eb  wd-button-wrapper text-center\"><a href=\"https:\/\/www.levupbox.com\/fr\/contatti\/\" title=\"Contacts\" class=\"btn btn-color-primary btn-style-default btn-shape-rectangle btn-size-default\" target=\"_blank\" rel=\"noopener\">CONTACTEZ-NOUS<\/a><\/div><\/div><\/div><\/div><\/div><div class=\"vc_row-full-width vc_clearfix\"><\/div>\n<\/div>","protected":false},"excerpt":{"rendered":"S\u00fbrs, pratiques et \u00e9l\u00e9gants. Les coffres de toit LevUp subliment votre espace ! LEVUP est le fruit de plus de 40 ans d&#039;exp\u00e9rience dans le domaine.","protected":false},"author":3,"featured_media":0,"parent":0,"menu_order":0,"comment_status":"closed","ping_status":"closed","template":"","meta":{"footnotes":""},"class_list":["post-2205","page","type-page","status-publish","hentry"],"_links":{"self":[{"href":"https:\/\/www.levupbox.com\/fr\/wp-json\/wp\/v2\/pages\/2205","targetHints":{"allow":["GET"]}}],"collection":[{"href":"https:\/\/www.levupbox.com\/fr\/wp-json\/wp\/v2\/pages"}],"about":[{"href":"https:\/\/www.levupbox.com\/fr\/wp-json\/wp\/v2\/types\/page"}],"author":[{"embeddable":true,"href":"https:\/\/www.levupbox.com\/fr\/wp-json\/wp\/v2\/users\/3"}],"replies":[{"embeddable":true,"href":"https:\/\/www.levupbox.com\/fr\/wp-json\/wp\/v2\/comments?post=2205"}],"version-history":[{"count":22,"href":"https:\/\/www.levupbox.com\/fr\/wp-json\/wp\/v2\/pages\/2205\/revisions"}],"predecessor-version":[{"id":2421,"href":"https:\/\/www.levupbox.com\/fr\/wp-json\/wp\/v2\/pages\/2205\/revisions\/2421"}],"wp:attachment":[{"href":"https:\/\/www.levupbox.com\/fr\/wp-json\/wp\/v2\/media?parent=2205"}],"curies":[{"name":"wp","href":"https:\/\/api.w.org\/{rel}","templated":true}]}}