{"id":2191,"date":"2024-11-07T08:51:08","date_gmt":"2024-11-07T08:51:08","guid":{"rendered":"https:\/\/www.levupbox.com\/?page_id=2191"},"modified":"2024-11-07T08:51:08","modified_gmt":"2024-11-07T08:51:08","slug":"condizioni-di-vendita","status":"publish","type":"page","link":"https:\/\/www.levupbox.com\/fr\/condizioni-di-vendita\/","title":{"rendered":"Conditions de vente"},"content":{"rendered":"<h3><strong>\u00a0<\/strong><strong>CONDITIONS DE VENTE<\/strong><\/h3>\n<p><strong>PR\u00c9MISSE<\/strong><\/p>\n<p>La soci\u00e9t\u00e9 <strong>LIBRE PLAST Srl <\/strong>, ci-apr\u00e8s d\u00e9nomm\u00e9e la \u00ab Soci\u00e9t\u00e9 \u00bb.<\/p>\n<p>Afin de mieux r\u00e9pondre aux attentes des consommateurs, la Soci\u00e9t\u00e9 a mis en place un syst\u00e8me de vente \u00e0 distance via Internet pour une s\u00e9lection des articles mentionn\u00e9s ci-dessus. Ce syst\u00e8me est r\u00e9gi par les termes et conditions indiqu\u00e9s ci-dessous ainsi que par les dispositions sur les contrats \u00e0 distance conform\u00e9ment au d\u00e9cret l\u00e9gislatif 206\/2005 (Code de la consommation) en vertu desquelles\u00a0:<\/p>\n<ol>\n<li>I) \u00ab contrat de vente en ligne \u00bb d\u00e9signe le contrat \u00e0 distance, c&#039;est-\u00e0-dire l&#039;acte juridique portant sur un bien mobilier et\/ou un service stipul\u00e9 entre un professionnel, en l&#039;occurrence<strong> LIBRE PLAST SRL<\/strong>, via le service en ligne <strong><a href=\"http:\/\/www.LevupBox.com\" target=\"_blank\" rel=\"noopener\">LevupBox.com<\/a> <\/strong>et un consommateur, dans le cadre d&#039;un syst\u00e8me de vente \u00e0 distance organis\u00e9 par le professionnel qui, pour ce contrat, utilise exclusivement la technologie de communication \u00e0 distance appel\u00e9e Internet ;<\/li>\n<li>II) \u00ab professionnel \u00bb d\u00e9signe la personne physique ou morale qui agit dans l&#039;exercice de son activit\u00e9 entrepreneuriale, commerciale, artisanale ou professionnelle, ou son interm\u00e9diaire ;<\/li>\n<\/ol>\n<p>III) \u00ab consommateur \u00bb d\u00e9signe la personne physique majeure qui agit \u00e0 des fins \u00e9trang\u00e8res \u00e0 toute activit\u00e9 entrepreneuriale, commerciale, artisanale ou professionnelle exerc\u00e9e.<\/p>\n<p><strong>ARTICLE 1<\/strong><br \/>\nCHAMP D&#039;APPLICATION<\/p>\n<p>Les pr\u00e9sentes conditions g\u00e9n\u00e9rales de vente r\u00e9gissent la vente par la Soci\u00e9t\u00e9 \u00e0 ses clients des articles vendus via le site Internet accessible \u00e0 l&#039;adresse <strong><a href=\"http:\/\/www.LevupBox.com\" target=\"_blank\" rel=\"noopener\">www.LevupBox.com<\/a> .<\/strong><\/p>\n<p>La possibilit\u00e9 d&#039;acheter des articles \u00e0 distance via les sites est r\u00e9serv\u00e9e exclusivement aux clients personnes physiques majeures, qui agissent en tant que consommateurs conform\u00e9ment au d\u00e9cret l\u00e9gislatif 206\/2005 pour effectuer eux-m\u00eames un achat et qui sont titulaires d&#039;un cr\u00e9dit de carte de cr\u00e9dit tel que mieux d\u00e9fini. dans l&#039;art suivant. 6.3.<br \/>\nAux fins ci-dessus, le consommateur d\u00e9clare express\u00e9ment acheter les articles pour un usage personnel en dehors de toute activit\u00e9 professionnelle exerc\u00e9e.<br \/>\nLa Soci\u00e9t\u00e9 se r\u00e9serve le droit de modifier ou de mettre \u00e0 jour les pr\u00e9sentes conditions g\u00e9n\u00e9rales de vente \u00e0 tout moment et sans pr\u00e9avis. Le consommateur reconna\u00eet et accepte que l&#039;achat des articles sera r\u00e9gi de temps \u00e0 autre par les conditions g\u00e9n\u00e9rales de vente pr\u00e9sentes dans la version en vigueur au moment de la commande via le site. Le consommateur est donc tenu de v\u00e9rifier la version en vigueur des conditions g\u00e9n\u00e9rales de vente avant de passer commande.<\/p>\n<p><strong>ARTICLE 2<\/strong><br \/>\nIDENTIFICATION DU VENDEUR<\/p>\n<p><strong>LIBRE PLAST Srl <\/strong>dont le si\u00e8ge social est \u00e0<\/p>\n<p><strong>Via Idris Faccini, 95 44034 Copparo (FE) Italie<\/strong><\/p>\n<p><strong>ARTICLE 3<\/strong><br \/>\nINFORMATIONS RELATIVES AUX ARTICLES<\/p>\n<p>Les informations caract\u00e9ristiques essentielles des articles (\u00e0 titre d&#039;exemple mais non limitatif : type, d\u00e9nomination, couleur, taille, propri\u00e9t\u00e9s, mati\u00e8res, composition, etc.) sont disponibles en acc\u00e9dant aux sites. Le consommateur est toutefois conscient et accepte que, bien que les reproductions photographiques et autres reproductions des articles repr\u00e9sentent fid\u00e8lement les produits originaux, elles sont fournies par la Soci\u00e9t\u00e9 \u00e0 titre exclusivement indicatif et n&#039;ont aucune valeur contractuelle et que par cons\u00e9quent les articles, bien que conformes \u00e0 la description faite par la Soci\u00e9t\u00e9, peuvent ne pas \u00eatre parfaitement identiques \u00e0 ceux repr\u00e9sent\u00e9s dans les reproductions photographiques ou autres reproductions.<br \/>\nLe consommateur accepte donc que la Soci\u00e9t\u00e9 ne soit en aucun cas tenue responsable des diff\u00e9rences imperceptibles et marginales constat\u00e9es entre les articles livr\u00e9s par rapport \u00e0 ceux pr\u00e9sent\u00e9s au consommateur au moment de la formulation du bon de commande.<\/p>\n<p><strong>ARTICLE 4<\/strong><br \/>\nCOMMANDE DE PRODUITS<\/p>\n<p>4.1<br \/>\nPour pouvoir acheter des articles \u00e0 distance, le consommateur doit suivre la proc\u00e9dure d\u00e9crite \u00e0 l&#039;article 5 ci-dessous.<br \/>\nLes commandes seront accept\u00e9es par la Soci\u00e9t\u00e9 dans la limite des disponibilit\u00e9s des entrep\u00f4ts. Le consommateur, avant de passer la commande, sera inform\u00e9 de la limite de disponibilit\u00e9 des stocks. Si, apr\u00e8s que le consommateur a formalis\u00e9 la commande, il s&#039;av\u00e8re que les articles demand\u00e9s ne sont plus disponibles, la Soci\u00e9t\u00e9 en informera le consommateur et lui remboursera tout montant pay\u00e9 selon les instructions que le consommateur souhaite lui-m\u00eame fournir.<\/p>\n<p>4.2<br \/>\nc) Les donn\u00e9es personnelles, l&#039;adresse, le num\u00e9ro de t\u00e9l\u00e9phone et l&#039;e-mail doivent \u00eatre exclusivement vos donn\u00e9es personnelles r\u00e9elles. Il est strictement interdit au consommateur de saisir des donn\u00e9es fausses et\/ou invent\u00e9es et\/ou imaginaires dans la proc\u00e9dure d&#039;enregistrement n\u00e9cessaire pour activer le processus d&#039;ex\u00e9cution de ce contrat et des communications ult\u00e9rieures qui y sont li\u00e9es.<\/p>\n<ol>\n<li>d) Il est interdit de saisir des donn\u00e9es de tiers. La soci\u00e9t\u00e9 se r\u00e9serve le droit de poursuivre l\u00e9galement toute violation et abus, dans l&#039;int\u00e9r\u00eat et pour la protection de tous les consommateurs.<\/li>\n<li>e) Le consommateur exon\u00e8re la Soci\u00e9t\u00e9 de toute responsabilit\u00e9 d\u00e9coulant de l&#039;\u00e9mission de documents fiscaux incorrects en raison d&#039;erreurs li\u00e9es aux donn\u00e9es fournies par le consommateur, car il est lui-m\u00eame seul responsable de leur insertion correcte.<\/li>\n<\/ol>\n<p>Le consommateur s&#039;engage \u00e0 passer ses commandes dans le respect des pr\u00e9sentes conditions g\u00e9n\u00e9rales de vente et notamment \u00e0 fournir des informations compl\u00e8tes, exactes et mises \u00e0 jour. Si la Soci\u00e9t\u00e9 constate que la commande n&#039;est pas conforme aux dispositions des pr\u00e9sentes conditions g\u00e9n\u00e9rales de vente (\u00e0 titre d&#039;exemple, mais sans s&#039;y limiter, des commandes contenant des informations incorrectes sur l&#039;adresse de livraison), la Soci\u00e9t\u00e9 en informera le consommateur en par email dans les 6 jours ouvr\u00e9s suivant la passation de la commande, demandant une rectification de la commande pour la rendre conforme aux pr\u00e9sentes conditions g\u00e9n\u00e9rales de vente.<\/p>\n<p>4.3<br \/>\nLa Soci\u00e9t\u00e9 aura cependant le droit, \u00e0 sa discr\u00e9tion, de refuser :<br \/>\n\u2022 les commandes pass\u00e9es par un consommateur avec lequel il existe un litige relatif au paiement d&#039;un bien vendu ant\u00e9rieurement ;<br \/>\n\u2022 les commandes non conformes aux pr\u00e9sentes conditions g\u00e9n\u00e9rales de vente et non rectifi\u00e9es par le consommateur<\/p>\n<p>4.4<br \/>\nN&#039;oubliez pas que conform\u00e9ment \u00e0 l&#039;art. 13 du d\u00e9cret l\u00e9gislatif du 30 juin 2003, n. 196, les donn\u00e9es personnelles saisies sur la page sp\u00e9cifique du site au moment de la passation de la commande seront trait\u00e9es par la Soci\u00e9t\u00e9 exclusivement dans le but de finaliser la vente et la livraison des articles et seront conserv\u00e9es par celle-ci exclusivement pour remplir les obligations l\u00e9gales. , obligations fiscales et comptables. La fourniture de ces donn\u00e9es par le consommateur est n\u00e9cessaire pour mener \u00e0 bien la proc\u00e9dure d&#039;achat des articles. Le responsable du traitement des donn\u00e9es est <strong>Freeeplast Srl<\/strong> Le consommateur pourra exercer tous les droits reconnus par l&#039;article 7 du d\u00e9cret l\u00e9gislatif du 30 juin 2003 comme, \u00e0 titre d&#039;exemple, le droit d&#039;acc\u00e9der aux donn\u00e9es, le droit de mettre \u00e0 jour, d&#039;annuler, de rectifier, d&#039;int\u00e9grer, de bloquer les donn\u00e9es ou de transformer. sous forme anonyme ainsi que le droit de vous opposer \u00e0 l&#039;envoi d&#039;informations commerciales et, en tout \u00e9tat de cause, pour des motifs l\u00e9gitimes, au traitement de vos donn\u00e9es en contactant directement, sans formalit\u00e9, la Soci\u00e9t\u00e9 par e-mail \u00e0 l&#039;adresse <strong>www.Levupbox.com <\/strong>ou par courrier.<\/p>\n<p><strong>ARTICLE 5<\/strong><br \/>\nPRIX DES ARTICLES<\/p>\n<p>Les prix des articles s&#039;entendent toutes taxes et droits compris, hors frais de port. Le prix de chaque article, ainsi que le montant des frais de port, sont communiqu\u00e9s au consommateur avant la conclusion du contrat. Les frais d&#039;exp\u00e9dition n&#039;incluent pas les \u00e9ventuels droits de douane, qui sont \u00e0 la charge du consommateur. <strong>Tous les prix sont exprim\u00e9s en euros et incluent la TVA.<\/strong><\/p>\n<p><strong>ARTICLE 6<\/strong><br \/>\nMETHODE D&#039;ACHAT<\/p>\n<p>6.1 \u2013 INSCRIPTION<br \/>\nEn remplissant la fiche de donn\u00e9es personnelles dans la proc\u00e9dure d&#039;inscription demand\u00e9e par le site, le consommateur autorise <strong>Freeeplast Srl <\/strong>communiquer des donn\u00e9es personnelles non sensibles (r\u00e9sidence, num\u00e9ro de t\u00e9l\u00e9phone) aux coursiers et\/ou exp\u00e9diteurs de confiance utilis\u00e9s pour la livraison des marchandises achet\u00e9es, afin de permettre les proc\u00e9dures n\u00e9cessaires \u00e0 leur livraison.<\/p>\n<p>Il est possible d&#039;inclure dans la commande d&#039;\u00e9ventuelles Notes d&#039;Exp\u00e9dition, comme par exemple le nom de la personne \u00e0 qui le colis doit \u00eatre livr\u00e9 en cas d&#039;absence du destinataire.<br \/>\nA cet \u00e9gard, le consommateur s&#039;engage \u00e0 communiquer l&#039;adresse exacte de sa r\u00e9sidence habituelle ou celle du tiers.<\/p>\n<p><strong>6.2 \u2013 PAIEMENT<\/strong><br \/>\nUne fois les donn\u00e9es saisies, il est possible de voir le r\u00e9capitulatif de la commande et de choisir le type de paiement.<\/p>\n<p>Apr\u00e8s quelques secondes, le syst\u00e8me vous dirigera vers le site li\u00e9 \u00e0 l&#039;institution bancaire qui poss\u00e8de et g\u00e8re le service de paiement en ligne, auquel NOM DE LA SOCI\u00c9T\u00c9 ne pourra en aucun cas acc\u00e9der.<\/p>\n<p>Le paiement peut \u00eatre effectu\u00e9 via <strong>PayPal (accepte toute carte de cr\u00e9dit, y compris la carte PostePay), Satispay ou virement bancaire<\/strong>.<\/p>\n<p><strong>PAYPAL<\/strong><\/p>\n<ol>\n<li>Une fois que vous avez atteint l&#039;\u00e9tape de paiement, s\u00e9lectionnez PayPal et cliquez sur Terminer la commande.<\/li>\n<li>Vous serez redirig\u00e9 vers PayPal, connectez-vous avec l&#039;e-mail et le mot de passe de votre compte PayPal. Si vous n&#039;avez pas de compte PayPal, cliquez sur Vous n&#039;avez pas de compte PayPal ? vous pouvez toujours payer avec votre carte de cr\u00e9dit.<\/li>\n<li>Terminez le paiement en cliquant sur Payer.<\/li>\n<\/ol>\n<p><strong>SATISFAIRE<\/strong><\/p>\n<ol>\n<li>Une fois arriv\u00e9 \u00e0 l\u2019\u00e9tape Paiement, s\u00e9lectionnez Satispay et cliquez sur Terminer la commande.<\/li>\n<li>Vous serez redirig\u00e9 vers Satispay, connectez-vous avec l&#039;email et le mot de passe de votre compte Satispay. Si vous n&#039;avez pas de compte Satispay cliquez sur Vous n&#039;avez pas de compte Satispay et vous pouvez toujours payer avec votre carte bancaire.<\/li>\n<li>Terminez le paiement en cliquant sur Payer.<\/li>\n<\/ol>\n<p><strong>VIREMENT BANCAIRE<\/strong><\/p>\n<ol>\n<li>Une fois que vous avez atteint l&#039;\u00e9tape de paiement, s\u00e9lectionnez Virement bancaire et cliquez sur Terminer la commande.<\/li>\n<li>Vous recevrez un email de confirmation de la cr\u00e9ation de la commande o\u00f9 vous trouverez toutes les informations pour effectuer le virement.<\/li>\n<li>Effectuez le virement bancaire \u00e0 <strong>Freeeplast Srl <\/strong>,<br \/>\n<strong>IBAN IT80 R 03069 13098 1000 0000 2162 <\/strong><\/li>\n<\/ol>\n<p><strong>\/ SWIFT BCITITMM <\/strong>et entrez comment <strong>CAUSAL <\/strong>le num\u00e9ro de commande<\/p>\n<ol start=\"4\">\n<li>Envoyez votre re\u00e7u par courrier \u00e9lectronique \u00e0 <strong><a href=\"mailto:Amministrazione@freeplast.com\">Amministrazione@freeplast.com<\/a> <\/strong>en pr\u00e9cisant le num\u00e9ro de commande, le nom et le pr\u00e9nom.<\/li>\n<li>Il est important qu&#039;apr\u00e8s avoir effectu\u00e9 le virement, vous nous envoyiez le re\u00e7u le plus rapidement possible. Apr\u00e8s avoir effectu\u00e9 les v\u00e9rifications n\u00e9cessaires, nous exp\u00e9dierons les produits que vous avez command\u00e9s.<\/li>\n<\/ol>\n<p><strong>6.3 \u2013 CONFIRMATION DE COMMANDE<\/strong><br \/>\nUne fois que vous aurez saisi les donn\u00e9es de la carte de paiement, le syst\u00e8me vous informera que la commande a \u00e9t\u00e9 accept\u00e9e et vous enverra un e-mail de confirmation de commande.<\/p>\n<p>En g\u00e9n\u00e9ral, <strong>Free Plast Srl <\/strong>et le consommateur conviennent que les messages \u00e9lectroniques ainsi que les syst\u00e8mes d&#039;enregistrement automatique feront foi entre les parties comme preuve de l&#039;envoi du bon de commande, compte tenu notamment de la nature et de la date de la commande. Dans tous les cas, il est recommand\u00e9 au consommateur de conserver une copie papier ou \u00e9lectronique de la commande envoy\u00e9e et du message \u00e9lectronique envoy\u00e9 par <a href=\"mailto:info@Levupbox.com\">info@Levupbox.com<\/a> .<\/p>\n<p><strong>ARTICLE 7<\/strong><br \/>\nLIVRAISON<\/p>\n<p>La livraison des articles sera effectu\u00e9e uniquement :<\/p>\n<ul>\n<li>au lieu de r\u00e9sidence habituelle du consommateur ou<br \/>\n\u00e0 l&#039;adresse du tiers indiqu\u00e9e par le consommateur pour la livraison au moment de la commande ; veuillez noter que cette adresse doit correspondre au lieu de r\u00e9sidence habituelle du tiers b\u00e9n\u00e9ficiaire choisi par le consommateur ou, \u00e0 d\u00e9faut, \u00e0 l&#039;adresse de l&#039;entreprise o\u00f9 le tiers exerce son activit\u00e9 ;<\/li>\n<li>il est entendu qu&#039;elle ne pourra en aucun cas \u00eatre effectu\u00e9e ni dans les h\u00f4tels, ni dans les bo\u00eetes postales.<\/li>\n<\/ul>\n<p>Tous nos envois sont assur\u00e9s, afin de garantir une totale tranquillit\u00e9 d&#039;esprit \u00e0 nos consommateurs.<\/p>\n<p>Dans le cas o\u00f9 le client re\u00e7oit l&#039;article avec un emballage visiblement endommag\u00e9, il faudra autoriser la livraison du colis avec<strong> R\u00e9serve de contr\u00f4le sp\u00e9cifique <\/strong>au moment de la livraison, <strong>en pr\u00e9cisant : colis endommag\u00e9<\/strong> .<\/p>\n<p>Il sera alors important de photographier le colis \u00e0 son arriv\u00e9e (en cadrant de pr\u00e9f\u00e9rence le v\u00e9hicule du coursier).<\/p>\n<p>Si le coffre a subi des dommages, envoyez-le simplement \u00e0 <a href=\"mailto:info@levupbox.com\">info@levupbox.com<\/a> les images du dommage, la r\u00e9f\u00e9rence de la commande ainsi que la date et l&#039;heure de livraison pour obtenir le remplacement imm\u00e9diat de l&#039;article.<\/p>\n<p>La livraison des articles aura lieu apr\u00e8s enregistrement du paiement du montant de la commande, \u00e0 l&#039;adresse indiqu\u00e9e par le consommateur pour la livraison. <strong>La livraison des articles command\u00e9s sera effectu\u00e9e au plus tard 15 jours apr\u00e8s la date de commande.<\/strong><\/p>\n<p>Une facture reprenant le d\u00e9tail des articles command\u00e9s et les prix appliqu\u00e9s sera d\u00e9livr\u00e9e avec la marchandise.<\/p>\n<p><strong>ARTICLE 8<\/strong><br \/>\nR\u00c9SERVE DE PROPRI\u00c9T\u00c9<\/p>\n<p>La Soci\u00e9t\u00e9 se r\u00e9serve la propri\u00e9t\u00e9 des articles livr\u00e9s jusqu&#039;au paiement int\u00e9gral de leur prix en principal et int\u00e9r\u00eats. Le paiement est finalis\u00e9 d\u00e8s l&#039;encaissement effectif du prix.<br \/>\nEn cas de non-paiement du prix, m\u00eame partiel, la Soci\u00e9t\u00e9 pourra, sans mise en demeure pr\u00e9alable, r\u00e9clamer le(s) article(s) qui auront \u00e9t\u00e9 livr\u00e9s par la Soci\u00e9t\u00e9 au consommateur.<\/p>\n<p><strong>ARTICLE 9<\/strong><br \/>\nDROIT DE R\u00c9TRACTATION ET RETOUR DES ARTICLES<\/p>\n<p>Le consommateur dispose d&#039;un droit de r\u00e9tractation qu&#039;il peut exercer, sans avoir \u00e0 justifier de motifs, dans un d\u00e9lai de <strong>huit jours ouvrables<\/strong> \u00e0 compter du jour de r\u00e9ception des articles command\u00e9s. Dans ce cas, le consommateur, dans le d\u00e9lai susvis\u00e9, a le droit de retourner les articles \u00e0 la Soci\u00e9t\u00e9, dans leur emballage d&#039;origine, en parfait \u00e9tat, complets (accessoires, notice d&#039;information, garantie, etc.) et accompagn\u00e9s d&#039;une copie du la facture, le tout \u00e0 l&#039;adresse indiqu\u00e9e sur la facture.<\/p>\n<p>Il appartiendra au consommateur de conserver la preuve de ce retour en envoyant les articles par courrier recommand\u00e9 ou par tout autre moyen indiquant la date certaine ; les frais de retour seront \u00e0 la charge du consommateur.<\/p>\n<p>Le remboursement du prix factur\u00e9 des articles retourn\u00e9s sera effectu\u00e9 par cr\u00e9dit sur le compte bancaire du consommateur au plus tard trente jours apr\u00e8s r\u00e9ception des articles retourn\u00e9s par la Soci\u00e9t\u00e9.<\/p>\n<p>Les articles retourn\u00e9s incomplets, port\u00e9s, endommag\u00e9s, d\u00e9t\u00e9rior\u00e9s ou salis pour des raisons imputables au consommateur ne seront pas rembours\u00e9s et ne donneront en aucun cas lieu \u00e0 la reconnaissance d&#039;un avoir \u00e9gal au prix de l&#039;article initialement command\u00e9.<\/p>\n<p><strong>ARTICLE 10<\/strong><br \/>\nCONFORMIT\u00c9 \u2013 GARANTIE<\/p>\n<p>Le consommateur doit s&#039;assurer que les articles qui lui sont livr\u00e9s correspondent \u00e0 sa commande. Dans le cas o\u00f9 les articles livr\u00e9s ne seraient pas conformes \u00e0 la commande pass\u00e9e, le consommateur devra en informer la Soci\u00e9t\u00e9 dans les plus brefs d\u00e9lais ou, par email envoy\u00e9 \u00e0 l&#039;adresse <strong>info@Levupbox.com <\/strong>et justifier de la non-conformit\u00e9 de l&#039;article \u00e0 la commande et, en accord avec la Soci\u00e9t\u00e9, devra restituer les articles concern\u00e9s dans leur emballage d&#039;origine, en parfait \u00e9tat, complet (accessoires, notice d&#039;information, garantie, etc.) et accompagn\u00e9 de une copie de la facture, \u00e0 l&#039;adresse indiqu\u00e9e sur la facture.<\/p>\n<p>Le retour de l&#039;article doit \u00eatre effectu\u00e9 par courrier recommand\u00e9 ou par tout autre moyen indiquant la date certaine ; les frais de retour seront \u00e0 la charge de la Soci\u00e9t\u00e9 si la non-conformit\u00e9 de l&#039;article \u00e0 la commande du consommateur est reconnue.<\/p>\n<p>Sans pr\u00e9judice d&#039;\u00e9ventuelles conditions particuli\u00e8res de garantie accord\u00e9es au consommateur sur l&#039;article livr\u00e9, les articles sont soumis aux garanties l\u00e9gales.<\/p>\n<p><strong>ARTICLE 11<\/strong><br \/>\nDROIT DE LA PROPRI\u00c9T\u00c9 INTELLECTUELLE<\/p>\n<p>Le consommateur s&#039;interdit de reproduire le site, en tout ou partie, sous quelque format ou support que ce soit. Les articles et marques figuratives et non figuratives, et plus g\u00e9n\u00e9ralement toutes autres marques, illustrations, images, dessins, mod\u00e8les et logos figurant sur les articles, leurs accessoires et\/ou leur emballage, qu&#039;ils aient \u00e9t\u00e9 d\u00e9pos\u00e9s ou non, tels que ainsi que les brevets, sont et resteront \u00e0 l&#039;usage exclusif de la Soci\u00e9t\u00e9. Toute reproduction ou utilisation totale ou partielle de ces marques, illustrations, images et logos, dessins et mod\u00e8les, pour quelque motif et sur quelque support que ce soit, sans l&#039;accord pr\u00e9alable, expr\u00e8s et \u00e9crit de la Soci\u00e9t\u00e9, est strictement interdite. Il en est de m\u00eame pour les marques ou autres signes distinctifs r\u00e9sultant de l&#039;utilisation de marques et\/ou signes distinctifs appartenant \u00e0 la Soci\u00e9t\u00e9. De m\u00eame, toute utilisation non conforme \u00e0 la pr\u00e9sente licence d&#039;utilisation du site et notamment l&#039;utilisation de l&#039;un quelconque des \u00e9l\u00e9ments qui le composent (articles pr\u00e9sent\u00e9s, descriptions, prix, donn\u00e9es, logiciels, graphismes, images, textes, photographies, outils, etc.) \u00e0 vendre ou \u00e0 toute autre utilisation commerciale directe ou indirecte.<\/p>\n<p><strong>ARTICLE 12<\/strong><br \/>\nLIMITATION DE RESPONSABILIT\u00c9<\/p>\n<p>Aux fins des pr\u00e9sentes conditions g\u00e9n\u00e9rales de vente, la Soci\u00e9t\u00e9 ne saurait \u00eatre tenue pour responsable :<br \/>\n\u2022 pour des interruptions ou des retards dus \u00e0 l&#039;ex\u00e9cution de travaux de maintenance sur le site, \u00e0 des pannes techniques, \u00e0 une cause de force majeure, au fait d&#039;un tiers ou \u00e0 toute circonstance ind\u00e9pendante de sa volont\u00e9 ;<br \/>\n\u2022 l&#039;impossibilit\u00e9 pour le consommateur ou la Soci\u00e9t\u00e9 d&#039;acc\u00e9der temporairement au site, en raison de faits ind\u00e9pendants de sa volont\u00e9, tels que des cas de panne informatique, d&#039;interruptions du r\u00e9seau t\u00e9l\u00e9phonique, du r\u00e9seau Internet ou du non fonctionnement du mat\u00e9riel de r\u00e9ception du consommateur du r\u00e9seau Internet.<\/p>\n<p><strong>ARTICLE 13<\/strong><br \/>\nFORCE MAJEURE<\/p>\n<p>La Soci\u00e9t\u00e9 n&#039;assume aucune responsabilit\u00e9 en cas d&#039;\u00e9chec ou de retard de livraison d\u00fb \u00e0 un cas de force majeure ou \u00e0 des circonstances impr\u00e9visibles.<\/p>\n<p>Sont consid\u00e9r\u00e9s comme cas de force majeure, \u00e0 titre d&#039;exemple et sans s&#039;y limiter, les \u00e9meutes, les insurrections, les troubles sociaux, les pannes t\u00e9l\u00e9phoniques ou informatiques ou les atteintes graves \u00e0 la s\u00e9curit\u00e9 et au fonctionnement d&#039;Internet, les gr\u00e8ves de toute nature et l&#039;impossibilit\u00e9 d&#039;approvisionnement de la Soci\u00e9t\u00e9. .<\/p>\n<p>La Soci\u00e9t\u00e9 informera le consommateur d&#039;un tel \u00e9v\u00e9nement de force majeure dans les sept jours suivant sa survenance. Dans le cas o\u00f9 cette suspension de l&#039;ex\u00e9cution des obligations de la Soci\u00e9t\u00e9 se prolongerait au-del\u00e0 d&#039;un d\u00e9lai de quinze jours, le consommateur aura alors la possibilit\u00e9 d&#039;annuler la commande en cours et la Soci\u00e9t\u00e9 remboursera le prix dans un bref d\u00e9lai en cr\u00e9ditant le cr\u00e9dit du consommateur. compte courant.<\/p>\n<p><strong>ARTICLE 14<\/strong><br \/>\nCONSENTEMENT<\/p>\n<p>Le manquement ou le retard dans l&#039;exercice d&#039;un droit par la Soci\u00e9t\u00e9 ou le manquement ou le retard dans la demande d&#039;ex\u00e9cution des obligations support\u00e9es par le consommateur n&#039;entra\u00eenera en aucun cas une renonciation auxdits droits et r\u00e9clamations, ni ne portera pr\u00e9judice \u00e0 l&#039;exercice ou \u00e0 l&#039;application de les m\u00eames droits ou de tout autre droit \u00e0 tout moment ult\u00e9rieur.<\/p>\n<p><strong>ARTICLE 15<\/strong><br \/>\nVALIDIT\u00c9 DES CONDITIONS G\u00c9N\u00c9RALES DE VENTE<\/p>\n<p>L&#039;inefficacit\u00e9, la nullit\u00e9 ou l&#039;inapplicabilit\u00e9 de l&#039;une quelconque des clauses des pr\u00e9sentes conditions g\u00e9n\u00e9rales de vente ne peut entra\u00eener l&#039;inefficacit\u00e9, la nullit\u00e9 ou l&#039;inapplicabilit\u00e9 des autres conditions g\u00e9n\u00e9rales de vente, ces derni\u00e8res restant pleinement valables et efficaces entre les parties.<\/p>\n<p><strong>ARTICLE 16<\/strong><br \/>\nLOI APPLICABLE \u2013 TRIBUNAL COMP\u00c9TENT<\/p>\n<p>Tout litige relatif \u00e0 l&#039;application, l&#039;ex\u00e9cution, l&#039;interpr\u00e9tation et la violation des contrats d&#039;achat stipul\u00e9s via le site Internet <strong>www.Levupboxbox.com<\/strong> est soumis \u00e0 la juridiction italienne\u00a0; les pr\u00e9sentes conditions g\u00e9n\u00e9rales se r\u00e9f\u00e8rent, bien que cela n&#039;y soit pas express\u00e9ment pr\u00e9vu, aux r\u00e8gles \u00e9tablies par le Code civil, ainsi que par le d\u00e9cret l\u00e9gislatif. 206\/2005.<\/p>\n<p>Pour tout litige entre les parties au titre du pr\u00e9sent contrat, le tribunal dans lequel le consommateur a son domicile sera comp\u00e9tent ; pour tous les autres litiges ce sera exclusif <strong>la juridiction est le Tribunal de FERRARE.<\/strong><\/p>","protected":false},"excerpt":{"rendered":"<p>\u00a0CONDIZIONI DI VENDITA PREMESSA La societ\u00e0 FREE PLAST Srl , qui di seguito denominata la \u2018Societ\u00e0&#8217;. Per meglio rispondere alle<\/p>","protected":false},"author":3,"featured_media":0,"parent":0,"menu_order":0,"comment_status":"closed","ping_status":"closed","template":"","meta":{"footnotes":""},"class_list":["post-2191","page","type-page","status-publish","hentry"],"_links":{"self":[{"href":"https:\/\/www.levupbox.com\/fr\/wp-json\/wp\/v2\/pages\/2191","targetHints":{"allow":["GET"]}}],"collection":[{"href":"https:\/\/www.levupbox.com\/fr\/wp-json\/wp\/v2\/pages"}],"about":[{"href":"https:\/\/www.levupbox.com\/fr\/wp-json\/wp\/v2\/types\/page"}],"author":[{"embeddable":true,"href":"https:\/\/www.levupbox.com\/fr\/wp-json\/wp\/v2\/users\/3"}],"replies":[{"embeddable":true,"href":"https:\/\/www.levupbox.com\/fr\/wp-json\/wp\/v2\/comments?post=2191"}],"version-history":[{"count":3,"href":"https:\/\/www.levupbox.com\/fr\/wp-json\/wp\/v2\/pages\/2191\/revisions"}],"predecessor-version":[{"id":2194,"href":"https:\/\/www.levupbox.com\/fr\/wp-json\/wp\/v2\/pages\/2191\/revisions\/2194"}],"wp:attachment":[{"href":"https:\/\/www.levupbox.com\/fr\/wp-json\/wp\/v2\/media?parent=2191"}],"curies":[{"name":"wp","href":"https:\/\/api.w.org\/{rel}","templated":true}]}}