{"id":143,"date":"2024-06-28T12:59:02","date_gmt":"2024-06-28T12:59:02","guid":{"rendered":"http:\/\/levup-box.local\/?page_id=143"},"modified":"2025-11-24T09:40:53","modified_gmt":"2025-11-24T09:40:53","slug":"faq","status":"publish","type":"page","link":"https:\/\/www.levupbox.com\/fr\/faq\/","title":{"rendered":"FAQ"},"content":{"rendered":"<div class=\"wpb-content-wrapper\"><div class=\"vc_row wpb_row vc_row-fluid\"><div class=\"wpb_column vc_column_container vc_col-sm-12\"><div class=\"vc_column-inner\"><div class=\"wpb_wrapper\">\n\t\t<div id=\"wd-6687b154e9931\" class=\"title-wrapper wd-wpb wd-set-mb reset-last-child  wd-rs-6687b154e9931 wd-title-color-default wd-title-style-default text-center  wd-underline-colored\">\n\t\t\t\n\t\t\t<div class=\"liner-continer\">\n\t\t\t\t<h1 class=\"woodmart-title-container title  wd-font-weight- wd-fontsize-xxl\" >QUESTIONS FR\u00c9QUENTES<\/h1>\n\t\t\t\t\t\t\t<\/div>\n\t\t\t\n\t\t\t\n\t\t\t\n\t\t<\/div>\n\t\t\n\t\t<\/div><\/div><\/div><\/div><div class=\"vc_row wpb_row vc_row-fluid wpb_animate_when_almost_visible wpb_fadeIn fadeIn vc_custom_1494510617612 vc_row-o-equal-height vc_row-flex\"><div class=\"wpb_column vc_column_container vc_col-sm-12 vc_col-lg-6 vc_col-md-6 vc_col-has-fill\"><div class=\"vc_column-inner vc_custom_1496938621896\"><div class=\"wpb_wrapper\">\n\t<div  class=\"wpb_single_image wpb_content_element vc_align_left\">\n\t\t\n\t\t<figure class=\"wpb_wrapper vc_figure\">\n\t\t\t<div class=\"vc_single_image-wrapper   vc_box_border_grey\"><img loading=\"lazy\" decoding=\"async\" width=\"1280\" height=\"960\" src=\"https:\/\/www.levupbox.com\/wp-content\/uploads\/2024\/11\/prodotto-faq-bauli-levup3.jpg\" class=\"vc_single_image-img attachment-full\" alt=\"\" title=\"produit-faq-bauli-levup3\" srcset=\"https:\/\/www.levupbox.com\/wp-content\/uploads\/2024\/11\/prodotto-faq-bauli-levup3.jpg 1280w, https:\/\/www.levupbox.com\/wp-content\/uploads\/2024\/11\/prodotto-faq-bauli-levup3-150x113.jpg 150w, https:\/\/www.levupbox.com\/wp-content\/uploads\/2024\/11\/prodotto-faq-bauli-levup3-1200x900.jpg 1200w, https:\/\/www.levupbox.com\/wp-content\/uploads\/2024\/11\/prodotto-faq-bauli-levup3-300x225.jpg 300w, https:\/\/www.levupbox.com\/wp-content\/uploads\/2024\/11\/prodotto-faq-bauli-levup3-1024x768.jpg 1024w, https:\/\/www.levupbox.com\/wp-content\/uploads\/2024\/11\/prodotto-faq-bauli-levup3-768x576.jpg 768w, https:\/\/www.levupbox.com\/wp-content\/uploads\/2024\/11\/prodotto-faq-bauli-levup3-16x12.jpg 16w\" sizes=\"auto, (max-width: 1280px) 100vw, 1280px\" \/><\/div>\n\t\t<\/figure>\n\t<\/div>\n\n\t<div  class=\"wpb_single_image wpb_content_element vc_align_left\">\n\t\t\n\t\t<figure class=\"wpb_wrapper vc_figure\">\n\t\t\t<div class=\"vc_single_image-wrapper   vc_box_border_grey\"><img loading=\"lazy\" decoding=\"async\" width=\"1920\" height=\"1440\" src=\"https:\/\/www.levupbox.com\/wp-content\/uploads\/2024\/11\/prodotto-faq-bauli-levup2.jpg\" class=\"vc_single_image-img attachment-full\" alt=\"\" title=\"produit-faq-bauli-levup2\" srcset=\"https:\/\/www.levupbox.com\/wp-content\/uploads\/2024\/11\/prodotto-faq-bauli-levup2.jpg 1920w, https:\/\/www.levupbox.com\/wp-content\/uploads\/2024\/11\/prodotto-faq-bauli-levup2-150x113.jpg 150w, https:\/\/www.levupbox.com\/wp-content\/uploads\/2024\/11\/prodotto-faq-bauli-levup2-1200x900.jpg 1200w, https:\/\/www.levupbox.com\/wp-content\/uploads\/2024\/11\/prodotto-faq-bauli-levup2-300x225.jpg 300w, https:\/\/www.levupbox.com\/wp-content\/uploads\/2024\/11\/prodotto-faq-bauli-levup2-1024x768.jpg 1024w, https:\/\/www.levupbox.com\/wp-content\/uploads\/2024\/11\/prodotto-faq-bauli-levup2-768x576.jpg 768w, https:\/\/www.levupbox.com\/wp-content\/uploads\/2024\/11\/prodotto-faq-bauli-levup2-1536x1152.jpg 1536w, https:\/\/www.levupbox.com\/wp-content\/uploads\/2024\/11\/prodotto-faq-bauli-levup2-16x12.jpg 16w\" sizes=\"auto, (max-width: 1920px) 100vw, 1920px\" \/><\/div>\n\t\t<\/figure>\n\t<\/div>\n<\/div><\/div><\/div><div class=\"wpb_column vc_column_container vc_col-sm-12 vc_col-lg-6 vc_col-md-6\"><div class=\"vc_column-inner vc_custom_1496938627545\"><div class=\"wpb_wrapper\">\n\t\t<div id=\"wd-618257efccdb8\" class=\"wd-accordion wd-wpb wd-rs-618257efccdb8  wd-style-default wd-titles-left wd-opener-pos-right wd-opener-style-arrow\" data-state=\"first\">\n\t\t\t\t\t\t\t\n\t\t\t\t\n\t\t\t\t<div class=\"wd-accordion-item\">\n\t\t\t\t\t<div class=\"wd-accordion-title wd-role-btn wd-active font-text wd-fontsize-s wd-font-weight-600\" data-accordion-index=\"0\" tabindex=\"0\">\n\t\t\t\t\t\t<div class=\"wd-accordion-title-text\">\n\t\t\t\t\t\t\t\t\t\t\t\t\t\t<span>\n\t\t\t\t\t\t\t\tQuel coffre de toit est le mieux adapt\u00e9 \u00e0 mon v\u00e9hicule ?\t\t\t\t\t\t\t<\/span>\n\t\t\t\t\t\t<\/div>\n\t\t\t\t\t\t<span class=\"wd-accordion-opener\"><\/span>\n\t\t\t\t\t<\/div>\n\n\t\t\t\t\t<div class=\"wd-accordion-content wd-entry-content wd-active\" data-accordion-index=\"0\">\n\t\t\t\t\t\t\t\t\t\t\t\t\t<p>Tous les coffres de toit LEVUP conviennent \u00e0 tout type de v\u00e9hicule. Lors du choix du mod\u00e8le, veillez \u00e0 ne pas compromettre la visibilit\u00e9 du conducteur et l&#039;ouverture de la porte arri\u00e8re.<\/p>\n<p>Laissez notre configurateur vous aider \u00e0 v\u00e9rifier les proportions et les dimensions du coffre que vous avez choisi !<\/p>\n\t\t\t\t\t\t\t\t\t\t\t<\/div>\n\t\t\t\t<\/div>\n\t\t\t\t\t\t\t\n\t\t\t\t\n\t\t\t\t<div class=\"wd-accordion-item\">\n\t\t\t\t\t<div class=\"wd-accordion-title wd-role-btn font-text wd-fontsize-s wd-font-weight-600\" data-accordion-index=\"1\" tabindex=\"0\">\n\t\t\t\t\t\t<div class=\"wd-accordion-title-text\">\n\t\t\t\t\t\t\t\t\t\t\t\t\t\t<span>\n\t\t\t\t\t\t\t\tAi-je besoin d\u2019une perceuse ou d\u2019autres outils pour assembler le coffre de toit ?\t\t\t\t\t\t\t<\/span>\n\t\t\t\t\t\t<\/div>\n\t\t\t\t\t\t<span class=\"wd-accordion-opener\"><\/span>\n\t\t\t\t\t<\/div>\n\n\t\t\t\t\t<div class=\"wd-accordion-content wd-entry-content\" data-accordion-index=\"1\">\n\t\t\t\t\t\t\t\t\t\t\t\t\t<p>Aucun outil ni instrument. Les coffres de toit LEVUP sont d\u00e9j\u00e0 mont\u00e9s et peuvent \u00eatre assembl\u00e9s en quelques minutes, il suffit de les installer \u00e0 l&#039;aide du syst\u00e8me de fixation inclus.<\/p>\n\t\t\t\t\t\t\t\t\t\t\t<\/div>\n\t\t\t\t<\/div>\n\t\t\t\t\t\t\t\n\t\t\t\t\n\t\t\t\t<div class=\"wd-accordion-item\">\n\t\t\t\t\t<div class=\"wd-accordion-title wd-role-btn font-text wd-fontsize-s wd-font-weight-600\" data-accordion-index=\"2\" tabindex=\"0\">\n\t\t\t\t\t\t<div class=\"wd-accordion-title-text\">\n\t\t\t\t\t\t\t\t\t\t\t\t\t\t<span>\n\t\t\t\t\t\t\t\tLes coffres de toit sont-ils compatibles avec tous les types de barres du march\u00e9 ?\t\t\t\t\t\t\t<\/span>\n\t\t\t\t\t\t<\/div>\n\t\t\t\t\t\t<span class=\"wd-accordion-opener\"><\/span>\n\t\t\t\t\t<\/div>\n\n\t\t\t\t\t<div class=\"wd-accordion-content wd-entry-content\" data-accordion-index=\"2\">\n\t\t\t\t\t\t\t\t\t\t\t\t\t<p>Les barres de toit LEVUP contiennent \u00e0 l&#039;int\u00e9rieur un kit de fixation standard compos\u00e9 de 2 types diff\u00e9rents de boulons en U pour barres allant de 60 mm \u00e0 90 mm.<br \/>\nCe kit couvre la majorit\u00e9 des barres du march\u00e9. Le syst\u00e8me de couplage rapide couvre les barres d&#039;une largeur maximale de 85 mm, minimum 25 mm.<\/p>\n\t\t\t\t\t\t\t\t\t\t\t<\/div>\n\t\t\t\t<\/div>\n\t\t\t\t\t\t\t\n\t\t\t\t\n\t\t\t\t<div class=\"wd-accordion-item\">\n\t\t\t\t\t<div class=\"wd-accordion-title wd-role-btn font-text wd-fontsize-s wd-font-weight-600\" data-accordion-index=\"3\" tabindex=\"0\">\n\t\t\t\t\t\t<div class=\"wd-accordion-title-text\">\n\t\t\t\t\t\t\t\t\t\t\t\t\t\t<span>\n\t\t\t\t\t\t\t\tLes malles Levup peuvent-elles \u00e9galement \u00eatre utilis\u00e9es pour partir \u00e0 la montagne en hiver ? (charge de neige et changements de temp\u00e9rature)\t\t\t\t\t\t\t<\/span>\n\t\t\t\t\t\t<\/div>\n\t\t\t\t\t\t<span class=\"wd-accordion-opener\"><\/span>\n\t\t\t\t\t<\/div>\n\n\t\t\t\t\t<div class=\"wd-accordion-content wd-entry-content\" data-accordion-index=\"3\">\n\t\t\t\t\t\t\t\t\t\t\t\t\t<p>Toutes les malles LEVUP sont r\u00e9alis\u00e9es avec des mat\u00e9riaux techniquement de pointe, certifi\u00e9s selon les r\u00e9glementations les plus strictes qui comprennent, entre autres, des tests de conditionnement des mat\u00e9riaux et des tests dynamiques r\u00e9alis\u00e9s \u00e0 basse temp\u00e9rature.<br \/>\nLe m\u00eame tronc peut donc \u00eatre utilis\u00e9 aussi bien pour la mer que pour la montagne.<\/p>\n\t\t\t\t\t\t\t\t\t\t\t<\/div>\n\t\t\t\t<\/div>\n\t\t\t\t\t\t\t\n\t\t\t\t\n\t\t\t\t<div class=\"wd-accordion-item\">\n\t\t\t\t\t<div class=\"wd-accordion-title wd-role-btn font-text wd-fontsize-s wd-font-weight-600\" data-accordion-index=\"4\" tabindex=\"0\">\n\t\t\t\t\t\t<div class=\"wd-accordion-title-text\">\n\t\t\t\t\t\t\t\t\t\t\t\t\t\t<span>\n\t\t\t\t\t\t\t\tExiste-t-il une limitation de vitesse diff\u00e9rente pour les v\u00e9hicules \u00e9quip\u00e9s d&#039;un coffre de toit ?\t\t\t\t\t\t\t<\/span>\n\t\t\t\t\t\t<\/div>\n\t\t\t\t\t\t<span class=\"wd-accordion-opener\"><\/span>\n\t\t\t\t\t<\/div>\n\n\t\t\t\t\t<div class=\"wd-accordion-content wd-entry-content\" data-accordion-index=\"4\">\n\t\t\t\t\t\t\t\t\t\t\t\t\t<p>En tant que constructeur, nous recommandons de respecter les limitations de vitesse en vigueur dans le pays d&#039;utilisation ou de rester dans la limite de 130 km\/h. Dans tous les cas, nous vous conseillons d&#039;\u00eatre prudent et de r\u00e9duire votre vitesse \u00e0 proximit\u00e9 des virages, \u00e0 la sortie des tunnels et par vent fort.<\/p>\n\t\t\t\t\t\t\t\t\t\t\t<\/div>\n\t\t\t\t<\/div>\n\t\t\t\t\t\t\t\n\t\t\t\t\n\t\t\t\t<div class=\"wd-accordion-item\">\n\t\t\t\t\t<div class=\"wd-accordion-title wd-role-btn font-text wd-fontsize-s wd-font-weight-600\" data-accordion-index=\"5\" tabindex=\"0\">\n\t\t\t\t\t\t<div class=\"wd-accordion-title-text\">\n\t\t\t\t\t\t\t\t\t\t\t\t\t\t<span>\n\t\t\t\t\t\t\t\tPuis-je charger une poussette ?\t\t\t\t\t\t\t<\/span>\n\t\t\t\t\t\t<\/div>\n\t\t\t\t\t\t<span class=\"wd-accordion-opener\"><\/span>\n\t\t\t\t\t<\/div>\n\n\t\t\t\t\t<div class=\"wd-accordion-content wd-entry-content\" data-accordion-index=\"5\">\n\t\t\t\t\t\t\t\t\t\t\t\t\t<p>Certainement oui.<\/p>\n\t\t\t\t\t\t\t\t\t\t\t<\/div>\n\t\t\t\t<\/div>\n\t\t\t\t\t\t\t\n\t\t\t\t\n\t\t\t\t<div class=\"wd-accordion-item\">\n\t\t\t\t\t<div class=\"wd-accordion-title wd-role-btn font-text wd-fontsize-s wd-font-weight-600\" data-accordion-index=\"6\" tabindex=\"0\">\n\t\t\t\t\t\t<div class=\"wd-accordion-title-text\">\n\t\t\t\t\t\t\t\t\t\t\t\t\t\t<span>\n\t\t\t\t\t\t\t\tLe coffre de toit affecte-t-il le confort de conduite ?\t\t\t\t\t\t\t<\/span>\n\t\t\t\t\t\t<\/div>\n\t\t\t\t\t\t<span class=\"wd-accordion-opener\"><\/span>\n\t\t\t\t\t<\/div>\n\n\t\t\t\t\t<div class=\"wd-accordion-content wd-entry-content\" data-accordion-index=\"6\">\n\t\t\t\t\t\t\t\t\t\t\t\t\t<p>Non, au contraire, les formes a\u00e9rodynamiques annuleront les turbulences produites par les barres seules.<\/p>\n\t\t\t\t\t\t\t\t\t\t\t<\/div>\n\t\t\t\t<\/div>\n\t\t\t\t\t\t\t\n\t\t\t\t\n\t\t\t\t<div class=\"wd-accordion-item\">\n\t\t\t\t\t<div class=\"wd-accordion-title wd-role-btn font-text wd-fontsize-s wd-font-weight-600\" data-accordion-index=\"7\" tabindex=\"0\">\n\t\t\t\t\t\t<div class=\"wd-accordion-title-text\">\n\t\t\t\t\t\t\t\t\t\t\t\t\t\t<span>\n\t\t\t\t\t\t\t\tVais-je remarquer un changement dans la consommation de carburant ?\t\t\t\t\t\t\t<\/span>\n\t\t\t\t\t\t<\/div>\n\t\t\t\t\t\t<span class=\"wd-accordion-opener\"><\/span>\n\t\t\t\t\t<\/div>\n\n\t\t\t\t\t<div class=\"wd-accordion-content wd-entry-content\" data-accordion-index=\"7\">\n\t\t\t\t\t\t\t\t\t\t\t\t\t<p>Les formes effil\u00e9es des coffres de toit LEVUP ont \u00e9t\u00e9 con\u00e7ues pour avoir un impact minimal.<br \/>\nLa consommation peut varier en fonction du poids charg\u00e9 et des conditions de conduite.<\/p>\n\t\t\t\t\t\t\t\t\t\t\t<\/div>\n\t\t\t\t<\/div>\n\t\t\t\t\t\t\t\n\t\t\t\t\n\t\t\t\t<div class=\"wd-accordion-item\">\n\t\t\t\t\t<div class=\"wd-accordion-title wd-role-btn font-text wd-fontsize-s wd-font-weight-600\" data-accordion-index=\"8\" tabindex=\"0\">\n\t\t\t\t\t\t<div class=\"wd-accordion-title-text\">\n\t\t\t\t\t\t\t\t\t\t\t\t\t\t<span>\n\t\t\t\t\t\t\t\tO\u00f9 sont construits les coffres de toit LEVUP ? D&#039;o\u00f9 vient le mat\u00e9riau utilis\u00e9 ?\t\t\t\t\t\t\t<\/span>\n\t\t\t\t\t\t<\/div>\n\t\t\t\t\t\t<span class=\"wd-accordion-opener\"><\/span>\n\t\t\t\t\t<\/div>\n\n\t\t\t\t\t<div class=\"wd-accordion-content wd-entry-content\" data-accordion-index=\"8\">\n\t\t\t\t\t\t\t\t\t\t\t\t\t<p>Les malles LEVUP sont produites et assembl\u00e9es en Italie, \u00e0 Ferrare et tous les mat\u00e9riaux et composants proviennent de fabricants italiens certifi\u00e9s.<\/p>\n\t\t\t\t\t\t\t\t\t\t\t<\/div>\n\t\t\t\t<\/div>\n\t\t\t\t\t\t\t\n\t\t\t\t\n\t\t\t\t<div class=\"wd-accordion-item\">\n\t\t\t\t\t<div class=\"wd-accordion-title wd-role-btn font-text wd-fontsize-s wd-font-weight-600\" data-accordion-index=\"9\" tabindex=\"0\">\n\t\t\t\t\t\t<div class=\"wd-accordion-title-text\">\n\t\t\t\t\t\t\t\t\t\t\t\t\t\t<span>\n\t\t\t\t\t\t\t\tVendez-vous des accessoires de rechange\u00a0?\t\t\t\t\t\t\t<\/span>\n\t\t\t\t\t\t<\/div>\n\t\t\t\t\t\t<span class=\"wd-accordion-opener\"><\/span>\n\t\t\t\t\t<\/div>\n\n\t\t\t\t\t<div class=\"wd-accordion-content wd-entry-content\" data-accordion-index=\"9\">\n\t\t\t\t\t\t\t\t\t\t\t\t\t<p>Malheureusement, pour des raisons de s\u00e9curit\u00e9, nous ne sommes pas autoris\u00e9s \u00e0 vendre directement des pi\u00e8ces d\u00e9tach\u00e9es \u00e0 nos clients ; les r\u00e9parations doivent \u00eatre effectu\u00e9es par du personnel agr\u00e9\u00e9.<\/p>\n\t\t\t\t\t\t\t\t\t\t\t<\/div>\n\t\t\t\t<\/div>\n\t\t\t\t\t\t\t\t\t\t\t\t\t\t<\/div>\n\n\t\t<\/div><\/div><\/div><\/div>\n<\/div>","protected":false},"excerpt":{"rendered":"QUESTIONS FR\u00c9QUEMMENT POS\u00c9ES\u00a0: Quel coffre de toit convient le mieux \u00e0 mon v\u00e9hicule\u00a0? Tous les coffres de toit LEVUP sont compatibles.","protected":false},"author":4,"featured_media":0,"parent":0,"menu_order":0,"comment_status":"closed","ping_status":"closed","template":"","meta":{"footnotes":""},"class_list":["post-143","page","type-page","status-publish","hentry"],"_links":{"self":[{"href":"https:\/\/www.levupbox.com\/fr\/wp-json\/wp\/v2\/pages\/143","targetHints":{"allow":["GET"]}}],"collection":[{"href":"https:\/\/www.levupbox.com\/fr\/wp-json\/wp\/v2\/pages"}],"about":[{"href":"https:\/\/www.levupbox.com\/fr\/wp-json\/wp\/v2\/types\/page"}],"author":[{"embeddable":true,"href":"https:\/\/www.levupbox.com\/fr\/wp-json\/wp\/v2\/users\/4"}],"replies":[{"embeddable":true,"href":"https:\/\/www.levupbox.com\/fr\/wp-json\/wp\/v2\/comments?post=143"}],"version-history":[{"count":10,"href":"https:\/\/www.levupbox.com\/fr\/wp-json\/wp\/v2\/pages\/143\/revisions"}],"predecessor-version":[{"id":2586,"href":"https:\/\/www.levupbox.com\/fr\/wp-json\/wp\/v2\/pages\/143\/revisions\/2586"}],"wp:attachment":[{"href":"https:\/\/www.levupbox.com\/fr\/wp-json\/wp\/v2\/media?parent=143"}],"curies":[{"name":"wp","href":"https:\/\/api.w.org\/{rel}","templated":true}]}}