{"id":128,"date":"2024-06-28T10:34:14","date_gmt":"2024-06-28T10:34:14","guid":{"rendered":"http:\/\/levup-box.local\/?page_id=128"},"modified":"2026-03-09T10:09:44","modified_gmt":"2026-03-09T10:09:44","slug":"contatti","status":"publish","type":"page","link":"https:\/\/www.levupbox.com\/fr\/contatti\/","title":{"rendered":"Contacts"},"content":{"rendered":"<div class=\"wpb-content-wrapper\"><div data-vc-full-width=\"true\" data-vc-full-width-temp=\"true\" data-vc-full-width-init=\"false\" data-vc-stretch-content=\"true\" class=\"vc_row wpb_row vc_row-fluid vc_row-no-padding wd-rs-6687aae544953\"><div class=\"wpb_column vc_column_container vc_col-sm-12\"><div class=\"vc_column-inner\"><div class=\"wpb_wrapper\">\n\t<div class=\"wpb_raw_code wpb_raw_html wpb_content_element\" >\n\t\t<div class=\"wpb_wrapper\">\n\t\t\t<div class=\"BorlabsCookie _brlbs-cb-googlemaps\"><div class=\"_brlbs-content-blocker\"> <div class=\"_brlbs-embed _brlbs-google-maps\"> <img class=\"_brlbs-thumbnail\" src=\"https:\/\/www.levupbox.com\/wp-content\/plugins\/borlabs-cookie\/assets\/images\/cb-maps.png\" alt=\"Google Maps\"> <div class=\"_brlbs-caption\"> <p>En t\u00e9l\u00e9chargeant la carte, vous acceptez la politique de confidentialit\u00e9 de Google.<br><a href=\"https:\/\/policies.google.com\/privacy?hl=en&amp;gl=en\" target=\"_blank\" rel=\"nofollow noopener noreferrer\">En savoir plus<\/a><\/p> <p><a class=\"_brlbs-btn\" href=\"#\" data-borlabs-cookie-unblock role=\"button\">Charger la carte<\/a><\/p> <p><label><input type=\"checkbox\" name=\"unblockAll\" value=\"1\" checked> <small>D\u00e9bloquez toujours Google Maps<\/small><\/label><\/p> <\/div> <\/div> <\/div><div class=\"borlabs-hide\" data-borlabs-cookie-type=\"content-blocker\" data-borlabs-cookie-id=\"googlemaps\"><script type=\"text\/template\">PGlmcmFtZSBzcmM9Imh0dHBzOi8vd3d3Lmdvb2dsZS5jb20vbWFwcy9lbWJlZD9wYj0hMW0xOCExbTEyITFtMyExZDU2NTUuMjc3MzI3NjQ0ODU3ITJkMTEuODI5MDQwMTkxNzIzMTQ3ITNkNDQuODY5NjUwMzIyOTgzMDA2ITJtMyExZjAhMmYwITNmMCEzbTIhMWkxMDI0ITJpNzY4ITRmMTMuMSEzbTMhMW0yITFzMHg0NzdlNWNmNGM4NzY4MWJmJTNBMHhhMTc0NjdkZmVjOTFlOTYwITJzRnJlZSUyMFBsYXN0JTIwU3JsITVlMCEzbTIhMXNpdCEyc2l0ITR2MTcxOTU3NzQ2MzY4MSE1bTIhMXNpdCEyc2l0IiB3aWR0aD0iMTAwJSIgIGhlaWdodD0iNjAwcHgiIHN0eWxlPSJib3JkZXI6MDsiIGFsbG93ZnVsbHNjcmVlbj0iIiBsb2FkaW5nPSJsYXp5IiByZWZlcnJlcnBvbGljeT0ibm8tcmVmZXJyZXItd2hlbi1kb3duZ3JhZGUiPjwvaWZyYW1lPg==<\/script><\/div><\/div>\n\t\t<\/div>\n\t<\/div>\n<\/div><\/div><\/div><\/div><div class=\"vc_row-full-width vc_clearfix\"><\/div><div id=\"contattaci\" class=\"vc_row wpb_row vc_row-fluid vc_column-gap-30 wd-rs-6687e96fc3e45\"><div class=\"wpb_column vc_column_container vc_col-sm-6\"><div class=\"vc_column-inner\"><div class=\"wpb_wrapper\">\n\t<div  class=\"wpb_single_image wpb_content_element vc_align_left\">\n\t\t\n\t\t<figure class=\"wpb_wrapper vc_figure\">\n\t\t\t<div class=\"vc_single_image-wrapper   vc_box_border_grey\"><img loading=\"lazy\" decoding=\"async\" width=\"300\" height=\"83\" src=\"https:\/\/www.levupbox.com\/wp-content\/uploads\/2024\/06\/logo-300x83.png\" class=\"vc_single_image-img attachment-medium\" alt=\"\" title=\"logo\" srcset=\"https:\/\/www.levupbox.com\/wp-content\/uploads\/2024\/06\/logo-300x83.png 300w, https:\/\/www.levupbox.com\/wp-content\/uploads\/2024\/06\/logo-150x42.png 150w, https:\/\/www.levupbox.com\/wp-content\/uploads\/2024\/06\/logo.png 310w\" sizes=\"auto, (max-width: 300px) 100vw, 300px\" \/><\/div>\n\t\t<\/figure>\n\t<\/div>\n\n\t\t<div id=\"wd-6687aec01a71c\" class=\"title-wrapper wd-wpb wd-set-mb reset-last-child  wd-rs-6687aec01a71c wd-title-color-default wd-title-style-default text-left  wd-underline-colored\">\n\t\t\t\t\t\t\t\n\t\t\t\t<div class=\"title-subtitle  subtitle-color-default font-default subtitle-style-default wd-font-weight- wd-fontsize-xs\">marque de FREE PLAST srl<\/div>\n\t\t\t\n\t\t\t<div class=\"liner-continer\">\n\t\t\t\t<h4 class=\"woodmart-title-container title  wd-font-weight- wd-fontsize-l\" >LEVUP<\/h4>\n\t\t\t\t\t\t\t<\/div>\n\t\t\t\n\t\t\t\n\t\t\t\n\t\t<\/div>\n\t\t\n\t\t\n\t<div class=\"wpb_text_column wpb_content_element\" >\n\t\t<div class=\"wpb_wrapper\">\n\t\t\t<p>Via Idris Faccini, 95<br \/>\n44034 Copparo (Fe) \u2013 Italie<\/p>\n<p>E-mail: <a href=\"mailto:levup@levupbox.com\">levup@levupbox.com<\/a><\/p>\n\n\t\t<\/div>\n\t<\/div>\n<div class=\"vc_separator wpb_content_element vc_separator_align_center vc_sep_width_100 vc_sep_pos_align_center vc_separator_no_text vc_sep_color_grey\" ><span class=\"vc_sep_holder vc_sep_holder_l\"><span class=\"vc_sep_line\"><\/span><\/span><span class=\"vc_sep_holder vc_sep_holder_r\"><span class=\"vc_sep_line\"><\/span><\/span>\n<\/div>\n\t\t<div id=\"wd-667ebf30593b2\" class=\"title-wrapper wd-wpb wd-set-mb reset-last-child  wd-rs-667ebf30593b2 wd-title-color-default wd-title-style-default text-left  wd-underline-colored\">\n\t\t\t\n\t\t\t<div class=\"liner-continer\">\n\t\t\t\t<h4 class=\"woodmart-title-container title  wd-font-weight- wd-fontsize-l\" >COMMENT NOUS JOINDRE<\/h4>\n\t\t\t\t\t\t\t<\/div>\n\t\t\t\n\t\t\t\n\t\t\t\n\t\t<\/div>\n\t\t\n\t\t\n\t<div class=\"wpb_text_column wpb_content_element\" >\n\t\t<div class=\"wpb_wrapper\">\n\t\t\t<p style=\"text-align: left;\"><strong>Pour ceux qui viennent de BOLOGNE<\/strong><br \/>\nPrendre l&#039;autoroute A13 \u00ab Bologne-Padoue \u00bb et sortir au p\u00e9age de Ferrara sud. Ne sortez donc pas apr\u00e8s quelques centaines de m\u00e8tres \u00e0 la sortie &quot;Ferrara&quot; mais continuez en direction &quot;Porto Garibaldi-Lidi Ferraresi&quot; (autoroute Ferrara-mare). Prendre l&#039;autoroute jusqu&#039;\u00e0 la sortie \u00ab Portomaggiore-Migliarino \u00bb. Continuer vers Migliarino, puis vers Tresigallo, puis vers Formignana et enfin vers Copparo. Apr\u00e8s quelques kilom\u00e8tres, avant Copparo, vous trouverez Gradizza.<\/p>\n\n\t\t<\/div>\n\t<\/div>\n\n\t<div class=\"wpb_text_column wpb_content_element\" >\n\t\t<div class=\"wpb_wrapper\">\n\t\t\t<p style=\"text-align: left;\"><strong>Pour ceux qui viennent de PADOUE<\/strong><br \/>\nPrendre l&#039;autoroute A13 \u00ab Bologne-Padoue \u00bb et sortir au p\u00e9age de Ferrara Nord. Suivez le panneau \u00ab Centro \u00bb jusqu&#039;au premier feu, puis tournez \u00e0 gauche en suivant le panneau Copparo. En suivant cette indication vous traverserez la ville jusqu&#039;\u00e0 en sortir. En continuant vers Copparo, vous rencontrerez d&#039;abord la ville de Baura, puis Tamara et enfin Copparo. Au premier feu, aux portes du village, tourner \u00e0 droite en direction de Formignana jusqu&#039;\u00e0 Gradizza.<\/p>\n\n\t\t<\/div>\n\t<\/div>\n\n\t<div class=\"wpb_text_column wpb_content_element\" >\n\t\t<div class=\"wpb_wrapper\">\n\t\t\t<p style=\"text-align: left;\"><strong>Pour ceux qui viennent de RAVENNE<\/strong><br \/>\nPrendre la SS309 \/ E55 en direction de Venise et arriver au Lido degli Scacchi, imm\u00e9diatement apr\u00e8s Porto Garibaldi. Au Lido degli Scacchi, prendre l&#039;autoroute Ferrara Mare (direction Ferrare, A13 Bologne-Padoue). Prendre l&#039;autoroute jusqu&#039;\u00e0 la sortie \u00ab Portomaggiore-Migliarino \u00bb. Continuer vers Migliarino, puis vers Tresigallo, puis vers Formignana et enfin vers Copparo. Apr\u00e8s quelques kilom\u00e8tres, avant Copparo, vous trouverez Gradizza.<\/p>\n\n\t\t<\/div>\n\t<\/div>\n\n\t<div class=\"wpb_text_column wpb_content_element\" >\n\t\t<div class=\"wpb_wrapper\">\n\t\t\t<p style=\"text-align: left;\"><strong>Pour ceux qui viennent de VENISE<\/strong><br \/>\nPrendre la SS309 \/ E55, en direction de Ravenne, jusqu&#039;\u00e0 traverser le P\u00f2 et arriver \u00e0 Mesola. Continuez encore quelques kilom\u00e8tres jusqu&#039;\u00e0 atteindre le panneau Copparo-Mezzogoro (ligne principale). Puis toujours en suivant les indications pour Copparo, continuer jusqu&#039;au village. Au premier rond-point, prendre les indications pour Formignana jusqu&#039;\u00e0 Gradizza.<\/p>\n\n\t\t<\/div>\n\t<\/div>\n<\/div><\/div><\/div><div class=\"wpb_column vc_column_container vc_col-sm-6\"><div class=\"vc_column-inner\"><div class=\"wpb_wrapper\">\n\t\t<div id=\"wd-667e94b961f29\" class=\"title-wrapper wd-wpb wd-set-mb reset-last-child  wd-rs-667e94b961f29 wd-title-color-default wd-title-style-default text-center  wd-underline-colored\">\n\t\t\t\n\t\t\t<div class=\"liner-continer\">\n\t\t\t\t<h4 class=\"woodmart-title-container title  wd-font-weight- wd-fontsize-l\" >CONTACTEZ-NOUS<\/h4>\n\t\t\t\t\t\t\t<\/div>\n\t\t\t\n\t\t\t\n\t\t\t\n\t\t<\/div>\n\t\t\n\t\t<\/div><\/div><\/div><\/div>\n<\/div>","protected":false},"excerpt":{"rendered":"brand of FREE PLAST srl LEVUP Via Idris Faccini, 95 44034 Copparo (Fe) - Italia Email: levup@levupbox.com COME RAGGIUNGERCI Per","protected":false},"author":4,"featured_media":0,"parent":0,"menu_order":0,"comment_status":"closed","ping_status":"closed","template":"","meta":{"footnotes":""},"class_list":["post-128","page","type-page","status-publish","hentry"],"_links":{"self":[{"href":"https:\/\/www.levupbox.com\/fr\/wp-json\/wp\/v2\/pages\/128","targetHints":{"allow":["GET"]}}],"collection":[{"href":"https:\/\/www.levupbox.com\/fr\/wp-json\/wp\/v2\/pages"}],"about":[{"href":"https:\/\/www.levupbox.com\/fr\/wp-json\/wp\/v2\/types\/page"}],"author":[{"embeddable":true,"href":"https:\/\/www.levupbox.com\/fr\/wp-json\/wp\/v2\/users\/4"}],"replies":[{"embeddable":true,"href":"https:\/\/www.levupbox.com\/fr\/wp-json\/wp\/v2\/comments?post=128"}],"version-history":[{"count":6,"href":"https:\/\/www.levupbox.com\/fr\/wp-json\/wp\/v2\/pages\/128\/revisions"}],"predecessor-version":[{"id":2605,"href":"https:\/\/www.levupbox.com\/fr\/wp-json\/wp\/v2\/pages\/128\/revisions\/2605"}],"wp:attachment":[{"href":"https:\/\/www.levupbox.com\/fr\/wp-json\/wp\/v2\/media?parent=128"}],"curies":[{"name":"wp","href":"https:\/\/api.w.org\/{rel}","templated":true}]}}