{"id":301,"date":"2024-07-05T15:03:15","date_gmt":"2024-07-05T15:03:15","guid":{"rendered":"https:\/\/levupbox.com\/?post_type=product&#038;p=301"},"modified":"2025-09-16T08:32:00","modified_gmt":"2025-09-16T08:32:00","slug":"box-cube-470-nero-goffrato-470-lt","status":"publish","type":"product","link":"https:\/\/www.levupbox.com\/de\/produkt\/box-cube-470-nero-goffrato-470-lt\/","title":{"rendered":"CUBE 470 Gepr\u00e4gtes Schwarz"},"content":{"rendered":"<p>BESCHREIBUNG:<\/p>\n<p>Praktikabilit\u00e4t und Funktionalit\u00e4t unter allen Bedingungen, der Ausgangspunkt f\u00fcr die Geburt des CUBE 470.<br \/>\nEine Dachbox, die unter Beibehaltung der unver\u00e4nderten technischen Eigenschaften und des guten Designs, die die Marke LEVUP auszeichnen, vereinfachte technische L\u00f6sungen wie die Verwendung von zwei einseitigen Verschl\u00fcssen bietet.<br \/>\nMit seiner L\u00e4nge von 1900 mm eignet er sich ideal f\u00fcr jede Art von Aktivit\u00e4t. Dar\u00fcber hinaus erm\u00f6glicht eine \u201eMund\u00f6ffnung\u201c (\u00d6ffnungsh\u00f6he von Boden\/Deckel) von fast 380 mm das problemlose Laden von Gegenst\u00e4nden aller Art.<br \/>\nNach der Montage entstehen keinerlei Ger\u00e4usche oder Turbulenzen und dank des aerodynamischen Designs unterliegt der Kraftstoffverbrauch Ihres Fahrzeugs keinen besonderen Schwankungen.<br \/>\nABS-Material, sto\u00dffest und kratzfest mit UV-Schutz; Einzelnes 2-Punkt-Verschluss- und \u00d6ffnungssystem durch Metallstifte mit doppelt wirkender Kontrastfeder.<br \/>\nWird komplett montiert geliefert und wird mit einem Universalsatz, der f\u00fcr jeden Lenkertyp und jedes Fahrzeug (Auto, SUV, Van oder Wohnmobil) geeignet ist, ohne Werkzeug am Lenker befestigt.<br \/>\nMaximale Kapazit\u00e4t 75 kg; Der nach allen ISO PASS 11154-Standards getestete CUBE 470 etabliert sich an der Spitze der Kategorie.<\/p>\n<p>DATEN:<br \/>\nAu\u00dfenl\u00e4nge \u2013 190 cm<br \/>\nAu\u00dfenbreite \u2013 79 cm<br \/>\nAu\u00dfenh\u00f6he \u2013 39,5 cm<br \/>\nNettogewicht \u2013 15,00 kg<br \/>\nBruttogewicht \u2013 20,00 kg<br \/>\nMaximale Belastung \u2013 75,00 kg<br \/>\nMaterial \u2013 ABS, super sto\u00dffest<br \/>\n\u00d6ffnung \u2013 Einzeln, rechte Seite<br \/>\nZentralverriegelung \u2013 2 Punkte<br \/>\nBefestigungsgurte \u2013 JA<br \/>\nBefestigung an Stangen im Lieferumfang enthalten \u2013 Standardsatz, der an Stangen mit einer Mindesth\u00f6he von 18 mm und einer H\u00f6chsth\u00f6he von 35 mm befestigt werden kann. maximale Breite 90 mm<\/p>\n<p>&nbsp;<\/p>\n<p>Das Befestigungsset enth\u00e4lt:<\/p>\n<p>4 60-mm-U-Bolzen<\/p>\n<p>4 90-mm-U-Bolzen<\/p>\n<p>8 Kn\u00f6pfe<\/p>\n<p>8 Kapseln<\/p>\n<p>2 selbstsichernde Gurte, 2,5 m lang<\/p>\n<p>&nbsp;<\/p>\n<p>**Der Artikel kann geringf\u00fcgig von den gezeigten Bildern abweichen**<\/p>","protected":false},"excerpt":{"rendered":"<p>Praktikabilit\u00e4t und Funktionalit\u00e4t unter allen Bedingungen, der Ausgangspunkt f\u00fcr die Geburt des CUBE 470.<br \/>\nEine Dachbox, die unter Beibehaltung der unver\u00e4nderten technischen Eigenschaften und des guten Designs, die die Marke LEVUP auszeichnen, vereinfachte technische L\u00f6sungen wie die Verwendung von zwei einseitigen Verschl\u00fcssen bietet.<\/p>\n<p>470 LT<br \/>\nUniverselles Kit, geeignet f\u00fcr jeden Bar- und Fahrzeugtyp<\/p>","protected":false},"featured_media":1532,"comment_status":"closed","ping_status":"closed","template":"","meta":[],"product_brand":[],"product_cat":[15,53],"product_tag":[],"class_list":{"0":"post-301","1":"product","2":"type-product","3":"status-publish","4":"has-post-thumbnail","6":"product_cat-box-da-tetto","7":"product_cat-linea-cube","9":"first","10":"instock","11":"taxable","12":"shipping-taxable","13":"purchasable","14":"product-type-simple"},"_links":{"self":[{"href":"https:\/\/www.levupbox.com\/de\/wp-json\/wp\/v2\/product\/301","targetHints":{"allow":["GET"]}}],"collection":[{"href":"https:\/\/www.levupbox.com\/de\/wp-json\/wp\/v2\/product"}],"about":[{"href":"https:\/\/www.levupbox.com\/de\/wp-json\/wp\/v2\/types\/product"}],"replies":[{"embeddable":true,"href":"https:\/\/www.levupbox.com\/de\/wp-json\/wp\/v2\/comments?post=301"}],"wp:featuredmedia":[{"embeddable":true,"href":"https:\/\/www.levupbox.com\/de\/wp-json\/wp\/v2\/media\/1532"}],"wp:attachment":[{"href":"https:\/\/www.levupbox.com\/de\/wp-json\/wp\/v2\/media?parent=301"}],"wp:term":[{"taxonomy":"product_brand","embeddable":true,"href":"https:\/\/www.levupbox.com\/de\/wp-json\/wp\/v2\/product_brand?post=301"},{"taxonomy":"product_cat","embeddable":true,"href":"https:\/\/www.levupbox.com\/de\/wp-json\/wp\/v2\/product_cat?post=301"},{"taxonomy":"product_tag","embeddable":true,"href":"https:\/\/www.levupbox.com\/de\/wp-json\/wp\/v2\/product_tag?post=301"}],"curies":[{"name":"wp","href":"https:\/\/api.w.org\/{rel}","templated":true}]}}