{"id":1478,"date":"2024-07-26T07:34:07","date_gmt":"2024-07-26T07:34:07","guid":{"rendered":"https:\/\/levupbox.com\/?post_type=product&#038;p=1478"},"modified":"2026-02-09T13:58:58","modified_gmt":"2026-02-09T13:58:58","slug":"free-480-black-glossy-doppia-apertura","status":"publish","type":"product","link":"https:\/\/www.levupbox.com\/de\/produkt\/free-480-black-glossy-doppia-apertura\/","title":{"rendered":"FREE 480 Glossy Black mit doppelter \u00d6ffnung"},"content":{"rendered":"<p>BESCHREIBUNG:<br \/>\nDer FREE 480 ist das Spitzenmodell in Sachen Kapazit\u00e4t und das Modell, das sich durch seine Gr\u00f6\u00dfe auszeichnet. Er steht an der Spitze der FREE-Reihe und garantiert hervorragende technische Eigenschaften und Design.<br \/>\nMit einer L\u00e4nge von 2030 mm ist es ideal f\u00fcr jeden Bedarf und mit einer Breite von 900 mm ist die gesamte Dachfl\u00e4che Ihres Autos nutzbar.<br \/>\nNach der Montage entstehen keinerlei Ger\u00e4usche oder Turbulenzen und dank des aerodynamischen Designs unterliegt der Kraftstoffverbrauch Ihres Fahrzeugs keinen besonderen Schwankungen.<br \/>\nABS + PMMA-Material, sto\u00dffest und kratzfest mit UV-Schutz; Zentralisiertes 3-Punkt-Verriegelungs- und \u00d6ffnungssystem durch Metallstifte mit doppelt wirkender Kontrastfeder.<br \/>\nEs wird komplett montiert geliefert und wird \u00fcber eine Schnellkupplung, die f\u00fcr jeden Lenkertyp und jedes Fahrzeug (Auto, SUV, Van oder Wohnmobil) geeignet ist, ohne Werkzeug am Lenker befestigt.<\/p>\n<p>Maximale Kapazit\u00e4t 75 kg; Der nach allen ISO PASS 11154-Standards einschlie\u00dflich City-Crash-Test getestete FREE 480 etabliert sich an der Spitze seiner Kategorie. 5 Jahre Garantie.<br \/>\nDATEN:<br \/>\nAu\u00dfenl\u00e4nge \u2013 201 cm<br \/>\nAu\u00dfenbreite \u2013 89 cm<br \/>\nAu\u00dfenh\u00f6he \u2013 41 cm<br \/>\nNettogewicht \u2013 17,00 kg<br \/>\nBruttogewicht \u2013 24,00 kg<br \/>\nMaximale Belastung \u2013 75,00 kg<br \/>\nMaterial \u2013 ABS + PMMA<br \/>\n\u00d6ffnung \u2013 Doppelt, rechts+links<br \/>\nZentralverriegelung \u2013 3 Punkte<br \/>\nBefestigungsgurte \u2013 JA, 2<br \/>\nBefestigung \u2013 SCHNELLE VERBINDUNG, die Stangen, an denen es montiert werden kann, variieren von mindestens 25 x 25 mm bis zu einer maximalen Whisbar-Gr\u00f6\u00dfe von 85 x 25 mm mit Fl\u00fcgelprofil.<\/p>\n<p>Das Schnellbefestigungsset enth\u00e4lt:<br \/>\n4 Schnellhaken<br \/>\n2 Befestigungsb\u00e4nder, 2,5 cm<br \/>\n**Der Artikel kann geringf\u00fcgig von den gezeigten Bildern abweichen**<\/p>","protected":false},"excerpt":{"rendered":"<p>Der FREE 480 ist das Spitzenmodell in Sachen Kapazit\u00e4t und das Modell, das sich durch seine Gr\u00f6\u00dfe auszeichnet. Er steht an der Spitze der FREE-Reihe und garantiert hervorragende technische Eigenschaften und Design.<br \/>\nMit einer L\u00e4nge von 2030 mm ist es ideal f\u00fcr jeden Bedarf und mit einer Breite von 900 mm ist die gesamte Dachfl\u00e4che Ihres Autos nutzbar.<\/p>\n<p>480 LT<br \/>\nDoppelte \u00d6ffnung DUOLIFT und Schnellbefestigungssystem FREE Lock<\/p>","protected":false},"featured_media":1480,"comment_status":"closed","ping_status":"closed","template":"","meta":[],"product_brand":[],"product_cat":[15,52],"product_tag":[],"class_list":{"0":"post-1478","1":"product","2":"type-product","3":"status-publish","4":"has-post-thumbnail","6":"product_cat-box-da-tetto","7":"product_cat-linea-free","9":"first","10":"instock","11":"taxable","12":"shipping-taxable","13":"purchasable","14":"product-type-simple"},"_links":{"self":[{"href":"https:\/\/www.levupbox.com\/de\/wp-json\/wp\/v2\/product\/1478","targetHints":{"allow":["GET"]}}],"collection":[{"href":"https:\/\/www.levupbox.com\/de\/wp-json\/wp\/v2\/product"}],"about":[{"href":"https:\/\/www.levupbox.com\/de\/wp-json\/wp\/v2\/types\/product"}],"replies":[{"embeddable":true,"href":"https:\/\/www.levupbox.com\/de\/wp-json\/wp\/v2\/comments?post=1478"}],"wp:featuredmedia":[{"embeddable":true,"href":"https:\/\/www.levupbox.com\/de\/wp-json\/wp\/v2\/media\/1480"}],"wp:attachment":[{"href":"https:\/\/www.levupbox.com\/de\/wp-json\/wp\/v2\/media?parent=1478"}],"wp:term":[{"taxonomy":"product_brand","embeddable":true,"href":"https:\/\/www.levupbox.com\/de\/wp-json\/wp\/v2\/product_brand?post=1478"},{"taxonomy":"product_cat","embeddable":true,"href":"https:\/\/www.levupbox.com\/de\/wp-json\/wp\/v2\/product_cat?post=1478"},{"taxonomy":"product_tag","embeddable":true,"href":"https:\/\/www.levupbox.com\/de\/wp-json\/wp\/v2\/product_tag?post=1478"}],"curies":[{"name":"wp","href":"https:\/\/api.w.org\/{rel}","templated":true}]}}