{"id":1469,"date":"2024-07-25T15:35:34","date_gmt":"2024-07-25T15:35:34","guid":{"rendered":"https:\/\/levupbox.com\/?post_type=product&#038;p=1469"},"modified":"2026-02-09T13:59:07","modified_gmt":"2026-02-09T13:59:07","slug":"free-420-glossy-black-doppia-apertura","status":"publish","type":"product","link":"https:\/\/www.levupbox.com\/de\/produkt\/free-420-glossy-black-doppia-apertura\/","title":{"rendered":"FREE 420 Glossy Black mit doppelter \u00d6ffnung"},"content":{"rendered":"<p>BESCHREIBUNG:<br \/>\nDer Mittelweg, FREE 420, ist das Modell, das von der Gr\u00f6\u00dfe her auf halbem Weg zur FREE-Linie liegt und gleichzeitig hervorragende technische Eigenschaften und Design beibeh\u00e4lt.<br \/>\nMit einer L\u00e4nge von 1630 mm ist es ideal f\u00fcr Winteraktivit\u00e4ten und mit einer Breite von 900 mm ist die gesamte Dachfl\u00e4che Ihres Autos nutzbar.<br \/>\nNach der Montage entstehen keinerlei Ger\u00e4usche oder Turbulenzen und dank des aerodynamischen Designs unterliegt der Kraftstoffverbrauch Ihres Fahrzeugs keinen besonderen Schwankungen.<br \/>\nABS + PMMA-Material, super sto\u00df- und kratzfest mit UV-Schutz; Zentralisiertes 2-Punkt-Verriegelungs- und \u00d6ffnungssystem durch Metallstifte mit doppelt wirkender Kontrastfeder.<br \/>\nEs wird komplett montiert geliefert und wird \u00fcber eine Schnellkupplung, die f\u00fcr jeden Lenkertyp und jedes Fahrzeug (Auto, SUV, Van oder Wohnmobil) geeignet ist, ohne Werkzeug am Lenker befestigt.<\/p>\n<p>Maximale Kapazit\u00e4t 75 kg; Der nach allen ISO PASS 11154-Standards getestete FREE 420 hat auch den City-Crash-Test bestanden und sich als Spitzenreiter in der Kategorie etabliert.<\/p>\n<p>DATEN:<br \/>\nL\u00e4nge \u2013 162 cm<br \/>\nBreite \u2013 88 cm<br \/>\nH\u00f6he \u2013 40 cm<br \/>\nNettogewicht \u2013 14,00 kg<br \/>\nBruttogewicht \u2013 19,50 kg<br \/>\nMaximale Belastung \u2013 75,00 kg<br \/>\nMaterial \u2013 ABS + PMMA<br \/>\n\u00d6ffnung \u2013 Doppelt, rechte + linke Seite<br \/>\nZentralverriegelung \u2013 2 Punkte<br \/>\nBefestigungsgurte \u2013 JA<br \/>\nBefestigung \u2013 SCHNELLE VERBINDUNG, die Stangen, an denen es montiert werden kann, variieren von mindestens 25 x 25 mm bis zu einer maximalen Whisbar-Gr\u00f6\u00dfe von 85 x 25 mm mit Fl\u00fcgelprofil.<\/p>\n<p>Das Schnellbefestigungsset enth\u00e4lt:<br \/>\n4 Schnellhaken<br \/>\n2 Befestigungsb\u00e4nder, 2,5 cm<br \/>\n**Der Artikel kann geringf\u00fcgig von den gezeigten Bildern abweichen**<\/p>","protected":false},"excerpt":{"rendered":"<p>FREE 420 ist das Modell, das in Bezug auf die Gr\u00f6\u00dfe auf halbem Weg zur FREE-Linie liegt und stets hervorragende technische Eigenschaften und Design beibeh\u00e4lt.<br \/>\nMit einer L\u00e4nge von 1630 mm ist es ideal f\u00fcr Winteraktivit\u00e4ten und mit einer Breite von 900 mm ist die gesamte Dachfl\u00e4che Ihres Autos nutzbar.<\/p>\n<p>420 LT<br \/>\nDoppelte \u00d6ffnung DUOLIFT und Schnellbefestigungssystem FREE Lock<\/p>","protected":false},"featured_media":1473,"comment_status":"closed","ping_status":"closed","template":"","meta":[],"product_brand":[],"product_cat":[15,52],"product_tag":[],"class_list":{"0":"post-1469","1":"product","2":"type-product","3":"status-publish","4":"has-post-thumbnail","6":"product_cat-box-da-tetto","7":"product_cat-linea-free","9":"first","10":"instock","11":"taxable","12":"shipping-taxable","13":"purchasable","14":"product-type-simple"},"_links":{"self":[{"href":"https:\/\/www.levupbox.com\/de\/wp-json\/wp\/v2\/product\/1469","targetHints":{"allow":["GET"]}}],"collection":[{"href":"https:\/\/www.levupbox.com\/de\/wp-json\/wp\/v2\/product"}],"about":[{"href":"https:\/\/www.levupbox.com\/de\/wp-json\/wp\/v2\/types\/product"}],"replies":[{"embeddable":true,"href":"https:\/\/www.levupbox.com\/de\/wp-json\/wp\/v2\/comments?post=1469"}],"wp:featuredmedia":[{"embeddable":true,"href":"https:\/\/www.levupbox.com\/de\/wp-json\/wp\/v2\/media\/1473"}],"wp:attachment":[{"href":"https:\/\/www.levupbox.com\/de\/wp-json\/wp\/v2\/media?parent=1469"}],"wp:term":[{"taxonomy":"product_brand","embeddable":true,"href":"https:\/\/www.levupbox.com\/de\/wp-json\/wp\/v2\/product_brand?post=1469"},{"taxonomy":"product_cat","embeddable":true,"href":"https:\/\/www.levupbox.com\/de\/wp-json\/wp\/v2\/product_cat?post=1469"},{"taxonomy":"product_tag","embeddable":true,"href":"https:\/\/www.levupbox.com\/de\/wp-json\/wp\/v2\/product_tag?post=1469"}],"curies":[{"name":"wp","href":"https:\/\/api.w.org\/{rel}","templated":true}]}}