{"id":1202,"date":"2024-07-17T14:28:27","date_gmt":"2024-07-17T14:28:27","guid":{"rendered":"https:\/\/levupbox.com\/?post_type=product&#038;p=1202"},"modified":"2025-09-16T08:27:30","modified_gmt":"2025-09-16T08:27:30","slug":"space-430-glossy-black","status":"publish","type":"product","link":"https:\/\/www.levupbox.com\/de\/produkt\/space-430-glossy-black\/","title":{"rendered":"SPACE 430 Glanzschwarz"},"content":{"rendered":"<p>BESCHREIBUNG:<\/p>\n<p>Das grundlegende Entwicklungskonzept der SPACE-Linie ist Rationalit\u00e4t und Vielseitigkeit.<br \/>\nTechnische Eigenschaften und gutes Design bleiben eine konstante St\u00e4rke.<br \/>\nNach der Montage entstehen keinerlei Ger\u00e4usche oder Turbulenzen und dank des aerodynamischen Designs unterliegt der Kraftstoffverbrauch Ihres Fahrzeugs keinen besonderen Schwankungen. ABS + PMMA-Material, sto\u00dffest und kratzfest mit UV-Schutz; Zentralisiertes 2-Punkt-Verriegelungs- und \u00d6ffnungssystem durch Metallstifte mit doppelt wirkender Kontrastfeder.<\/p>\n<p>Es wird komplett montiert geliefert und wird \u00fcber eine Schnellkupplung, die f\u00fcr jeden Lenkertyp und jedes Fahrzeug (Auto, SUV, Van oder Wohnmobil) geeignet ist, ohne Werkzeug am Lenker befestigt.<br \/>\nMaximale Kapazit\u00e4t 75 kg; Getestet nach allen ISO PASS 11154-Standards, einschlie\u00dflich City-Crash-Test.<\/p>\n<p>DATEN:<br \/>\nL\u00e4nge \u2013 190 cm<br \/>\nBreite \u2013 79 cm<br \/>\nH\u00f6he \u2013 40 cm<br \/>\nNettogewicht \u2013 15,00 kg<br \/>\nBruttogewicht \u2013 19,00 kg<br \/>\nMaximale Belastung \u2013 75,00 kg<br \/>\nMaterial \u2013 ABS + PMMA, super sto\u00dffest und kratzfest mit UV-Schutz.<br \/>\n\u00d6ffnung \u2013 Einzeln, rechte Seite<br \/>\nZentralverriegelung \u2013 2 Punkte<br \/>\nBefestigungsgurte \u2013 JA, 2<\/p>\n<p>Befestigung an Stangen im Lieferumfang enthalten \u2013 Standardsatz, der an Stangen mit einer Mindesth\u00f6he von 18 mm und einer H\u00f6chsth\u00f6he von 35 mm befestigt werden kann. maximale Breite 90 mm<\/p>\n<p>&nbsp;<\/p>\n<p>Das Befestigungsset enth\u00e4lt:<\/p>\n<p>4 60-mm-U-Bolzen<\/p>\n<p>4 90-mm-U-Bolzen<\/p>\n<p>8 Kn\u00f6pfe<\/p>\n<p>8 Kapseln<\/p>\n<p>2 selbstsichernde Gurte, 2,5 m lang<\/p>\n<p>&nbsp;<\/p>\n<p>**Der Artikel kann geringf\u00fcgig von den gezeigten Bildern abweichen**<\/p>","protected":false},"excerpt":{"rendered":"<p>Das grundlegende Entwicklungskonzept der SPACE-Linie ist Rationalit\u00e4t und Vielseitigkeit.<br \/>\nTechnische Eigenschaften und gutes Design bleiben eine konstante St\u00e4rke.<\/p>\n<p>430 LT<br \/>\nUniverselles Kit, geeignet f\u00fcr jeden Bar- und Fahrzeugtyp<\/p>","protected":false},"featured_media":1497,"comment_status":"closed","ping_status":"closed","template":"","meta":[],"product_brand":[],"product_cat":[15,54],"product_tag":[],"class_list":{"0":"post-1202","1":"product","2":"type-product","3":"status-publish","4":"has-post-thumbnail","6":"product_cat-box-da-tetto","7":"product_cat-linea-space","9":"first","10":"instock","11":"taxable","12":"shipping-taxable","13":"purchasable","14":"product-type-simple"},"_links":{"self":[{"href":"https:\/\/www.levupbox.com\/de\/wp-json\/wp\/v2\/product\/1202","targetHints":{"allow":["GET"]}}],"collection":[{"href":"https:\/\/www.levupbox.com\/de\/wp-json\/wp\/v2\/product"}],"about":[{"href":"https:\/\/www.levupbox.com\/de\/wp-json\/wp\/v2\/types\/product"}],"replies":[{"embeddable":true,"href":"https:\/\/www.levupbox.com\/de\/wp-json\/wp\/v2\/comments?post=1202"}],"wp:featuredmedia":[{"embeddable":true,"href":"https:\/\/www.levupbox.com\/de\/wp-json\/wp\/v2\/media\/1497"}],"wp:attachment":[{"href":"https:\/\/www.levupbox.com\/de\/wp-json\/wp\/v2\/media?parent=1202"}],"wp:term":[{"taxonomy":"product_brand","embeddable":true,"href":"https:\/\/www.levupbox.com\/de\/wp-json\/wp\/v2\/product_brand?post=1202"},{"taxonomy":"product_cat","embeddable":true,"href":"https:\/\/www.levupbox.com\/de\/wp-json\/wp\/v2\/product_cat?post=1202"},{"taxonomy":"product_tag","embeddable":true,"href":"https:\/\/www.levupbox.com\/de\/wp-json\/wp\/v2\/product_tag?post=1202"}],"curies":[{"name":"wp","href":"https:\/\/api.w.org\/{rel}","templated":true}]}}