{"id":1023,"date":"2024-07-17T13:57:22","date_gmt":"2024-07-17T13:57:22","guid":{"rendered":"https:\/\/levupbox.com\/?post_type=product&#038;p=1023"},"modified":"2026-02-09T14:02:26","modified_gmt":"2026-02-09T14:02:26","slug":"cube-370-matt-black","status":"publish","type":"product","link":"https:\/\/www.levupbox.com\/de\/produkt\/cube-370-matt-black\/","title":{"rendered":"CUBE 370 Mattschwarz"},"content":{"rendered":"<p>BESCHREIBUNG:<\/p>\n<p>Auch eine unverzichtbare Dachbox muss den anspruchsvollen Einsatzbedingungen gewachsen sein \u2013 das Grundkonzept, auf dem der CUBE 370 geboren wurde.<br \/>\nEine Dachbox, die unter Beibehaltung der technischen Eigenschaften und des guten Designs, die die Marke LEVUP auszeichnen, vereinfachte technische L\u00f6sungen wie die Verwendung von zwei einseitigen Verschl\u00fcssen bietet.<br \/>\nAngemessene Au\u00dfenma\u00dfe bei einem realen Volumen von 370 Litern und einer Tragf\u00e4higkeit von 75 kg machen ihn ideal f\u00fcr jeden Fahrzeugtyp und Einsatzzweck.<br \/>\nNach der Montage entstehen keinerlei Ger\u00e4usche oder Turbulenzen und dank des aerodynamischen Designs unterliegt der Kraftstoffverbrauch Ihres Fahrzeugs keinen besonderen Schwankungen.<br \/>\nABS-Material, sto\u00dffest; Einzelnes 1-Punkt-Verriegelungs- und \u00d6ffnungssystem durch Metallstifte mit doppelt wirkender Kontrastfeder.<br \/>\nWird komplett montiert geliefert und wird mit einem Universalsatz, der f\u00fcr jeden Lenkertyp und jedes Fahrzeug (Auto, SUV, Van oder Wohnmobil) geeignet ist, ohne Werkzeug am Lenker befestigt.<br \/>\nMaximale Kapazit\u00e4t 75 kg; Der nach allen ISO PASS 11154-Standards getestete CUBE 370 etabliert sich an der Spitze der Kategorie.<\/p>\n<p>DATEN:<br \/>\nAu\u00dfenl\u00e4nge \u2013 136 cm<br \/>\nAu\u00dfenbreite \u2013 79 cm<br \/>\nAu\u00dfenh\u00f6he \u2013 39 cm<br \/>\nNettogewicht \u2013 10,00 kg<br \/>\nBruttogewicht \u2013 15,00 kg<br \/>\nMaximale Belastung \u2013 75,00 kg<br \/>\nMaterial \u2013 ABS, super sto\u00dffest<br \/>\n\u00d6ffnung \u2013 Einzeln, rechte Seite<br \/>\nSchloss \u2013 einzeln<br \/>\nBefestigungsgurte \u2013 JA, 2<\/p>\n<p>Befestigung an Stangen im Lieferumfang enthalten \u2013 Standardsatz, der an Stangen mit einer Mindesth\u00f6he von 18 mm und einer H\u00f6chsth\u00f6he von 35 mm befestigt werden kann. maximale Breite 90 mm<\/p>\n<p>&nbsp;<\/p>\n<p>Das Befestigungsset enth\u00e4lt:<\/p>\n<p>4 60-mm-U-Bolzen<\/p>\n<p>4 90-mm-U-Bolzen<\/p>\n<p>8 Kn\u00f6pfe<\/p>\n<p>8 Kapseln<\/p>\n<p>2 selbstsichernde Gurte, 2,5 m lang<\/p>\n<p>&nbsp;<\/p>\n<p>**Der Artikel kann geringf\u00fcgig von den gezeigten Bildern abweichen**<\/p>","protected":false},"excerpt":{"rendered":"<p>Auch eine unverzichtbare Dachbox muss den anspruchsvollen Einsatzbedingungen gewachsen sein \u2013 das Grundkonzept, auf dem der CUBE 370 geboren wurde.<br \/>\nEine Dachbox, die unter Beibehaltung der technischen Eigenschaften und des guten Designs, die die Marke LEVUP auszeichnen, vereinfachte technische L\u00f6sungen wie die Verwendung von zwei einseitigen Verschl\u00fcssen bietet.<\/p>\n<p>370 LT<br \/>\nUniverselles Kit, geeignet f\u00fcr jeden Bar- und Fahrzeugtyp<\/p>","protected":false},"featured_media":1531,"comment_status":"closed","ping_status":"closed","template":"","meta":[],"product_brand":[],"product_cat":[15,53],"product_tag":[],"class_list":{"0":"post-1023","1":"product","2":"type-product","3":"status-publish","4":"has-post-thumbnail","6":"product_cat-box-da-tetto","7":"product_cat-linea-cube","9":"first","10":"instock","11":"taxable","12":"shipping-taxable","13":"purchasable","14":"product-type-simple"},"_links":{"self":[{"href":"https:\/\/www.levupbox.com\/de\/wp-json\/wp\/v2\/product\/1023","targetHints":{"allow":["GET"]}}],"collection":[{"href":"https:\/\/www.levupbox.com\/de\/wp-json\/wp\/v2\/product"}],"about":[{"href":"https:\/\/www.levupbox.com\/de\/wp-json\/wp\/v2\/types\/product"}],"replies":[{"embeddable":true,"href":"https:\/\/www.levupbox.com\/de\/wp-json\/wp\/v2\/comments?post=1023"}],"wp:featuredmedia":[{"embeddable":true,"href":"https:\/\/www.levupbox.com\/de\/wp-json\/wp\/v2\/media\/1531"}],"wp:attachment":[{"href":"https:\/\/www.levupbox.com\/de\/wp-json\/wp\/v2\/media?parent=1023"}],"wp:term":[{"taxonomy":"product_brand","embeddable":true,"href":"https:\/\/www.levupbox.com\/de\/wp-json\/wp\/v2\/product_brand?post=1023"},{"taxonomy":"product_cat","embeddable":true,"href":"https:\/\/www.levupbox.com\/de\/wp-json\/wp\/v2\/product_cat?post=1023"},{"taxonomy":"product_tag","embeddable":true,"href":"https:\/\/www.levupbox.com\/de\/wp-json\/wp\/v2\/product_tag?post=1023"}],"curies":[{"name":"wp","href":"https:\/\/api.w.org\/{rel}","templated":true}]}}