{"id":3,"date":"2024-06-25T13:30:03","date_gmt":"2024-06-25T13:30:03","guid":{"rendered":"https:\/\/levupbox.com\/?page_id=3"},"modified":"2024-07-08T10:22:03","modified_gmt":"2024-07-08T10:22:03","slug":"privacy-policy","status":"publish","type":"page","link":"https:\/\/www.levupbox.com\/de\/privacy-policy\/","title":{"rendered":"Datenschutzrichtlinie"},"content":{"rendered":"<p><strong>INFORMATIONEN ZUR VERARBEITUNG PERSONENBEZOGENER DATEN<\/strong><\/p>\n<p>Ihre Privatsph\u00e4re ist f\u00fcr FREE PLAST SRL sehr wichtig und um sie bestm\u00f6glich zu sch\u00fctzen, stellen wir Ihnen diese Hinweise zur Verf\u00fcgung, in denen Sie Informationen \u00fcber die Art der online gesammelten Informationen und \u00fcber die verschiedenen M\u00f6glichkeiten finden, die Ihnen zur Verf\u00fcgung stehen, um in deren Erhebung und Nutzung einzugreifen Informationen auf der Website. Diese Informationen werden gem\u00e4\u00df Art. 13 der \u201eEurop\u00e4ischen Verordnung 2016\/679\u201c (im Folgenden \u201eDSGVO\u201c) auch denjenigen zur Verf\u00fcgung gestellt, die mit den Webdiensten von FREE PLAST SRL interagieren, die \u00fcber Telematik ab der Adresse zug\u00e4nglich sind: <a href=\"http:\/\/www.freeplast.com\/index.php\" target=\"_blank\" rel=\"noopener\">http:\/\/www.freeplast.com\/index.php<\/a> entsprechend der Homepage der offiziellen Website von FREE PLAST SRL.<\/p>\n<p>Die Informationen werden nur f\u00fcr die Website von FREE PLAST SRL bereitgestellt und nicht f\u00fcr andere Websites, die der Benutzer m\u00f6glicherweise \u00fcber Links konsultiert.<\/p>\n<p><b>Der Datenverantwortliche<\/b><\/p>\n<p>Nach der Konsultation dieser Website k\u00f6nnen Daten \u00fcber identifizierte oder identifizierbare Personen verarbeitet werden. Der Datenverantwortliche ist FREE PLAST SRL | Via Faccini, 95 \u2013 Italien \u2013 E-Mail <a href=\"mailto:amministrazione@freeplast.com\">amministrazione@freeplast.com<\/a>.<\/p>\n<p><b>Arten der verarbeiteten Daten<\/b><\/p>\n<p>Die f\u00fcr den Betrieb dieser Website verwendeten Computersysteme und Softwareverfahren erfassen w\u00e4hrend ihres normalen Betriebs einige personenbezogene Daten, deren \u00dcbermittlung bei der Verwendung von Internet-Kommunikationsprotokollen implizit ist. Hierbei handelt es sich um Informationen, die nicht erfasst werden, um identifizierten Interessenten zugeordnet zu werden, die aber aufgrund ihrer Beschaffenheit durch die Verarbeitung und Verkn\u00fcpfung mit Daten im Besitz Dritter eine Identifizierung der Nutzer erm\u00f6glichen k\u00f6nnten. Zu dieser Datenkategorie geh\u00f6ren die IP-Adressen oder Dom\u00e4nennamen der Computer, die von Benutzern verwendet werden, die eine Verbindung zur Website herstellen, die Adressen in URI-Notation (Uniform Resource Identifier) der angeforderten Ressourcen, der Zeitpunkt der Anfrage und die verwendete Methode \u00dcbermittlung der Anfrage an den Server, die Gr\u00f6\u00dfe der als Antwort erhaltenen Datei, der numerische Code, der den Status der vom Server gegebenen Antwort angibt (erfolgreich, Fehler usw.) und andere Parameter, die sich auf das Betriebssystem und die IT-Umgebung des Benutzers beziehen . Diese Daten werden ausschlie\u00dflich dazu verwendet, anonyme statistische Informationen \u00fcber die Nutzung der Website zu erhalten und deren korrekte Funktion zu \u00fcberpr\u00fcfen. Die Daten k\u00f6nnten nur auf Anfrage der zust\u00e4ndigen Aufsichtsbeh\u00f6rden zur Ermittlung der Verantwortlichkeit im Falle hypothetischer Computerkriminalit\u00e4t gegen die Website verwendet werden.<\/p>\n<p>Es werden weder Cookies zur \u00dcbermittlung personenbezogener Daten eingesetzt, noch werden sogenannte persistente Cookies jeglicher Art oder Systeme zur Benutzerverfolgung eingesetzt. Die Verwendung sogenannter Sitzungscookies (die nicht dauerhaft auf dem Computer des Benutzers gespeichert werden und beim Schlie\u00dfen des Browsers verschwinden) ist strikt auf die \u00dcbertragung von Sitzungskennungen (bestehend aus vom Server generierten Zufallszahlen) beschr\u00e4nkt, die f\u00fcr eine sichere und sichere Nutzung erforderlich sind effiziente Erkundung der Website. Die auf dieser Website verwendeten sogenannten Sitzungscookies vermeiden den Einsatz anderer IT-Techniken, die m\u00f6glicherweise die Privatsph\u00e4re der Benutzer beim Surfen beeintr\u00e4chtigen k\u00f6nnten, und erm\u00f6glichen nicht die Erfassung pers\u00f6nlicher Identifikationsdaten des Benutzers. F\u00fcr weitere Informationen gibt es eine spezielle Cookie-Richtlinie.<\/p>\n<p><b>Daten\u00fcbermittlung ins Ausland: Die erhobenen Daten unterliegen keiner \u00dcbermittlung ins Ausland.<\/b><\/p>\n<p>Aufbewahrungsfrist: Die erhobenen Daten werden f\u00fcr einen Zeitraum aufbewahrt, der die Erreichung der Zwecke, f\u00fcr die sie verarbeitet werden (\u201eGrundsatz der Beschr\u00e4nkung der Aufbewahrung\u201c, Art. 5 DSGVO) oder die gesetzlich festgelegten Fristen nicht \u00fcbersteigt. In regelm\u00e4\u00dfigen Abst\u00e4nden wird \u00fcberpr\u00fcft, ob die gespeicherten Daten im Hinblick auf die Zwecke, f\u00fcr die sie erhoben wurden, veraltet sind.<\/p>\n<h2>Rechte der Interessenten<\/h2>\n<p>Der Interessent hat jederzeit das Recht, vom Datenverantwortlichen Zugang zu seinen Daten, deren Berichtigung oder L\u00f6schung, die Einschr\u00e4nkung der Verarbeitung oder die M\u00f6glichkeit, sich der Verarbeitung zu widersetzen, die \u00dcbertragbarkeit der Daten zu verlangen Die Einwilligung zur Verarbeitung unter Geltendmachung dieser und anderer in der DSGVO vorgesehener Rechte durch einfache Mitteilung an den Datenverantwortlichen zu widerrufen. Der Interessent kann auch eine Beschwerde bei einer Aufsichtsbeh\u00f6rde einreichen.<\/p>\n<p>Jeder, der Zweifel an der Einhaltung der von FREE PLAST SRL angenommenen Datenschutzrichtlinie, ihrer Anwendung, der Richtigkeit Ihrer pers\u00f6nlichen Daten oder der Verwendung der gesammelten Informationen hat, kann sich unter der E-Mail-Adresse an uns wenden: <a href=\"mailto:amministrazione@freeplast.com.\">amministrazione@freeplast.com.<\/a><\/p>","protected":false},"excerpt":{"rendered":"<p>INFORMATIVA SUL TRATTAMENTO DI DATI PERSONALI La tua privacy \u00e8 molto importante per FREE PLAST SRL e per tutelarla al<\/p>","protected":false},"author":1,"featured_media":0,"parent":0,"menu_order":0,"comment_status":"closed","ping_status":"open","template":"","meta":{"footnotes":""},"class_list":["post-3","page","type-page","status-publish","hentry"],"_links":{"self":[{"href":"https:\/\/www.levupbox.com\/de\/wp-json\/wp\/v2\/pages\/3","targetHints":{"allow":["GET"]}}],"collection":[{"href":"https:\/\/www.levupbox.com\/de\/wp-json\/wp\/v2\/pages"}],"about":[{"href":"https:\/\/www.levupbox.com\/de\/wp-json\/wp\/v2\/types\/page"}],"author":[{"embeddable":true,"href":"https:\/\/www.levupbox.com\/de\/wp-json\/wp\/v2\/users\/1"}],"replies":[{"embeddable":true,"href":"https:\/\/www.levupbox.com\/de\/wp-json\/wp\/v2\/comments?post=3"}],"version-history":[{"count":3,"href":"https:\/\/www.levupbox.com\/de\/wp-json\/wp\/v2\/pages\/3\/revisions"}],"predecessor-version":[{"id":311,"href":"https:\/\/www.levupbox.com\/de\/wp-json\/wp\/v2\/pages\/3\/revisions\/311"}],"wp:attachment":[{"href":"https:\/\/www.levupbox.com\/de\/wp-json\/wp\/v2\/media?parent=3"}],"curies":[{"name":"wp","href":"https:\/\/api.w.org\/{rel}","templated":true}]}}