{"id":225,"date":"2024-07-05T12:48:36","date_gmt":"2024-07-05T12:48:36","guid":{"rendered":"https:\/\/levupbox.com\/?page_id=225"},"modified":"2024-07-18T07:14:31","modified_gmt":"2024-07-18T07:14:31","slug":"informativa-sui-cookie","status":"publish","type":"page","link":"https:\/\/www.levupbox.com\/de\/informativa-sui-cookie\/","title":{"rendered":"Cookie-Richtlinie"},"content":{"rendered":"<div class=\"wpb-content-wrapper\"><div class=\"vc_row wpb_row vc_row-fluid\"><div class=\"wpb_column vc_column_container vc_col-sm-12\"><div class=\"vc_column-inner\"><div class=\"wpb_wrapper\">\n\t<div class=\"wpb_text_column wpb_content_element\" >\n\t\t<div class=\"wpb_wrapper\">\n\t\t\t<h2><strong>DIE COOKIES DIESER WEBSITE<\/strong><\/h2>\n<div class=\"BorlabsCookie\"><h3 class=\"_brlbs _brlbs-cg-essential\">Essentiell<\/h3><p class=\"_brlbs _brlbs-cg-essential\">Unverzichtbare Cookies erm\u00f6glichen grundlegende Funktionen und sind f\u00fcr die ordnungsgem\u00e4\u00dfe Funktion der Website erforderlich.<\/p><h4 class=\"_brlbs _brlbs-c-borlabs-cookie\">Borlabs-Kekse<\/h4><div class=\"_brlbs-responsive-table\"><table class=\"_brlbs _brlbs-c-borlabs-cookie\"><tr><th scope=\"row\">Name<\/th><td>Borlabs-Kekse<\/td><\/tr><tr><th scope=\"row\">Anbieter<\/th><td>Inhaber dieser Website<\/td><\/tr><tr><th scope=\"row\">Umfang<\/th><td>Speichert ausgew\u00e4hlte Besucherpr\u00e4ferenzen in der Borlabs Cookie Box.<\/td><\/tr><tr><th scope=\"row\">Cookie-Name<\/th><td>Borlabs-Keks<\/td><\/tr><tr><th scope=\"row\">Cookie-Ablauf<\/th><td>1 Jahr<\/td><\/tr><\/table><\/div><h3 class=\"_brlbs _brlbs-cg-statistics\">Statistiken<\/h3><p class=\"_brlbs _brlbs-cg-statistics\">Cookies f\u00fcr statistische Zwecke sammeln Informationen anonym. Diese Informationen helfen uns zu verstehen, wie unsere Besucher unsere Website nutzen.<\/p><h4 class=\"_brlbs _brlbs-c-google-analytics\">Google Analytics<\/h4><div class=\"_brlbs-responsive-table\"><table class=\"_brlbs _brlbs-c-google-analytics\"><tr><th scope=\"row\">Name<\/th><td>Google Analytics<\/td><\/tr><tr><th scope=\"row\">Anbieter<\/th><td>Google Ireland Limited, Gordon House, Barrow Street, Dublin 4, Irland<\/td><\/tr><tr><th scope=\"row\">Umfang<\/th><td>Google-Cookie zur Website-Analyse. Erzeugt statistische Daten \u00fcber die Nutzung der Website durch den Besucher.<\/td><\/tr><tr><th scope=\"row\">Datenschutzrichtlinie<\/th><td><a href=\"https:\/\/policies.google.com\/privacy?hl=en\" target=\"_blank\" rel=\"nofollow noopener noreferrer\">https:\/\/policies.google.com\/privacy?hl=en<\/a><\/td><\/tr><tr><th scope=\"row\">Cookie-Name<\/th><td>_ga,_gat,_gid<\/td><\/tr><tr><th scope=\"row\">Cookie-Ablauf<\/th><td>2 Monate<\/td><\/tr><\/table><\/div><h3 class=\"_brlbs _brlbs-cg-marketing\">Marketing<\/h3><p class=\"_brlbs _brlbs-cg-marketing\">Marketing-Cookies werden von Drittanbietern oder Publishern verwendet, um personalisierte Werbung anzuzeigen. Dies erreichen sie, indem sie Besucher \u00fcber Websites hinweg verfolgen.<\/p><h3 class=\"_brlbs _brlbs-cg-external-media\">Dritte<\/h3><p class=\"_brlbs _brlbs-cg-external-media\">Inhalte von Video- und Social-Media-Plattformen werden standardm\u00e4\u00dfig blockiert. Wenn Cookies von Drittanbietern akzeptiert werden, ist f\u00fcr den Zugriff auf solche Inhalte keine manuelle Zustimmung mehr erforderlich.<\/p><h4 class=\"_brlbs _brlbs-c-facebook\">Facebook<\/h4><div class=\"_brlbs-responsive-table\"><table class=\"_brlbs _brlbs-c-facebook\"><tr><th scope=\"row\">Name<\/th><td>Facebook<\/td><\/tr><tr><th scope=\"row\">Anbieter<\/th><td>Meta Platforms Ireland Limited, 4 Grand Canal Square, Dublin 2, Irland<\/td><\/tr><tr><th scope=\"row\">Umfang<\/th><td>Wird verwendet, um Facebook-Inhalte zu entsperren.<\/td><\/tr><tr><th scope=\"row\">Datenschutzrichtlinie<\/th><td><a href=\"https:\/\/www.facebook.com\/privacy\/explanation\" target=\"_blank\" rel=\"nofollow noopener noreferrer\">https:\/\/www.facebook.com\/privacy\/explanation<\/a><\/td><\/tr><tr><th scope=\"row\">Gastgeber<\/th><td>.facebook.com<\/td><\/tr><\/table><\/div><h4 class=\"_brlbs _brlbs-c-googlemaps\">Google Maps<\/h4><div class=\"_brlbs-responsive-table\"><table class=\"_brlbs _brlbs-c-googlemaps\"><tr><th scope=\"row\">Name<\/th><td>Google Maps<\/td><\/tr><tr><th scope=\"row\">Anbieter<\/th><td>Google Ireland Limited, Gordon House, Barrow Street, Dublin 4, Irland<\/td><\/tr><tr><th scope=\"row\">Umfang<\/th><td>Wird zum Entsperren von Google Maps-Inhalten verwendet.<\/td><\/tr><tr><th scope=\"row\">Datenschutzrichtlinie<\/th><td><a href=\"https:\/\/policies.google.com\/privacy?hl=en&#038;gl=en\" target=\"_blank\" rel=\"nofollow noopener noreferrer\">https:\/\/policies.google.com\/privacy?hl=en&#038;gl=en<\/a><\/td><\/tr><tr><th scope=\"row\">Gastgeber<\/th><td>.google.com<\/td><\/tr><tr><th scope=\"row\">Cookie-Name<\/th><td>NID<\/td><\/tr><tr><th scope=\"row\">Cookie-Ablauf<\/th><td>6 Monate<\/td><\/tr><\/table><\/div><h4 class=\"_brlbs _brlbs-c-instagram\">Instagram<\/h4><div class=\"_brlbs-responsive-table\"><table class=\"_brlbs _brlbs-c-instagram\"><tr><th scope=\"row\">Name<\/th><td>Instagram<\/td><\/tr><tr><th scope=\"row\">Anbieter<\/th><td>Meta Platforms Ireland Limited, 4 Grand Canal Square, Dublin 2, Irland<\/td><\/tr><tr><th scope=\"row\">Umfang<\/th><td>Wird zum Entsperren von Instagram-Inhalten verwendet.<\/td><\/tr><tr><th scope=\"row\">Datenschutzrichtlinie<\/th><td><a href=\"https:\/\/www.instagram.com\/legal\/privacy\/\" target=\"_blank\" rel=\"nofollow noopener noreferrer\">https:\/\/www.instagram.com\/legal\/privacy\/<\/a><\/td><\/tr><tr><th scope=\"row\">Gastgeber<\/th><td>.instagram.com<\/td><\/tr><tr><th scope=\"row\">Cookie-Name<\/th><td>pigeon_state<\/td><\/tr><tr><th scope=\"row\">Cookie-Ablauf<\/th><td>Sitzung<\/td><\/tr><\/table><\/div><h4 class=\"_brlbs _brlbs-c-openstreetmap\">OpenStreetMap<\/h4><div class=\"_brlbs-responsive-table\"><table class=\"_brlbs _brlbs-c-openstreetmap\"><tr><th scope=\"row\">Name<\/th><td>OpenStreetMap<\/td><\/tr><tr><th scope=\"row\">Anbieter<\/th><td>Openstreetmap Foundation, St John&#039;s Innovation Centre, Cowley Road, Cambridge CB4 0WS, Vereinigtes K\u00f6nigreich<\/td><\/tr><tr><th scope=\"row\">Umfang<\/th><td>Wird zum Entsperren von OpenStreetMap-Inhalten verwendet.<\/td><\/tr><tr><th scope=\"row\">Datenschutzrichtlinie<\/th><td><a href=\"https:\/\/wiki.osmfoundation.org\/wiki\/Privacy_Policy\" target=\"_blank\" rel=\"nofollow noopener noreferrer\">https:\/\/wiki.osmfoundation.org\/wiki\/Privacy_Policy<\/a><\/td><\/tr><tr><th scope=\"row\">Gastgeber<\/th><td>.openstreetmap.org<\/td><\/tr><tr><th scope=\"row\">Cookie-Name<\/th><td>_osm_location, _osm_session, _osm_totp_token, _osm_welcome, _pk_id., _pk_ref., _pk_ses., qos_token<\/td><\/tr><tr><th scope=\"row\">Cookie-Ablauf<\/th><td>1-10 Jahre<\/td><\/tr><\/table><\/div><h4 class=\"_brlbs _brlbs-c-twitter\">Twitter<\/h4><div class=\"_brlbs-responsive-table\"><table class=\"_brlbs _brlbs-c-twitter\"><tr><th scope=\"row\">Name<\/th><td>Twitter<\/td><\/tr><tr><th scope=\"row\">Anbieter<\/th><td>Twitter International Company, One Cumberland Place, Fenian Street, Dublin 2, D02 AX07, Irland<\/td><\/tr><tr><th scope=\"row\">Umfang<\/th><td>Wird zum Entsperren von Twitter-Inhalten verwendet.<\/td><\/tr><tr><th scope=\"row\">Datenschutzrichtlinie<\/th><td><a href=\"https:\/\/twitter.com\/privacy\" target=\"_blank\" rel=\"nofollow noopener noreferrer\">https:\/\/twitter.com\/privacy<\/a><\/td><\/tr><tr><th scope=\"row\">Gastgeber<\/th><td>.twimg.com, .twitter.com<\/td><\/tr><tr><th scope=\"row\">Cookie-Name<\/th><td>__widgetsettings, local_storage_support_test<\/td><\/tr><tr><th scope=\"row\">Cookie-Ablauf<\/th><td>Unbegrenzt<\/td><\/tr><\/table><\/div><h4 class=\"_brlbs _brlbs-c-vimeo\">Vimeo<\/h4><div class=\"_brlbs-responsive-table\"><table class=\"_brlbs _brlbs-c-vimeo\"><tr><th scope=\"row\">Name<\/th><td>Vimeo<\/td><\/tr><tr><th scope=\"row\">Anbieter<\/th><td>Vimeo Inc., 555 West 18th Street, New York, New York 10011, USA<\/td><\/tr><tr><th scope=\"row\">Umfang<\/th><td>Wird zum Entsperren von Vimeo-Inhalten verwendet.<\/td><\/tr><tr><th scope=\"row\">Datenschutzrichtlinie<\/th><td><a href=\"https:\/\/vimeo.com\/privacy\" target=\"_blank\" rel=\"nofollow noopener noreferrer\">https:\/\/vimeo.com\/privacy<\/a><\/td><\/tr><tr><th scope=\"row\">Gastgeber<\/th><td>player.vimeo.com<\/td><\/tr><tr><th scope=\"row\">Cookie-Name<\/th><td>leer<\/td><\/tr><tr><th scope=\"row\">Cookie-Ablauf<\/th><td>2 Jahre<\/td><\/tr><\/table><\/div><h4 class=\"_brlbs _brlbs-c-youtube\">YouTube<\/h4><div class=\"_brlbs-responsive-table\"><table class=\"_brlbs _brlbs-c-youtube\"><tr><th scope=\"row\">Name<\/th><td>YouTube<\/td><\/tr><tr><th scope=\"row\">Anbieter<\/th><td>Google Ireland Limited, Gordon House, Barrow Street, Dublin 4, Irland<\/td><\/tr><tr><th scope=\"row\">Umfang<\/th><td>Wird zum Entsperren von YouTube-Inhalten verwendet.<\/td><\/tr><tr><th scope=\"row\">Datenschutzrichtlinie<\/th><td><a href=\"https:\/\/policies.google.com\/privacy?hl=en&#038;gl=en\" target=\"_blank\" rel=\"nofollow noopener noreferrer\">https:\/\/policies.google.com\/privacy?hl=en&#038;gl=en<\/a><\/td><\/tr><tr><th scope=\"row\">Gastgeber<\/th><td>google.com<\/td><\/tr><tr><th scope=\"row\">Cookie-Name<\/th><td>NID<\/td><\/tr><tr><th scope=\"row\">Cookie-Ablauf<\/th><td>6 Monate<\/td><\/tr><\/table><\/div><\/div>\n<h2><strong>MEINE AKTIVEN COOKIES<\/strong><\/h2>\n<div class=\"BorlabsCookie\" data-borlabs-cookie-consent-history><div class=\"_brlbs-responsive-table\"><table class=\"_brlbs-table\"><thead><tr><th class=\"_brlbs-table-date\" scope=\"col\">Datum<\/th><th class=\"_brlbs-table-version\" scope=\"col\">Version<\/th><th class=\"_brlbs-table-consents\" scope=\"col\">Einwilligungen<\/th><\/tr><\/thead><\/table><\/div><\/div>\n<a href=\"#\" class=\"borlabs-cookie-preference\">\u00c4ndern Sie die Cookie-Einstellung<\/a>\n\n\t\t<\/div>\n\t<\/div>\n\n\t<div class=\"wpb_text_column wpb_content_element\" >\n\t\t<div class=\"wpb_wrapper\">\n\t\t\t<h2>KEKSE<\/h2>\n<p>Um unsere Website einfacher und intuitiver zu gestalten, verwenden wir Cookies. Cookies sind kleine Datenmengen, die es uns erm\u00f6glichen, neue und fr\u00fchere Besucher zu vergleichen und zu verstehen, wie Benutzer auf unserer Website navigieren. Wir nutzen die mithilfe von Cookies gesammelten Daten, um das Surferlebnis in Zukunft angenehmer und effizienter zu gestalten.<br \/>\nCookies erfassen keine pers\u00f6nlichen Informationen \u00fcber einen Benutzer und es werden keine identifizierbaren Daten gespeichert. Wenn Sie die Verwendung von Cookies deaktivieren m\u00f6chten, m\u00fcssen Sie die Einstellungen auf Ihrem Computer anpassen, indem Sie die L\u00f6schung aller Cookies einstellen oder eine Warnmeldung aktivieren, wenn Cookies gespeichert werden. Um fortzufahren, ohne die Verwendung von Cookies zu \u00e4ndern, navigieren Sie einfach weiter.<br \/>\nBesuchen Sie AboutCookies.org f\u00fcr weitere Informationen \u00fcber Cookies und wie sie Ihr Surferlebnis beeinflussen.<\/p>\n<h3>Die Arten von Cookies, die wir verwenden:<\/h3>\n<p><em><strong>Unverzichtbare Cookies<\/strong><\/em><br \/>\nDiese Cookies sind unerl\u00e4sslich, damit Sie sich auf der Website bewegen und ihre Funktionen in vollem Umfang nutzen k\u00f6nnen, beispielsweise den Zugriff auf die verschiedenen gesch\u00fctzten Bereiche der Website. Ohne diese Cookies k\u00f6nnen einige notwendige Dienste, wie beispielsweise das Ausf\u00fcllen eines Formulars f\u00fcr ein Gewinnspiel, nicht genutzt werden.<\/p>\n<p><em><strong>Leistungscookies<\/strong><\/em><br \/>\nDiese Cookies sammeln Informationen dar\u00fcber, wie Benutzer eine Website nutzen, beispielsweise welche Seiten am h\u00e4ufigsten besucht werden und ob sie Fehlermeldungen von Webseiten erhalten. Diese Cookies sammeln keine Informationen, die einen Besucher identifizieren. Alle durch Cookies gesammelten Informationen werden aggregiert und sind daher anonym. Sie werden ausschlie\u00dflich dazu verwendet, die Funktionsweise einer Website zu verbessern.<br \/>\nDurch die Nutzung unserer Website akzeptieren Sie, dass diese Cookies auf Ihrem Ger\u00e4t installiert werden k\u00f6nnen.<\/p>\n<p><em><strong>Funktionalit\u00e4tscookies<\/strong><\/em><br \/>\nMithilfe von Cookies kann sich die Website die vom Benutzer getroffenen Entscheidungen (z. B. Name, Sprache oder Herkunftsregion) merken und erweiterte personalisierte Funktionen bereitstellen. Diese Cookies k\u00f6nnen auch verwendet werden, um \u00c4nderungen zu speichern, die Sie an Textgr\u00f6\u00dfe, Schriftarten und anderen Teilen von Webseiten vornehmen, die Sie anpassen k\u00f6nnen. Sie k\u00f6nnen auch verwendet werden, um von Ihnen angeforderte Dienste bereitzustellen, z. B. das Ansehen eines Videos oder das Kommentieren eines Blogs. Die durch diese Art von Cookies gesammelten Informationen k\u00f6nnen anonymisiert werden und Ihre Surfaktivit\u00e4ten auf anderen Websites k\u00f6nnen nicht nachverfolgt werden.<br \/>\nDurch die Nutzung unserer Website akzeptieren Sie, dass diese Cookies auf Ihrem Ger\u00e4t installiert werden k\u00f6nnen.<\/p>\n<h3>So verwalten Sie Cookies auf Ihrem PC<\/h3>\n<p>Wenn Sie Cookies von unserer Website zulassen m\u00f6chten, befolgen Sie bitte die folgenden Schritte:<\/p>\n<p><strong>Google Chrome<\/strong><br \/>\n1. Klicken Sie oben im Browserfenster auf \u201eExtras\u201c und w\u00e4hlen Sie \u201eOptionen\u201c.<br \/>\n2. Klicken Sie auf die Registerkarte \u201eGeek Stuff\u201c, suchen Sie den Abschnitt \u201eDatenschutz\u201c und w\u00e4hlen Sie die Schaltfl\u00e4che \u201eInhaltseinstellungen\u201c.<br \/>\n3. W\u00e4hlen Sie nun \u201eEinstellung lokaler Daten zulassen\u201c<\/p>\n<p><strong>Microsoft Internet Explorer 6.0, 7.0, 8.0, 9.0<\/strong><br \/>\n1. Klicken Sie oben im Browserfenster auf \u201eExtras\u201c, w\u00e4hlen Sie \u201eInternetoptionen\u201c und klicken Sie dann auf die Registerkarte \u201eDatenschutz\u201c.<br \/>\n2. Um Cookies in Ihrem Browser zu aktivieren, stellen Sie sicher, dass Ihre Datenschutzstufe auf \u201eMittel\u201c oder niedriger eingestellt ist.<br \/>\n3. Wenn Sie die Datenschutzstufe \u00fcber \u201eMittel\u201c einstellen, deaktivieren Sie die Verwendung von Cookies.<\/p>\n<p><strong>Mozilla Firefox<\/strong><br \/>\n1. Klicken Sie oben im Browserfenster auf \u201eExtras\u201c und w\u00e4hlen Sie \u201eOptionen\u201c.<br \/>\n2. W\u00e4hlen Sie dann das Datenschutzsymbol<br \/>\n3. Klicken Sie auf \u201eCookies\u201c und w\u00e4hlen Sie dann \u201eIch erlaube Websites, Cookies zu verwenden\u201c.<\/p>\n<p><strong>Safari<\/strong><br \/>\n1. Klicken Sie oben in Ihrem Browserfenster auf das Zahnradsymbol und w\u00e4hlen Sie die Option \u201eEinstellungen\u201c.<br \/>\n2. Klicken Sie auf \u201eSicherheit\u201c und w\u00e4hlen Sie die Option \u201eCookies von Drittanbietern und Werbung blockieren\u201c.<br \/>\n3. Klicken Sie auf \u201eSpeichern\u201c.<\/p>\n<h3>So verwalten Sie Cookies auf dem Mac<\/h3>\n<p>Wenn Sie Cookies von unserer Website zulassen m\u00f6chten, befolgen Sie bitte die folgenden Schritte:<\/p>\n<p><strong>Microsoft Internet Explorer 5.0 unter OSX<\/strong><br \/>\n1. Klicken Sie oben in Ihrem Browserfenster auf \u201eErkunden\u201c und w\u00e4hlen Sie die Option \u201eEinstellungen\u201c.<br \/>\n2. Scrollen Sie nach unten, bis Sie im Abschnitt \u201eEmpfangende Datei\u201c \u201eCookies\u201c sehen<br \/>\n3. W\u00e4hlen Sie die Option \u201eNicht fragen\u201c.<\/p>\n<p><strong>Safari unter OSX<\/strong><br \/>\n1. Klicken Sie oben in Ihrem Browserfenster auf \u201eSafari\u201c und w\u00e4hlen Sie die Option \u201eEinstellungen\u201c.<br \/>\n2. Klicken Sie auf \u201eSicherheit\u201c und dann auf \u201eCookies akzeptieren\u201c.<br \/>\n3. W\u00e4hlen Sie \u201eNur von Website\u201c<\/p>\n<p><strong>Mozilla und Netscape unter OSX<\/strong><br \/>\n1. Klicken Sie oben in Ihrem Browserfenster auf \u201eMozilla\u201c oder \u201eNetscape\u201c und w\u00e4hlen Sie die Option \u201eEinstellungen\u201c.<br \/>\n2. Scrollen Sie nach unten, bis Sie unter \u201eDatenschutz und Sicherheit\u201c Cookies sehen.<br \/>\n3. W\u00e4hlen Sie \u201eCookies nur f\u00fcr die Ursprungsseite aktivieren\u201c.<\/p>\n<p><strong>Oper<\/strong><br \/>\n1. Klicken Sie oben in Ihrem Browserfenster auf \u201eMen\u00fc\u201c und w\u00e4hlen Sie \u201eEinstellungen\u201c.<br \/>\n2. W\u00e4hlen Sie dann \u201eEinstellungen\u201c und dann die Registerkarte \u201eErweitert\u201c.<br \/>\n3. W\u00e4hlen Sie anschlie\u00dfend die Option \u201eCookies akzeptieren\u201c.<\/p>\n<h2>Google Analytics<\/h2>\n<p>Diese Website nutzt Google Analytics, einen Webanalysedienst der Google Inc. (\u201eGoogle\u201c). Google Analytics verwendet \u201eCookies\u201c, Textdateien, die auf Ihrem Computer gespeichert werden und die eine Analyse der Benutzung der Website durch Sie erm\u00f6glichen. Die durch den Cookie erzeugten Informationen \u00fcber Ihre Benutzung dieser Website (einschlie\u00dflich Ihrer anonymisierten IP-Adresse) werden an einen Server von Google in den USA \u00fcbertragen und dort gespeichert. Google wird diese Informationen verwenden, um Ihre Nutzung der Website auszuwerten, Berichte \u00fcber die Websiteaktivit\u00e4ten f\u00fcr Websitebetreiber zusammenzustellen und um weitere mit der Websiteaktivit\u00e4t und der Internetnutzung verbundene Dienstleistungen zu erbringen. Auch wird Google diese Informationen gegebenenfalls an Dritte \u00fcbertragen, sofern dies gesetzlich vorgeschrieben oder soweit Dritte diese Daten im Auftrag von Google verarbeiten. Google wird Ihre IP-Adresse nicht mit anderen Daten von Google in Verbindung bringen. Sie k\u00f6nnen die Verwendung von Cookies durch eine entsprechende Einstellung Ihrer Browser-Software verhindern; wir weisen Sie jedoch darauf hin, dass Sie in diesem Fall gegebenenfalls nicht s\u00e4mtliche Funktionen dieser Website vollumf\u00e4nglich werden nutzen k\u00f6nnen. Durch die Nutzung dieser Website erkl\u00e4ren Sie sich mit der Verarbeitung Ihrer Daten durch Google in der zuvor beschriebenen Art und Weise und zu den oben genannten Zwecken einverstanden.<br \/>\nSie k\u00f6nnen die Erfassung eines durch Ihre Nutzung dieser Website erzeugten Cookies (inkl. Ihrer IP-Adresse) durch Google sowie die Verarbeitung dieser Daten durch Google verhindern, indem Sie dieses Browser-Plugin herunterladen und installieren:<a href=\"http:\/\/tools.google.com\/dlpage\/gaoptout?hl=en\" target=\"_blank\" rel=\"noopener\">http:\/\/tools.google.com\/dlpage\/gaoptout?hl=en<\/a><\/p>\n\n\t\t<\/div>\n\t<\/div>\n<\/div><\/div><\/div><\/div>\n<\/div>","protected":false},"excerpt":{"rendered":"COOKIES AUF DIESER SEITE Essentiell Essentielle Cookies erm\u00f6glichen grundlegende Funktionen und sind f\u00fcr die einwandfreie Funktion der Website erforderlich.","protected":false},"author":3,"featured_media":0,"parent":0,"menu_order":0,"comment_status":"closed","ping_status":"closed","template":"","meta":{"footnotes":""},"class_list":["post-225","page","type-page","status-publish","hentry"],"_links":{"self":[{"href":"https:\/\/www.levupbox.com\/de\/wp-json\/wp\/v2\/pages\/225","targetHints":{"allow":["GET"]}}],"collection":[{"href":"https:\/\/www.levupbox.com\/de\/wp-json\/wp\/v2\/pages"}],"about":[{"href":"https:\/\/www.levupbox.com\/de\/wp-json\/wp\/v2\/types\/page"}],"author":[{"embeddable":true,"href":"https:\/\/www.levupbox.com\/de\/wp-json\/wp\/v2\/users\/3"}],"replies":[{"embeddable":true,"href":"https:\/\/www.levupbox.com\/de\/wp-json\/wp\/v2\/comments?post=225"}],"version-history":[{"count":3,"href":"https:\/\/www.levupbox.com\/de\/wp-json\/wp\/v2\/pages\/225\/revisions"}],"predecessor-version":[{"id":1438,"href":"https:\/\/www.levupbox.com\/de\/wp-json\/wp\/v2\/pages\/225\/revisions\/1438"}],"wp:attachment":[{"href":"https:\/\/www.levupbox.com\/de\/wp-json\/wp\/v2\/media?parent=225"}],"curies":[{"name":"wp","href":"https:\/\/api.w.org\/{rel}","templated":true}]}}