{"id":2195,"date":"2024-11-07T09:05:16","date_gmt":"2024-11-07T09:05:16","guid":{"rendered":"https:\/\/www.levupbox.com\/?page_id=2195"},"modified":"2024-11-07T09:05:16","modified_gmt":"2024-11-07T09:05:16","slug":"spedizioni","status":"publish","type":"page","link":"https:\/\/www.levupbox.com\/de\/spedizioni\/","title":{"rendered":"Versand"},"content":{"rendered":"<p><strong>LIEFERUNG<\/strong><\/p>\n<p>Die Lieferung der Artikel erfolgt ausschlie\u00dflich:<\/p>\n<ul>\n<li>am gew\u00f6hnlichen Aufenthaltsort des Verbrauchers oder<br \/>\nan die Adresse des Dritten, die der Verbraucher zum Zeitpunkt der Bestellung f\u00fcr die Lieferung angegeben hat; Bitte beachten Sie, dass diese Adresse dem gew\u00f6hnlichen Aufenthaltsort des vom Verbraucher gew\u00e4hlten Drittbeg\u00fcnstigten oder, falls dies nicht der Fall ist, der Adresse des Unternehmens entsprechen muss, bei dem der Dritte seine Arbeit aus\u00fcbt.<\/li>\n<li>Es versteht sich, dass dies in keinem Fall in Hotels oder an Postf\u00e4chern erfolgen kann.<\/li>\n<\/ul>\n<p>Alle unsere Sendungen sind versichert, um unseren Verbrauchern absolute Sicherheit zu gew\u00e4hrleisten.<\/p>\n<p>F\u00fcr den Fall, dass der Kunde den Artikel mit sichtbar besch\u00e4digter Verpackung erh\u00e4lt, ist es erforderlich, die Lieferung des Pakets mit zu genehmigen<strong> Spezifische Regelreserve <\/strong>zum Zeitpunkt der Lieferung, <strong>Angabe: besch\u00e4digtes Paket<\/strong> .<\/p>\n<p>Dann ist es wichtig, das Paket bei der Ankunft zu fotografieren (am besten im Fahrzeug des Kuriers).<\/p>\n<p>Sollte der Kofferraum besch\u00e4digt sein, senden Sie ihn einfach an <a href=\"mailto:info@levupbox.com\">info@levupbox.com<\/a> die Bilder des Schadens, die Bestellnummer sowie das Datum und die Uhrzeit der Lieferung, um sofortigen Ersatz des Artikels zu erhalten.<\/p>\n<p>Die Lieferung der Artikel erfolgt nach der Registrierung der Zahlung des Bestellbetrags an die vom Verbraucher f\u00fcr die Lieferung angegebene Adresse. <strong>Die Lieferung der bestellten Artikel erfolgt sp\u00e4testens 15 Tage nach Bestelldatum.<\/strong><\/p>\n<p>Zusammen mit der Ware wird eine Rechnung mit den Einzelheiten der bestellten Artikel und den geltenden Preisen geliefert.<\/p>\n<p>&nbsp;<\/p>\n<p><strong>VERSANDKOSTEN<\/strong><br \/>\nF\u00fcr Bestellungen aus dem Inland fallen keine Versandkosten an.<\/p>","protected":false},"excerpt":{"rendered":"<p>CONSEGNA La consegna degli articoli sar\u00e0 effettuata soltanto: nel luogo di residenza abituale del consumatore o all\u2019indirizzo del terzo indicato<\/p>","protected":false},"author":3,"featured_media":0,"parent":0,"menu_order":0,"comment_status":"closed","ping_status":"closed","template":"","meta":{"footnotes":""},"class_list":["post-2195","page","type-page","status-publish","hentry"],"_links":{"self":[{"href":"https:\/\/www.levupbox.com\/de\/wp-json\/wp\/v2\/pages\/2195","targetHints":{"allow":["GET"]}}],"collection":[{"href":"https:\/\/www.levupbox.com\/de\/wp-json\/wp\/v2\/pages"}],"about":[{"href":"https:\/\/www.levupbox.com\/de\/wp-json\/wp\/v2\/types\/page"}],"author":[{"embeddable":true,"href":"https:\/\/www.levupbox.com\/de\/wp-json\/wp\/v2\/users\/3"}],"replies":[{"embeddable":true,"href":"https:\/\/www.levupbox.com\/de\/wp-json\/wp\/v2\/comments?post=2195"}],"version-history":[{"count":2,"href":"https:\/\/www.levupbox.com\/de\/wp-json\/wp\/v2\/pages\/2195\/revisions"}],"predecessor-version":[{"id":2197,"href":"https:\/\/www.levupbox.com\/de\/wp-json\/wp\/v2\/pages\/2195\/revisions\/2197"}],"wp:attachment":[{"href":"https:\/\/www.levupbox.com\/de\/wp-json\/wp\/v2\/media?parent=2195"}],"curies":[{"name":"wp","href":"https:\/\/api.w.org\/{rel}","templated":true}]}}