{"id":2191,"date":"2024-11-07T08:51:08","date_gmt":"2024-11-07T08:51:08","guid":{"rendered":"https:\/\/www.levupbox.com\/?page_id=2191"},"modified":"2024-11-07T08:51:08","modified_gmt":"2024-11-07T08:51:08","slug":"condizioni-di-vendita","status":"publish","type":"page","link":"https:\/\/www.levupbox.com\/de\/condizioni-di-vendita\/","title":{"rendered":"Verkaufsbedingungen"},"content":{"rendered":"<h3><strong>\u00a0<\/strong><strong>VERKAUFSBEDINGUNGEN<\/strong><\/h3>\n<p><strong>PR\u00c4MISSE<\/strong><\/p>\n<p>Das Unternehmen <strong>FREE PLAST Srl <\/strong>, im Folgenden \u201eUnternehmen\u201c genannt.<\/p>\n<p>Um den Erwartungen der Verbraucher besser gerecht zu werden, hat das Unternehmen f\u00fcr eine Auswahl der oben genannten Artikel ein Fernverkaufssystem \u00fcber das Internet eingerichtet. Dieses System unterliegt den unten aufgef\u00fchrten Allgemeinen Gesch\u00e4ftsbedingungen sowie den Bestimmungen \u00fcber Fernabsatzvertr\u00e4ge gem\u00e4\u00df Gesetzesdekret 206\/2005 (Verbrauchergesetzbuch), wonach:<\/p>\n<ol>\n<li>I) \u201eOnline-Kaufvertrag\u201c bezeichnet in diesem Fall den Fernabsatzvertrag, d. h. das zwischen einem Unternehmer abgeschlossene Rechtsgesch\u00e4ft \u00fcber bewegliche Waren und\/oder Dienstleistungen<strong> KOSTENLOSE PLAST SRL<\/strong>, \u00fcber den Onlinedienst <strong><a href=\"http:\/\/www.LevupBox.com\" target=\"_blank\" rel=\"noopener\">LevupBox.com<\/a> <\/strong>und ein Verbraucher im Rahmen eines Fernabsatzsystems, das von einem Gewerbetreibenden organisiert wird, der f\u00fcr diesen Vertrag ausschlie\u00dflich die Fernkommunikationstechnologie namens Internet nutzt;<\/li>\n<li>II) \u201egewerblich t\u00e4tig\u201c ist die nat\u00fcrliche oder juristische Person, die in Aus\u00fcbung ihrer unternehmerischen, gewerblichen, handwerklichen oder beruflichen T\u00e4tigkeit handelt, oder ihr Vermittler;<\/li>\n<\/ol>\n<p>III) \u201eVerbraucher\u201c ist die vollj\u00e4hrige nat\u00fcrliche Person, die zu Zwecken handelt, die nicht im Zusammenhang mit einer ausge\u00fcbten unternehmerischen, gewerblichen, handwerklichen oder beruflichen T\u00e4tigkeit stehen.<\/p>\n<p><strong>ARTIKEL 1<\/strong><br \/>\nANWENDUNGSBEREICH<\/p>\n<p>Diese allgemeinen Verkaufsbedingungen regeln den Verkauf der \u00fcber die unter der Adresse zug\u00e4ngliche Website verkauften Artikel durch das Unternehmen an seine Kunden <strong><a href=\"http:\/\/www.LevupBox.com\" target=\"_blank\" rel=\"noopener\">www.LevupBox.com<\/a> .<\/strong><\/p>\n<p>Die M\u00f6glichkeit, Artikel aus der Ferne \u00fcber die Websites zu kaufen, ist ausschlie\u00dflich vollj\u00e4hrigen nat\u00fcrlichen Personen vorbehalten, die als Verbraucher im Sinne des Gesetzesdekrets 206\/2005 handeln, um selbst einen Kauf zu t\u00e4tigen, und die \u00fcber eine Kreditkarte im Sinne einer genaueren Definition verf\u00fcgen im folgenden Art. 6.3.<br \/>\nZu den oben genannten Zwecken erkl\u00e4rt der Verbraucher ausdr\u00fccklich, die Artikel f\u00fcr den pers\u00f6nlichen Gebrauch au\u00dferhalb einer etwaigen beruflichen T\u00e4tigkeit zu erwerben.<br \/>\nDas Unternehmen beh\u00e4lt sich das Recht vor, diese Allgemeinen Verkaufsbedingungen jederzeit und ohne Vorank\u00fcndigung zu \u00e4ndern oder zu aktualisieren. Der Verbraucher erkennt an und akzeptiert, dass f\u00fcr den Kauf der Artikel jeweils die allgemeinen Verkaufsbedingungen in der zum Zeitpunkt der Bestellung \u00fcber die Website geltenden Fassung gelten. Der Verbraucher ist daher verpflichtet, vor Abgabe der Bestellung die aktuelle Fassung der Allgemeinen Verkaufsbedingungen zu pr\u00fcfen.<\/p>\n<p><strong>ARTIKEL 2<\/strong><br \/>\nIDENTIFIZIERUNG DES VERK\u00c4UFERS<\/p>\n<p><strong>FREE PLAST Srl <\/strong>mit Sitz in<\/p>\n<p><strong>Via Idris Faccini, 95 44034 Copparo (FE) Italien<\/strong><\/p>\n<p><strong>ARTIKEL 3<\/strong><br \/>\nINFORMATIONEN ZU DEN ARTIKELN<\/p>\n<p>Die wesentlichen charakteristischen Informationen der Artikel (beispielsweise, aber nicht beschr\u00e4nkt auf: Typ, Name, Farbe, Gr\u00f6\u00dfe, Eigenschaften, Materialien, Zusammensetzung usw.) sind durch Zugriff auf die Websites verf\u00fcgbar. Der Verbraucher ist sich jedoch bewusst und akzeptiert, dass die fotografischen Reproduktionen und andere Reproduktionen der Artikel zwar die Originalprodukte getreu wiedergeben, vom Unternehmen jedoch ausschlie\u00dflich zu Informationszwecken bereitgestellt werden und keinen vertraglichen Wert haben und dass die Artikel daher konform sind der Beschreibung des Unternehmens entsprechen, m\u00f6glicherweise nicht vollkommen mit den in den fotografischen Reproduktionen oder anderen Reproduktionen dargestellten Darstellungen identisch sind.<br \/>\nDer Verbraucher akzeptiert daher, dass das Unternehmen in keiner Weise f\u00fcr unmerkliche und geringf\u00fcgige Unterschiede zwischen den gelieferten Artikeln und denen, die dem Verbraucher zum Zeitpunkt der Bestellung pr\u00e4sentiert wurden, haftbar gemacht werden kann.<\/p>\n<p><strong>ARTIKEL 4<\/strong><br \/>\nBESTELLUNG DER PRODUKTE<\/p>\n<p>4.1<br \/>\nUm Artikel aus der Ferne kaufen zu k\u00f6nnen, muss der Verbraucher das in Artikel 5 unten beschriebene Verfahren befolgen.<br \/>\nBestellungen werden vom Unternehmen im Rahmen der Lagerverf\u00fcgbarkeit angenommen. Der Verbraucher wird vor Abgabe der Bestellung \u00fcber die begrenzte Lagerverf\u00fcgbarkeit informiert. Wenn sich nach der formellen Bestellung durch den Verbraucher herausstellt, dass die angeforderten Artikel nicht mehr verf\u00fcgbar sind, informiert das Unternehmen den Verbraucher und erstattet ihm den gezahlten Betrag gem\u00e4\u00df den Anweisungen, die der Verbraucher selbst geben m\u00f6chte.<\/p>\n<p>4.2<br \/>\nc) Bei den pers\u00f6nlichen Daten Adresse, Telefonnummer und E-Mail muss es sich ausschlie\u00dflich um Ihre tats\u00e4chlichen pers\u00f6nlichen Daten handeln. Dem Verbraucher ist es strengstens untersagt, im Rahmen des Registrierungsverfahrens, das zur Aktivierung des Prozesses zur Ausf\u00fchrung dieses Vertrags und der damit verbundenen weiteren Kommunikation erforderlich ist, falsche und\/oder erfundene und\/oder erfundene Daten einzugeben.<\/p>\n<ol>\n<li>d) Die Eingabe von Daten Dritter ist untersagt. Das Unternehmen beh\u00e4lt sich im Interesse und zum Schutz aller Verbraucher vor, Verst\u00f6\u00dfe und Missbrauch rechtlich zu verfolgen.<\/li>\n<li>e) Der Verbraucher stellt das Unternehmen von jeglicher Haftung frei, die sich aus der Ausstellung falscher Steuerdokumente aufgrund von Fehlern in Bezug auf die vom Verbraucher bereitgestellten Daten ergibt, da er selbst allein f\u00fcr deren korrekte Eingabe verantwortlich ist.<\/li>\n<\/ol>\n<p>Der Verbraucher verpflichtet sich, Bestellungen unter Einhaltung dieser Allgemeinen Verkaufsbedingungen aufzugeben und insbesondere vollst\u00e4ndige, richtige und aktuelle Informationen bereitzustellen. Sollte das Unternehmen feststellen, dass die Bestellung nicht den Bestimmungen dieser Allgemeinen Verkaufsbedingungen entspricht (beispielsweise, aber nicht beschr\u00e4nkt auf Bestellungen mit falschen Angaben zur Lieferadresse), wird das Unternehmen den Verbraucher \u00fcber diese Umst\u00e4nde informieren Innerhalb von 6 Arbeitstagen nach Aufgabe der Bestellung senden Sie uns eine E-Mail mit der Bitte um Berichtigung der Bestellung, damit diese den vorliegenden allgemeinen Verkaufsbedingungen entspricht.<\/p>\n<p>4.3<br \/>\nDas Unternehmen hat jedoch das Recht, nach eigenem Ermessen Folgendes abzulehnen:<br \/>\n\u2022 Bestellungen eines Verbrauchers, mit dem ein Streit \u00fcber die Bezahlung zuvor verkaufter Waren besteht;<br \/>\n\u2022 Bestellungen, die nicht diesen Allgemeinen Verkaufsbedingungen entsprechen und vom Verbraucher nicht korrigiert wurden<\/p>\n<p>4.4<br \/>\nBitte beachten Sie, dass gem\u00e4\u00df Art. 13 des Gesetzesdekrets vom 30. Juni 2003, Nr. 196 Die zum Zeitpunkt der Bestellung auf der jeweiligen Seite der Website eingegebenen personenbezogenen Daten werden vom Unternehmen ausschlie\u00dflich zum Zweck der Abwicklung des Verkaufs und der Lieferung der Artikel verarbeitet und von diesem ausschlie\u00dflich zur Erf\u00fcllung gesetzlicher, Steuer- und Buchhaltungspflichten. Die Bereitstellung dieser Daten durch den Verbraucher ist f\u00fcr den Abschluss des Kaufvorgangs der Artikel erforderlich. Der Datenverantwortliche ist <strong>Freee Plast Srl<\/strong> Der Verbraucher kann alle in Art. 7 des Gesetzesdekrets vom 30. Juni 2003 anerkannten Rechte aus\u00fcben, wie beispielsweise das Recht auf Zugang zu Daten, das Recht auf Aktualisierung, L\u00f6schung, Berichtigung, Erg\u00e4nzung, Sperrung oder Umwandlung von Daten sie in anonymisierter Form sowie das Recht, der Zusendung kommerzieller Informationen und in jedem Fall aus legitimen Gr\u00fcnden der Verarbeitung Ihrer Daten zu widersprechen, indem Sie sich direkt und ohne Formalit\u00e4ten per E-Mail an die Adresse des Unternehmens wenden <strong>www.Levupbox.com <\/strong>oder per Post.<\/p>\n<p><strong>ARTIKEL 5<\/strong><br \/>\nARTIKELPREISE<\/p>\n<p>Die Preise der Artikel verstehen sich inklusive aller Steuern und Abgaben, exklusive Versandkosten. Der Preis des jeweiligen Artikels sowie die H\u00f6he der Versandkosten werden dem Verbraucher vor Vertragsschluss mitgeteilt. In den Versandkosten sind keine Z\u00f6lle enthalten, die vom Verbraucher zu tragen sind. <strong>Alle Preise sind in Euro angegeben und enthalten die gesetzliche Mehrwertsteuer.<\/strong><\/p>\n<p><strong>ARTIKEL 6<\/strong><br \/>\nKAUFMETHODE<\/p>\n<p>6.1 \u2013 REGISTRIERUNG<br \/>\nDurch das Ausf\u00fcllen des pers\u00f6nlichen Datenblatts im Rahmen des von der Website geforderten Registrierungsverfahrens erteilt der Verbraucher seine Zustimmung <strong>Freee Plast Srl <\/strong>den vertrauensw\u00fcrdigen Kurieren und\/oder Spediteuren, die f\u00fcr die Lieferung der gekauften Waren eingesetzt werden, nicht sensible personenbezogene Daten (Wohnort, Telefonnummer) mitzuteilen, um die f\u00fcr deren Lieferung erforderlichen Verfahren zu erm\u00f6glichen.<\/p>\n<p>Es besteht die M\u00f6glichkeit, in der Bestellung Versandhinweise anzugeben, beispielsweise den Namen der Person, an die das Paket im Falle der Abwesenheit des Empf\u00e4ngers zugestellt werden soll.<br \/>\nDabei verpflichtet sich der Verbraucher, die genaue Anschrift seines gew\u00f6hnlichen Aufenthalts oder des Dritten mitzuteilen.<\/p>\n<p><strong>6.2 \u2013 ZAHLUNG<\/strong><br \/>\nNach Eingabe der Daten ist es m\u00f6glich, die Bestell\u00fcbersicht einzusehen und die Zahlungsart auszuw\u00e4hlen.<\/p>\n<p>Nach einigen Sekunden werden Sie vom System auf die Website des Bankinstituts weitergeleitet, das Eigent\u00fcmer und Betreiber des Online-Zahlungsdienstes ist und auf die FIRMENNAME in keiner Weise zugreifen kann.<\/p>\n<p>Die Zahlung kann per erfolgen <strong>PayPal (akzeptiert jede Kreditkarte, einschlie\u00dflich der PostePay-Karte), Satispay oder Bank\u00fcberweisung<\/strong>.<\/p>\n<p><strong>PAYPAL<\/strong><\/p>\n<ol>\n<li>Sobald Sie den Schritt \u201eZahlung\u201c erreicht haben, w\u00e4hlen Sie PayPal aus und klicken Sie auf \u201eBestellung abschlie\u00dfen\u201c.<\/li>\n<li>Sie werden zu PayPal weitergeleitet. Melden Sie sich mit der E-Mail-Adresse und dem Passwort Ihres PayPal-Kontos an. Wenn Sie kein PayPal-Konto haben, klicken Sie auf Sie haben kein PayPal-Konto? Sie k\u00f6nnen weiterhin mit Ihrer Kreditkarte bezahlen.<\/li>\n<li>Schlie\u00dfen Sie die Zahlung ab, indem Sie auf \u201eBezahlen\u201c klicken.<\/li>\n<\/ol>\n<p><strong>SATISPAY<\/strong><\/p>\n<ol>\n<li>Sobald Sie den Zahlungsschritt erreicht haben, w\u00e4hlen Sie Satispay aus und klicken Sie auf Bestellung abschlie\u00dfen.<\/li>\n<li>Sie werden zu Satispay weitergeleitet. Melden Sie sich mit der E-Mail-Adresse und dem Passwort Ihres Satispay-Kontos an. Wenn Sie kein Satispay-Konto haben, klicken Sie auf Sie haben kein Satispay-Konto und k\u00f6nnen trotzdem mit Ihrer Kreditkarte bezahlen.<\/li>\n<li>Schlie\u00dfen Sie die Zahlung ab, indem Sie auf \u201eBezahlen\u201c klicken.<\/li>\n<\/ol>\n<p><strong>BANK\u00dcBERWEISUNG<\/strong><\/p>\n<ol>\n<li>Sobald Sie den Schritt \u201eZahlung\u201c erreicht haben, w\u00e4hlen Sie \u201eBank\u00fcberweisung\u201c und klicken Sie auf \u201eBestellung abschlie\u00dfen\u201c.<\/li>\n<li>Sie erhalten eine E-Mail mit der Best\u00e4tigung der Erstellung der Bestellung, in der Sie alle Informationen f\u00fcr die \u00dcberweisung finden.<\/li>\n<li>Machen Sie die Bank\u00fcberweisung an <strong>Freee Plast Srl <\/strong>,<br \/>\n<strong>IBAN IT80 R 03069 13098 1000 0000 2162 <\/strong><\/li>\n<\/ol>\n<p><strong>\/ SWIFT BCITITMM <\/strong>und geben Sie ein, wie <strong>KAUSAL <\/strong>die Bestellnummer<\/p>\n<ol start=\"4\">\n<li>Senden Sie Ihre Quittung per E-Mail an <strong><a href=\"mailto:Amministrazione@freeplast.com\">Amministrazione@freeplast.com<\/a> <\/strong>unter Angabe der Bestellnummer, des Vor- und Nachnamens.<\/li>\n<li>Es ist wichtig, dass Sie uns nach der \u00dcberweisung so schnell wie m\u00f6glich die Quittung zusenden. Nach Durchf\u00fchrung der erforderlichen Pr\u00fcfungen versenden wir die von Ihnen bestellten Produkte.<\/li>\n<\/ol>\n<p><strong>6.3 \u2013 BESTELLBEST\u00c4TIGUNG<\/strong><br \/>\nSobald Sie die Zahlungskartendaten eingegeben haben, informiert Sie das System \u00fcber die Annahme der Bestellung und sendet eine Bestellbest\u00e4tigungs-E-Mail.<\/p>\n<p>Im Allgemeinen, <strong>Free Plast Srl <\/strong>und der Verbraucher erkl\u00e4ren sich damit einverstanden, dass elektronische Nachrichten sowie automatische Registrierungssysteme zwischen den Parteien als Nachweis f\u00fcr die Absendung der Bestellung gelten, insbesondere im Hinblick auf die Art und das Datum der Bestellung. In jedem Fall wird empfohlen, dass der Verbraucher eine Papier- oder elektronische Kopie der gesendeten Bestellung und der von ihm gesendeten elektronischen Nachricht aufbewahrt <a href=\"mailto:info@Levupbox.com\">info@Levupbox.com<\/a> .<\/p>\n<p><strong>ARTIKEL 7<\/strong><br \/>\nLIEFERUNG<\/p>\n<p>Die Lieferung der Artikel erfolgt ausschlie\u00dflich:<\/p>\n<ul>\n<li>am gew\u00f6hnlichen Aufenthaltsort des Verbrauchers oder<br \/>\nan die Adresse des Dritten, die der Verbraucher zum Zeitpunkt der Bestellung f\u00fcr die Lieferung angegeben hat; Bitte beachten Sie, dass diese Adresse dem gew\u00f6hnlichen Aufenthaltsort des vom Verbraucher gew\u00e4hlten Drittbeg\u00fcnstigten oder, falls dies nicht der Fall ist, der Adresse des Unternehmens entsprechen muss, bei dem der Dritte seine Arbeit aus\u00fcbt.<\/li>\n<li>Es versteht sich, dass dies in keinem Fall in Hotels oder an Postf\u00e4chern erfolgen kann.<\/li>\n<\/ul>\n<p>Alle unsere Sendungen sind versichert, um unseren Verbrauchern absolute Sicherheit zu gew\u00e4hrleisten.<\/p>\n<p>F\u00fcr den Fall, dass der Kunde den Artikel mit sichtbar besch\u00e4digter Verpackung erh\u00e4lt, ist es erforderlich, die Lieferung des Pakets mit zu genehmigen<strong> Spezifische Regelreserve <\/strong>zum Zeitpunkt der Lieferung, <strong>Angabe: besch\u00e4digtes Paket<\/strong> .<\/p>\n<p>Dann ist es wichtig, das Paket bei der Ankunft zu fotografieren (am besten im Fahrzeug des Kuriers).<\/p>\n<p>Sollte der Kofferraum besch\u00e4digt sein, senden Sie ihn einfach an <a href=\"mailto:info@levupbox.com\">info@levupbox.com<\/a> die Bilder des Schadens, die Bestellnummer sowie das Datum und die Uhrzeit der Lieferung, um sofortigen Ersatz des Artikels zu erhalten.<\/p>\n<p>Die Lieferung der Artikel erfolgt nach der Registrierung der Zahlung des Bestellbetrags an die vom Verbraucher f\u00fcr die Lieferung angegebene Adresse. <strong>Die Lieferung der bestellten Artikel erfolgt sp\u00e4testens 15 Tage nach Bestelldatum.<\/strong><\/p>\n<p>Zusammen mit der Ware wird eine Rechnung mit den Einzelheiten der bestellten Artikel und den geltenden Preisen geliefert.<\/p>\n<p><strong>ARTIKEL 8<\/strong><br \/>\nEIGENTUMSVORBEHALT<\/p>\n<p>Das Unternehmen beh\u00e4lt sich das Eigentum an den gelieferten Gegenst\u00e4nden bis zur vollst\u00e4ndigen Zahlung des Preises f\u00fcr Kapital und Zinsen vor. Die Zahlung wird mit der tats\u00e4chlichen Einziehung des Preises abgeschlossen.<br \/>\nIm Falle der Nichtzahlung des Preises, auch nur teilweise, kann das Unternehmen ohne vorherige formelle Mitteilung die vom Unternehmen an den Verbraucher gelieferten Artikel zur\u00fcckfordern.<\/p>\n<p><strong>ARTIKEL 9<\/strong><br \/>\nWiderrufs- und R\u00fcckgaberecht von Artikeln<\/p>\n<p>Dem Verbraucher steht ein Widerrufsrecht zu, das er ohne Angabe von Gr\u00fcnden innerhalb einer Frist von aus\u00fcben kann <strong>acht Werktage<\/strong> ab dem Tag des Erhalts der bestellten Artikel. In diesem Fall hat der Verbraucher das Recht, die Artikel innerhalb der oben genannten Frist in der Originalverpackung, in einwandfreiem Zustand, vollst\u00e4ndig (Zubeh\u00f6r, Informationsbrosch\u00fcre, Garantie usw.) und zusammen mit einer Kopie an das Unternehmen zur\u00fcckzusenden der Rechnung, alles an die auf der Rechnung angegebene Adresse.<\/p>\n<p>Es obliegt dem Verbraucher, den Nachweis dieser R\u00fccksendung zu f\u00fchren, indem er die Artikel per Einschreiben oder auf andere Weise mit einem bestimmten Datum verschickt; Die R\u00fccksendekosten tr\u00e4gt der Verbraucher.<\/p>\n<p>Die R\u00fcckerstattung des in Rechnung gestellten Preises der zur\u00fcckgegebenen Artikel erfolgt durch Gutschrift auf dem Bankkonto des Verbrauchers sp\u00e4testens drei\u00dfig Tage nach Eingang der zur\u00fcckgegebenen Artikel beim Unternehmen.<\/p>\n<p>Unvollst\u00e4ndige, abgenutzte, besch\u00e4digte, verschlechterte oder verschmutzte Artikel, die aus Gr\u00fcnden, die der Verbraucher zu vertreten hat, zur\u00fcckgesandt werden, werden nicht erstattet und f\u00fchren unter keinen Umst\u00e4nden zu einer Gutschrift in H\u00f6he des Preises des urspr\u00fcnglich bestellten Artikels.<\/p>\n<p><strong>ARTIKEL 10<\/strong><br \/>\nKONFORMIT\u00c4T \u2013 GARANTIE<\/p>\n<p>Der Verbraucher hat sicherzustellen, dass die ihm gelieferten Artikel seiner Bestellung entsprechen. Falls die gelieferten Artikel nicht der aufgegebenen Bestellung entsprechen, muss der Verbraucher das Unternehmen so schnell wie m\u00f6glich oder per E-Mail an die angegebene Adresse informieren <strong>info@Levupbox.com <\/strong>und begr\u00fcnden Sie die Nicht\u00fcbereinstimmung des Artikels mit der Bestellung und m\u00fcssen Sie nach Absprache mit dem Unternehmen die betreffenden Artikel in der Originalverpackung, in einwandfreiem Zustand, vollst\u00e4ndig (Zubeh\u00f6r, Informationsbrosch\u00fcre, Garantie usw.) und begleitet von zur\u00fccksenden eine Kopie der Rechnung an die auf der Rechnung angegebene Adresse.<\/p>\n<p>Die R\u00fccksendung des Artikels muss per Einschreiben oder auf andere Weise unter Angabe eines bestimmten Datums erfolgen; Die R\u00fccksendekosten tr\u00e4gt das Unternehmen, wenn festgestellt wird, dass der Artikel nicht der Bestellung des Verbrauchers entspricht.<\/p>\n<p>Unbeschadet etwaiger besonderer Garantiebedingungen, die dem Verbraucher f\u00fcr den gelieferten Artikel gew\u00e4hrt werden, unterliegen die Artikel den gesetzlichen Garantien.<\/p>\n<p><strong>ARTIKEL 11<\/strong><br \/>\nRECHT DES GEISTIGEN EIGENTUMS<\/p>\n<p>Dem Verbraucher ist es untersagt, die Website ganz oder teilweise in irgendeinem Format oder Medium zu reproduzieren. Die Artikel und figurativen und nicht-figurativen Marken sowie ganz allgemein alle anderen Marken, Illustrationen, Bilder, Zeichnungen, Modelle und Logos, die auf den Artikeln, ihrem Zubeh\u00f6r und\/oder ihrer Verpackung erscheinen, unabh\u00e4ngig davon, ob sie eingetragen sind oder nicht, als sowie die Patente stehen und bleiben der ausschlie\u00dflichen Nutzung durch das Unternehmen vorbehalten. Jede vollst\u00e4ndige oder teilweise Vervielf\u00e4ltigung oder Nutzung dieser Marken, Abbildungen, Bilder und Logos, Designs und Modelle, aus welchem Grund auch immer und auf jedem Medium, ist ohne vorherige ausdr\u00fcckliche und schriftliche Zustimmung des Unternehmens strengstens untersagt. Dasselbe gilt f\u00fcr Marken oder andere Unterscheidungszeichen, die aus der Nutzung von Marken und\/oder Unterscheidungszeichen des Unternehmens resultieren. Ebenso ist jede Nutzung, die nicht dieser Lizenz zur Nutzung der Website entspricht, und insbesondere die Nutzung aller Elemente, aus denen sie besteht (pr\u00e4sentierte Artikel, Beschreibungen, Preise, Daten, Software, Grafiken, Bilder, Texte, Fotos, Tools, usw.) zum Verkauf oder f\u00fcr eine andere direkte oder indirekte kommerzielle Nutzung.<\/p>\n<p><strong>ARTIKEL 12<\/strong><br \/>\nHAFTUNGSBESCHR\u00c4NKUNG<\/p>\n<p>Im Sinne dieser allgemeinen Verkaufsbedingungen kann das Unternehmen nicht haftbar gemacht werden:<br \/>\n\u2022 f\u00fcr Unterbrechungen oder Verz\u00f6gerungen aufgrund der Durchf\u00fchrung von Wartungsarbeiten auf der Website, technischer Ausf\u00e4lle, h\u00f6herer Gewalt, der Handlung Dritter oder anderer Umst\u00e4nde, unabh\u00e4ngig von deren Einfluss;<br \/>\n\u2022 die Unf\u00e4higkeit des Verbrauchers oder des Unternehmens, vor\u00fcbergehend auf die Website zuzugreifen, aufgrund von Tatsachen, die au\u00dferhalb ihrer Kontrolle liegen, wie z. B. F\u00e4lle von IT-Ausf\u00e4llen, Unterbrechungen des Telefonnetzes, des Internet-Netzwerks oder Funktionsst\u00f6rungen des Empfangsmaterials des Internet-Netzwerks.<\/p>\n<p><strong>ARTIKEL 13<\/strong><br \/>\nH\u00d6HERE GEWALT<\/p>\n<p>Das Unternehmen \u00fcbernimmt keine Verantwortung f\u00fcr ausbleibende oder versp\u00e4tete Lieferungen aufgrund h\u00f6herer Gewalt oder unvorhersehbarer Umst\u00e4nde.<\/p>\n<p>Als Ereignisse h\u00f6herer Gewalt gelten beispielsweise Unruhen, Aufruhr, soziale Unruhen, Telefon- oder IT-Ausf\u00e4lle oder schwerwiegende Sch\u00e4den an der Sicherheit und dem Betrieb des Internets, Streiks jeglicher Art und Unm\u00f6glichkeit der Versorgung. des Unternehmens.<\/p>\n<p>Das Unternehmen wird den Verbraucher innerhalb von sieben Tagen nach seinem Eintreten \u00fcber ein solches Ereignis h\u00f6herer Gewalt informieren. F\u00fcr den Fall, dass sich diese Aussetzung der Erf\u00fcllung der Verpflichtungen des Unternehmens \u00fcber einen Zeitraum von f\u00fcnfzehn Tagen hinaus verl\u00e4ngert, hat der Verbraucher die M\u00f6glichkeit, die laufende Bestellung zu stornieren, und das Unternehmen erstattet dem Verbraucher in kurzer Zeit den Preis durch Gutschrift Girokonto.<\/p>\n<p><strong>ARTIKEL 14<\/strong><br \/>\nEINWILLIGUNG<\/p>\n<p>Das Vers\u00e4umnis oder die Verz\u00f6gerung bei der Aus\u00fcbung eines Rechts durch das Unternehmen oder das Vers\u00e4umnis oder die Verz\u00f6gerung bei der Aufforderung zur Erf\u00fcllung der vom Verbraucher getragenen Pflichten f\u00fchrt in keiner Weise zu einem Verzicht auf diese Rechte und Anspr\u00fcche und beeintr\u00e4chtigt auch nicht die Aus\u00fcbung oder Anwendung dieser Rechte die gleichen Rechte oder ein anderes Recht zu einem sp\u00e4teren Zeitpunkt zu verlieren.<\/p>\n<p><strong>ARTIKEL 15<\/strong><br \/>\nG\u00dcLTIGKEIT DER ALLGEMEINEN VERKAUFSBEDINGUNGEN<\/p>\n<p>Die Unwirksamkeit, Nichtigkeit oder Unanwendbarkeit einer der Bestimmungen dieser Allgemeinen Verkaufsbedingungen kann nicht zur Unwirksamkeit, Nichtigkeit oder Unanwendbarkeit der \u00fcbrigen Allgemeinen Verkaufsbedingungen f\u00fchren, wobei letztere zwischen den Parteien in vollem Umfang g\u00fcltig und wirksam bleiben.<\/p>\n<p><strong>ARTIKEL 16<\/strong><br \/>\nANWENDBARES RECHT \u2013 ZUST\u00c4NDIGES GERICHT<\/p>\n<p>Alle Streitigkeiten im Zusammenhang mit der Anwendung, Ausf\u00fchrung, Auslegung und Verletzung von auf der Website vereinbarten Kaufvertr\u00e4gen <strong>www.Levupboxbox.com<\/strong> unterliegt der italienischen Gerichtsbarkeit; Diese Allgemeinen Gesch\u00e4ftsbedingungen beziehen sich auf die im B\u00fcrgerlichen Gesetzbuch sowie im Gesetzesdekret festgelegten Regeln, auch wenn darin nicht ausdr\u00fccklich etwas anderes vorgesehen ist. 206\/2005.<\/p>\n<p>F\u00fcr alle Streitigkeiten zwischen den Parteien im Zusammenhang mit diesem Vertrag ist das Gericht zust\u00e4ndig, in dem der Verbraucher seinen Wohnsitz hat; f\u00fcr alle anderen Streitigkeiten gilt ausschlie\u00dflich <strong>Gerichtsstand ist das Gericht von FERRARA.<\/strong><\/p>","protected":false},"excerpt":{"rendered":"<p>\u00a0VERKAUFSBEDINGUNGEN VORAUSSETZUNG Das Unternehmen FREE PLAST Srl, im Folgenden als &quot;Unternehmen&quot; bezeichnet. Um besser auf die<\/p>","protected":false},"author":3,"featured_media":0,"parent":0,"menu_order":0,"comment_status":"closed","ping_status":"closed","template":"","meta":{"footnotes":""},"class_list":["post-2191","page","type-page","status-publish","hentry"],"_links":{"self":[{"href":"https:\/\/www.levupbox.com\/de\/wp-json\/wp\/v2\/pages\/2191","targetHints":{"allow":["GET"]}}],"collection":[{"href":"https:\/\/www.levupbox.com\/de\/wp-json\/wp\/v2\/pages"}],"about":[{"href":"https:\/\/www.levupbox.com\/de\/wp-json\/wp\/v2\/types\/page"}],"author":[{"embeddable":true,"href":"https:\/\/www.levupbox.com\/de\/wp-json\/wp\/v2\/users\/3"}],"replies":[{"embeddable":true,"href":"https:\/\/www.levupbox.com\/de\/wp-json\/wp\/v2\/comments?post=2191"}],"version-history":[{"count":3,"href":"https:\/\/www.levupbox.com\/de\/wp-json\/wp\/v2\/pages\/2191\/revisions"}],"predecessor-version":[{"id":2194,"href":"https:\/\/www.levupbox.com\/de\/wp-json\/wp\/v2\/pages\/2191\/revisions\/2194"}],"wp:attachment":[{"href":"https:\/\/www.levupbox.com\/de\/wp-json\/wp\/v2\/media?parent=2191"}],"curies":[{"name":"wp","href":"https:\/\/api.w.org\/{rel}","templated":true}]}}