{"id":143,"date":"2024-06-28T12:59:02","date_gmt":"2024-06-28T12:59:02","guid":{"rendered":"http:\/\/levup-box.local\/?page_id=143"},"modified":"2025-11-24T09:40:53","modified_gmt":"2025-11-24T09:40:53","slug":"faq","status":"publish","type":"page","link":"https:\/\/www.levupbox.com\/de\/faq\/","title":{"rendered":"FAQ"},"content":{"rendered":"<div class=\"wpb-content-wrapper\"><div class=\"vc_row wpb_row vc_row-fluid\"><div class=\"wpb_column vc_column_container vc_col-sm-12\"><div class=\"vc_column-inner\"><div class=\"wpb_wrapper\">\n\t\t<div id=\"wd-6687b154e9931\" class=\"title-wrapper wd-wpb wd-set-mb reset-last-child  wd-rs-6687b154e9931 wd-title-color-default wd-title-style-default text-center  wd-underline-colored\">\n\t\t\t\n\t\t\t<div class=\"liner-continer\">\n\t\t\t\t<h1 class=\"woodmart-title-container title  wd-font-weight- wd-fontsize-xxl\" >H\u00c4UFIGE FRAGEN<\/h1>\n\t\t\t\t\t\t\t<\/div>\n\t\t\t\n\t\t\t\n\t\t\t\n\t\t<\/div>\n\t\t\n\t\t<\/div><\/div><\/div><\/div><div class=\"vc_row wpb_row vc_row-fluid wpb_animate_when_almost_visible wpb_fadeIn fadeIn vc_custom_1494510617612 vc_row-o-equal-height vc_row-flex\"><div class=\"wpb_column vc_column_container vc_col-sm-12 vc_col-lg-6 vc_col-md-6 vc_col-has-fill\"><div class=\"vc_column-inner vc_custom_1496938621896\"><div class=\"wpb_wrapper\">\n\t<div  class=\"wpb_single_image wpb_content_element vc_align_left\">\n\t\t\n\t\t<figure class=\"wpb_wrapper vc_figure\">\n\t\t\t<div class=\"vc_single_image-wrapper   vc_box_border_grey\"><img loading=\"lazy\" decoding=\"async\" width=\"1280\" height=\"960\" src=\"https:\/\/www.levupbox.com\/wp-content\/uploads\/2024\/11\/prodotto-faq-bauli-levup3.jpg\" class=\"vc_single_image-img attachment-full\" alt=\"\" title=\"Produkt-FAQ-Bauli-Levup3\" srcset=\"https:\/\/www.levupbox.com\/wp-content\/uploads\/2024\/11\/prodotto-faq-bauli-levup3.jpg 1280w, https:\/\/www.levupbox.com\/wp-content\/uploads\/2024\/11\/prodotto-faq-bauli-levup3-150x113.jpg 150w, https:\/\/www.levupbox.com\/wp-content\/uploads\/2024\/11\/prodotto-faq-bauli-levup3-1200x900.jpg 1200w, https:\/\/www.levupbox.com\/wp-content\/uploads\/2024\/11\/prodotto-faq-bauli-levup3-300x225.jpg 300w, https:\/\/www.levupbox.com\/wp-content\/uploads\/2024\/11\/prodotto-faq-bauli-levup3-1024x768.jpg 1024w, https:\/\/www.levupbox.com\/wp-content\/uploads\/2024\/11\/prodotto-faq-bauli-levup3-768x576.jpg 768w, https:\/\/www.levupbox.com\/wp-content\/uploads\/2024\/11\/prodotto-faq-bauli-levup3-16x12.jpg 16w\" sizes=\"auto, (max-width: 1280px) 100vw, 1280px\" \/><\/div>\n\t\t<\/figure>\n\t<\/div>\n\n\t<div  class=\"wpb_single_image wpb_content_element vc_align_left\">\n\t\t\n\t\t<figure class=\"wpb_wrapper vc_figure\">\n\t\t\t<div class=\"vc_single_image-wrapper   vc_box_border_grey\"><img loading=\"lazy\" decoding=\"async\" width=\"1920\" height=\"1440\" src=\"https:\/\/www.levupbox.com\/wp-content\/uploads\/2024\/11\/prodotto-faq-bauli-levup2.jpg\" class=\"vc_single_image-img attachment-full\" alt=\"\" title=\"Produkt-FAQ-Bauli-Levup2\" srcset=\"https:\/\/www.levupbox.com\/wp-content\/uploads\/2024\/11\/prodotto-faq-bauli-levup2.jpg 1920w, https:\/\/www.levupbox.com\/wp-content\/uploads\/2024\/11\/prodotto-faq-bauli-levup2-150x113.jpg 150w, https:\/\/www.levupbox.com\/wp-content\/uploads\/2024\/11\/prodotto-faq-bauli-levup2-1200x900.jpg 1200w, https:\/\/www.levupbox.com\/wp-content\/uploads\/2024\/11\/prodotto-faq-bauli-levup2-300x225.jpg 300w, https:\/\/www.levupbox.com\/wp-content\/uploads\/2024\/11\/prodotto-faq-bauli-levup2-1024x768.jpg 1024w, https:\/\/www.levupbox.com\/wp-content\/uploads\/2024\/11\/prodotto-faq-bauli-levup2-768x576.jpg 768w, https:\/\/www.levupbox.com\/wp-content\/uploads\/2024\/11\/prodotto-faq-bauli-levup2-1536x1152.jpg 1536w, https:\/\/www.levupbox.com\/wp-content\/uploads\/2024\/11\/prodotto-faq-bauli-levup2-16x12.jpg 16w\" sizes=\"auto, (max-width: 1920px) 100vw, 1920px\" \/><\/div>\n\t\t<\/figure>\n\t<\/div>\n<\/div><\/div><\/div><div class=\"wpb_column vc_column_container vc_col-sm-12 vc_col-lg-6 vc_col-md-6\"><div class=\"vc_column-inner vc_custom_1496938627545\"><div class=\"wpb_wrapper\">\n\t\t<div id=\"wd-618257efccdb8\" class=\"wd-accordion wd-wpb wd-rs-618257efccdb8  wd-style-default wd-titles-left wd-opener-pos-right wd-opener-style-arrow\" data-state=\"first\">\n\t\t\t\t\t\t\t\n\t\t\t\t\n\t\t\t\t<div class=\"wd-accordion-item\">\n\t\t\t\t\t<div class=\"wd-accordion-title wd-role-btn wd-active font-text wd-fontsize-s wd-font-weight-600\" data-accordion-index=\"0\" tabindex=\"0\">\n\t\t\t\t\t\t<div class=\"wd-accordion-title-text\">\n\t\t\t\t\t\t\t\t\t\t\t\t\t\t<span>\n\t\t\t\t\t\t\t\tWelche Dachbox passt am besten zu meinem Fahrzeug?\t\t\t\t\t\t\t<\/span>\n\t\t\t\t\t\t<\/div>\n\t\t\t\t\t\t<span class=\"wd-accordion-opener\"><\/span>\n\t\t\t\t\t<\/div>\n\n\t\t\t\t\t<div class=\"wd-accordion-content wd-entry-content wd-active\" data-accordion-index=\"0\">\n\t\t\t\t\t\t\t\t\t\t\t\t\t<p>Alle LEVUP Dachboxen sind f\u00fcr jeden Fahrzeugtyp geeignet. Achten Sie bei der Wahl des Modells darauf, die Sicht des Fahrers und die \u00d6ffnung der Heckt\u00fcr nicht zu beeintr\u00e4chtigen.<\/p>\n<p>Lassen Sie sich von unserem Konfigurator dabei helfen, die Proportionen und Ma\u00dfe des von Ihnen gew\u00e4hlten Kofferraums zu \u00fcberpr\u00fcfen!<\/p>\n\t\t\t\t\t\t\t\t\t\t\t<\/div>\n\t\t\t\t<\/div>\n\t\t\t\t\t\t\t\n\t\t\t\t\n\t\t\t\t<div class=\"wd-accordion-item\">\n\t\t\t\t\t<div class=\"wd-accordion-title wd-role-btn font-text wd-fontsize-s wd-font-weight-600\" data-accordion-index=\"1\" tabindex=\"0\">\n\t\t\t\t\t\t<div class=\"wd-accordion-title-text\">\n\t\t\t\t\t\t\t\t\t\t\t\t\t\t<span>\n\t\t\t\t\t\t\t\tBen\u00f6tige ich f\u00fcr die Montage der Dachbox eine Bohrmaschine oder anderes Werkzeug?\t\t\t\t\t\t\t<\/span>\n\t\t\t\t\t\t<\/div>\n\t\t\t\t\t\t<span class=\"wd-accordion-opener\"><\/span>\n\t\t\t\t\t<\/div>\n\n\t\t\t\t\t<div class=\"wd-accordion-content wd-entry-content\" data-accordion-index=\"1\">\n\t\t\t\t\t\t\t\t\t\t\t\t\t<p>Keine Werkzeuge oder Ger\u00e4te. LEVUP-Dachboxen sind bereits montiert und k\u00f6nnen in wenigen Minuten zusammengebaut werden. Installieren Sie sie einfach mithilfe des mitgelieferten Befestigungssystems.<\/p>\n\t\t\t\t\t\t\t\t\t\t\t<\/div>\n\t\t\t\t<\/div>\n\t\t\t\t\t\t\t\n\t\t\t\t\n\t\t\t\t<div class=\"wd-accordion-item\">\n\t\t\t\t\t<div class=\"wd-accordion-title wd-role-btn font-text wd-fontsize-s wd-font-weight-600\" data-accordion-index=\"2\" tabindex=\"0\">\n\t\t\t\t\t\t<div class=\"wd-accordion-title-text\">\n\t\t\t\t\t\t\t\t\t\t\t\t\t\t<span>\n\t\t\t\t\t\t\t\tSind Dachboxen mit allen auf dem Markt erh\u00e4ltlichen Dachtr\u00e4gertypen kompatibel?\t\t\t\t\t\t\t<\/span>\n\t\t\t\t\t\t<\/div>\n\t\t\t\t\t\t<span class=\"wd-accordion-opener\"><\/span>\n\t\t\t\t\t<\/div>\n\n\t\t\t\t\t<div class=\"wd-accordion-content wd-entry-content\" data-accordion-index=\"2\">\n\t\t\t\t\t\t\t\t\t\t\t\t\t<p>In den LEVUP-Dachb\u00fcgeln ist ein Standard-Befestigungssatz enthalten, der aus zwei verschiedenen Arten von U-Bolzen f\u00fcr Stangen von 60 mm bis 90 mm besteht.<br \/>\nDieses Kit deckt die meisten auf dem Markt erh\u00e4ltlichen Riegel ab. Das Schnellkupplungssystem deckt Stangen mit einer maximalen Breite von bis zu 85 mm, mindestens 25 mm ab.<\/p>\n\t\t\t\t\t\t\t\t\t\t\t<\/div>\n\t\t\t\t<\/div>\n\t\t\t\t\t\t\t\n\t\t\t\t\n\t\t\t\t<div class=\"wd-accordion-item\">\n\t\t\t\t\t<div class=\"wd-accordion-title wd-role-btn font-text wd-fontsize-s wd-font-weight-600\" data-accordion-index=\"3\" tabindex=\"0\">\n\t\t\t\t\t\t<div class=\"wd-accordion-title-text\">\n\t\t\t\t\t\t\t\t\t\t\t\t\t\t<span>\n\t\t\t\t\t\t\t\tKann man mit Levup-Unterhosen auch im Winter in die Berge gehen? (Schneelast und Temperatur\u00e4nderungen)\t\t\t\t\t\t\t<\/span>\n\t\t\t\t\t\t<\/div>\n\t\t\t\t\t\t<span class=\"wd-accordion-opener\"><\/span>\n\t\t\t\t\t<\/div>\n\n\t\t\t\t\t<div class=\"wd-accordion-content wd-entry-content\" data-accordion-index=\"3\">\n\t\t\t\t\t\t\t\t\t\t\t\t\t<p>Alle LEVUP-Koffer werden aus technisch hochmodernen Materialien hergestellt und nach den strengsten Vorschriften zertifiziert, zu denen auch Materialkonditionierungstests und dynamische Tests bei niedrigen Temperaturen geh\u00f6ren.<br \/>\nDaher kann derselbe Stamm sowohl f\u00fcr das Meer als auch f\u00fcr die Berge verwendet werden.<\/p>\n\t\t\t\t\t\t\t\t\t\t\t<\/div>\n\t\t\t\t<\/div>\n\t\t\t\t\t\t\t\n\t\t\t\t\n\t\t\t\t<div class=\"wd-accordion-item\">\n\t\t\t\t\t<div class=\"wd-accordion-title wd-role-btn font-text wd-fontsize-s wd-font-weight-600\" data-accordion-index=\"4\" tabindex=\"0\">\n\t\t\t\t\t\t<div class=\"wd-accordion-title-text\">\n\t\t\t\t\t\t\t\t\t\t\t\t\t\t<span>\n\t\t\t\t\t\t\t\tGibt es eine andere Geschwindigkeitsbegrenzung f\u00fcr Fahrzeuge mit Dachbox?\t\t\t\t\t\t\t<\/span>\n\t\t\t\t\t\t<\/div>\n\t\t\t\t\t\t<span class=\"wd-accordion-opener\"><\/span>\n\t\t\t\t\t<\/div>\n\n\t\t\t\t\t<div class=\"wd-accordion-content wd-entry-content\" data-accordion-index=\"4\">\n\t\t\t\t\t\t\t\t\t\t\t\t\t<p>Als Hersteller empfehlen wir, die im Einsatzland geltenden Geschwindigkeitsbegrenzungen einzuhalten bzw. unter 130 km\/h zu bleiben. Wir raten Ihnen in jedem Fall, in Kurven, an Tunnelausfahrten und bei starkem Wind aufmerksam zu sein und die Geschwindigkeit zu reduzieren.<\/p>\n\t\t\t\t\t\t\t\t\t\t\t<\/div>\n\t\t\t\t<\/div>\n\t\t\t\t\t\t\t\n\t\t\t\t\n\t\t\t\t<div class=\"wd-accordion-item\">\n\t\t\t\t\t<div class=\"wd-accordion-title wd-role-btn font-text wd-fontsize-s wd-font-weight-600\" data-accordion-index=\"5\" tabindex=\"0\">\n\t\t\t\t\t\t<div class=\"wd-accordion-title-text\">\n\t\t\t\t\t\t\t\t\t\t\t\t\t\t<span>\n\t\t\t\t\t\t\t\tKann ich einen Kinderwagen laden?\t\t\t\t\t\t\t<\/span>\n\t\t\t\t\t\t<\/div>\n\t\t\t\t\t\t<span class=\"wd-accordion-opener\"><\/span>\n\t\t\t\t\t<\/div>\n\n\t\t\t\t\t<div class=\"wd-accordion-content wd-entry-content\" data-accordion-index=\"5\">\n\t\t\t\t\t\t\t\t\t\t\t\t\t<p>Auf jeden Fall ja.<\/p>\n\t\t\t\t\t\t\t\t\t\t\t<\/div>\n\t\t\t\t<\/div>\n\t\t\t\t\t\t\t\n\t\t\t\t\n\t\t\t\t<div class=\"wd-accordion-item\">\n\t\t\t\t\t<div class=\"wd-accordion-title wd-role-btn font-text wd-fontsize-s wd-font-weight-600\" data-accordion-index=\"6\" tabindex=\"0\">\n\t\t\t\t\t\t<div class=\"wd-accordion-title-text\">\n\t\t\t\t\t\t\t\t\t\t\t\t\t\t<span>\n\t\t\t\t\t\t\t\tBeeintr\u00e4chtigt die Dachbox den Fahrkomfort?\t\t\t\t\t\t\t<\/span>\n\t\t\t\t\t\t<\/div>\n\t\t\t\t\t\t<span class=\"wd-accordion-opener\"><\/span>\n\t\t\t\t\t<\/div>\n\n\t\t\t\t\t<div class=\"wd-accordion-content wd-entry-content\" data-accordion-index=\"6\">\n\t\t\t\t\t\t\t\t\t\t\t\t\t<p>Nein, im Gegenteil, die aerodynamischen Formen gleichen die allein durch die St\u00e4be erzeugten Turbulenzen aus.<\/p>\n\t\t\t\t\t\t\t\t\t\t\t<\/div>\n\t\t\t\t<\/div>\n\t\t\t\t\t\t\t\n\t\t\t\t\n\t\t\t\t<div class=\"wd-accordion-item\">\n\t\t\t\t\t<div class=\"wd-accordion-title wd-role-btn font-text wd-fontsize-s wd-font-weight-600\" data-accordion-index=\"7\" tabindex=\"0\">\n\t\t\t\t\t\t<div class=\"wd-accordion-title-text\">\n\t\t\t\t\t\t\t\t\t\t\t\t\t\t<span>\n\t\t\t\t\t\t\t\tWerde ich eine \u00c4nderung des Kraftstoffverbrauchs bemerken?\t\t\t\t\t\t\t<\/span>\n\t\t\t\t\t\t<\/div>\n\t\t\t\t\t\t<span class=\"wd-accordion-opener\"><\/span>\n\t\t\t\t\t<\/div>\n\n\t\t\t\t\t<div class=\"wd-accordion-content wd-entry-content\" data-accordion-index=\"7\">\n\t\t\t\t\t\t\t\t\t\t\t\t\t<p>Die konischen Formen der LEVUP-Dachboxen wurden so konzipiert, dass sie nur minimale Auswirkungen haben.<br \/>\nDer Verbrauch kann je nach Beladungsgewicht und Fahrbedingungen variieren.<\/p>\n\t\t\t\t\t\t\t\t\t\t\t<\/div>\n\t\t\t\t<\/div>\n\t\t\t\t\t\t\t\n\t\t\t\t\n\t\t\t\t<div class=\"wd-accordion-item\">\n\t\t\t\t\t<div class=\"wd-accordion-title wd-role-btn font-text wd-fontsize-s wd-font-weight-600\" data-accordion-index=\"8\" tabindex=\"0\">\n\t\t\t\t\t\t<div class=\"wd-accordion-title-text\">\n\t\t\t\t\t\t\t\t\t\t\t\t\t\t<span>\n\t\t\t\t\t\t\t\tWo werden LEVUP-Dachboxen gebaut? Woher kommt das verwendete Material?\t\t\t\t\t\t\t<\/span>\n\t\t\t\t\t\t<\/div>\n\t\t\t\t\t\t<span class=\"wd-accordion-opener\"><\/span>\n\t\t\t\t\t<\/div>\n\n\t\t\t\t\t<div class=\"wd-accordion-content wd-entry-content\" data-accordion-index=\"8\">\n\t\t\t\t\t\t\t\t\t\t\t\t\t<p>LEVUP-Koffer werden in Italien, in Ferrara, hergestellt und montiert. Alle Materialien und Komponenten stammen von zertifizierten italienischen Herstellern.<\/p>\n\t\t\t\t\t\t\t\t\t\t\t<\/div>\n\t\t\t\t<\/div>\n\t\t\t\t\t\t\t\n\t\t\t\t\n\t\t\t\t<div class=\"wd-accordion-item\">\n\t\t\t\t\t<div class=\"wd-accordion-title wd-role-btn font-text wd-fontsize-s wd-font-weight-600\" data-accordion-index=\"9\" tabindex=\"0\">\n\t\t\t\t\t\t<div class=\"wd-accordion-title-text\">\n\t\t\t\t\t\t\t\t\t\t\t\t\t\t<span>\n\t\t\t\t\t\t\t\tVerkaufen Sie Ersatzteile?\t\t\t\t\t\t\t<\/span>\n\t\t\t\t\t\t<\/div>\n\t\t\t\t\t\t<span class=\"wd-accordion-opener\"><\/span>\n\t\t\t\t\t<\/div>\n\n\t\t\t\t\t<div class=\"wd-accordion-content wd-entry-content\" data-accordion-index=\"9\">\n\t\t\t\t\t\t\t\t\t\t\t\t\t<p>Leider sind wir aus Sicherheitsgr\u00fcnden nicht befugt, Ersatzteile direkt an unsere Kunden zu verkaufen; Reparaturen d\u00fcrfen nur von autorisiertem Personal durchgef\u00fchrt werden.<\/p>\n\t\t\t\t\t\t\t\t\t\t\t<\/div>\n\t\t\t\t<\/div>\n\t\t\t\t\t\t\t\t\t\t\t\t\t\t<\/div>\n\n\t\t<\/div><\/div><\/div><\/div>\n<\/div>","protected":false},"excerpt":{"rendered":"H\u00c4UFIG GESTELLTE FRAGEN Welche Dachbox ist die beste f\u00fcr mein Fahrzeug? Alle LEVUP Dachboxen sind geeignet","protected":false},"author":4,"featured_media":0,"parent":0,"menu_order":0,"comment_status":"closed","ping_status":"closed","template":"","meta":{"footnotes":""},"class_list":["post-143","page","type-page","status-publish","hentry"],"_links":{"self":[{"href":"https:\/\/www.levupbox.com\/de\/wp-json\/wp\/v2\/pages\/143","targetHints":{"allow":["GET"]}}],"collection":[{"href":"https:\/\/www.levupbox.com\/de\/wp-json\/wp\/v2\/pages"}],"about":[{"href":"https:\/\/www.levupbox.com\/de\/wp-json\/wp\/v2\/types\/page"}],"author":[{"embeddable":true,"href":"https:\/\/www.levupbox.com\/de\/wp-json\/wp\/v2\/users\/4"}],"replies":[{"embeddable":true,"href":"https:\/\/www.levupbox.com\/de\/wp-json\/wp\/v2\/comments?post=143"}],"version-history":[{"count":10,"href":"https:\/\/www.levupbox.com\/de\/wp-json\/wp\/v2\/pages\/143\/revisions"}],"predecessor-version":[{"id":2586,"href":"https:\/\/www.levupbox.com\/de\/wp-json\/wp\/v2\/pages\/143\/revisions\/2586"}],"wp:attachment":[{"href":"https:\/\/www.levupbox.com\/de\/wp-json\/wp\/v2\/media?parent=143"}],"curies":[{"name":"wp","href":"https:\/\/api.w.org\/{rel}","templated":true}]}}