{"id":10,"date":"2024-11-07T08:40:48","date_gmt":"2024-11-07T08:40:48","guid":{"rendered":"https:\/\/levupbox.com\/?page_id=10"},"modified":"2024-11-07T08:40:48","modified_gmt":"2024-11-07T08:40:48","slug":"rimborso_reso","status":"publish","type":"page","link":"https:\/\/www.levupbox.com\/de\/rimborso_reso\/","title":{"rendered":"R\u00fcckerstattungs- und R\u00fcckgabebedingungen"},"content":{"rendered":"<h3><strong>WIDERRUFSRECHT<\/strong><\/h3>\n<p>Der Zweck von Free Plast Srl (\u201eder Verk\u00e4ufer\u201c) besteht darin, Ihre vollst\u00e4ndige Zufriedenheit zu gew\u00e4hrleisten. Sollten Sie aus irgendeinem Grund mit Ihrer Bestellung nicht zufrieden sein, k\u00f6nnen Sie Ihr Widerrufsrecht ohne Vertragsstrafe innerhalb von 8 Kalendertagen ab dem Tag, an dem Sie die gekauften Produkte erhalten haben, aus\u00fcben <strong>\u00a0<\/strong><strong>www.LevupBox.com. <\/strong>Die zur\u00fcckzusendenden Produkte m\u00fcssen dem Kurier \u00fcbergeben werden, den der Verk\u00e4ufer direkt an Ihre Adresse sendet. Der R\u00fcckversand wird vollst\u00e4ndig vom Verk\u00e4ufer \u00fcbernommen, da dieser Ihnen einen kostenlosen R\u00fccksendeservice anbietet. Produkte k\u00f6nnen erst nach Abschluss des R\u00fcckgabeantrags zur\u00fcckgegeben werden. Um die Anfrage abzuschlie\u00dfen, m\u00fcssen Sie eine E-Mail mit der Anfrage an senden\u00a0 <a href=\"mailto:info@levupbox.com\"><strong>info@levupbox.com<\/strong><\/a><\/p>\n<p><strong>BEDINGUNGEN F\u00dcR DIE AUS\u00dcBUNG DES WIDERRUFSRECHTS<\/strong><\/p>\n<p>Das Widerrufsrecht gilt als ordnungsgem\u00e4\u00df ausge\u00fcbt, wenn die folgenden Bedingungen vollst\u00e4ndig erf\u00fcllt sind:<\/p>\n<ul>\n<li><strong>Der R\u00fcckgabeantrag muss innerhalb von 8 Tagen abgeschlossen werden <\/strong>Kalender ab Lieferdatum;<\/li>\n<li>die Produkte d\u00fcrfen weder benutzt noch besch\u00e4digt sein;<\/li>\n<li>das Identifikationsetikett muss weiterhin an den Produkten angebracht sein;<\/li>\n<li>Die Produkte m\u00fcssen in der Originalverpackung zur\u00fcckgegeben werden;<\/li>\n<\/ul>\n<p>Wenn Sie alle erforderlichen Bedingungen eingehalten haben, erstattet Ihnen der Verk\u00e4ufer den Preis der gekauften Produkte. Wurde zum Zeitpunkt der Bestellung die Option 24-Stunden-Lieferung gew\u00e4hlt, ist der Verk\u00e4ufer nicht zur Erstattung dieser Zusatzleistung verpflichtet. Sie werden benachrichtigt, wenn Ihre R\u00fccksendung nicht angenommen werden kann, weil sie nicht den oben genannten Bedingungen entspricht. In diesem Fall haben Sie die M\u00f6glichkeit, die gekauften Produkte auf Ihre Kosten zur\u00fcckzuerhalten. Wenn Sie diesen Versand ablehnen, beh\u00e4lt sich der Verk\u00e4ufer das Recht vor, die Produkte und den entsprechenden Betrag f\u00fcr den Kauf der Produkte einzubehalten.<\/p>\n<p><strong>R\u00dcCKERSTATTUNGSZEITEN UND -METHODEN<\/strong><\/p>\n<p>Nachdem der Verk\u00e4ufer Ihre R\u00fccksendung erhalten und \u00fcberpr\u00fcft hat, ob alle Anforderungen erf\u00fcllt sind, erhalten Sie eine E-Mail, in der die Annahme der R\u00fccksendung best\u00e4tigt wird. Unabh\u00e4ngig davon, welche Zahlungsmethode Sie verwenden (Kredit-\/Debitkarte oder Nachnahme), wird die R\u00fcckerstattung vom Verk\u00e4ufer so schnell wie m\u00f6glich, in jedem Fall jedoch innerhalb von sieben (7) Kalendertagen ab dem Datum des Erhalts aktiviert \u00fcber die Aus\u00fcbung Ihres Widerrufsrechts, sobald \u00fcberpr\u00fcft wurde, dass der Widerruf unter Einhaltung der oben genannten Bedingungen erfolgt ist.<br \/>Die tats\u00e4chliche Zeit f\u00fcr die Gutschrift oder R\u00fcckerstattung der von Ihnen f\u00fcr den Kauf der Produkte gezahlten Betr\u00e4ge h\u00e4ngt von den verwendeten Zahlungsmethoden ab:<\/p>\n<ul>\n<li>Kauf per Kredit-\/Debitkarte: Die R\u00fcckerstattungszeit h\u00e4ngt vom Kredit-\/Debitkartenunternehmen ab, erfolgt jedoch normalerweise innerhalb von zwei Kontoausz\u00fcgen. Wir weisen Sie darauf hin, dass das Wertstellungsdatum der Gutschrift mit dem Wertstellungsdatum der Belastung \u00fcbereinstimmt, so dass Ihnen kein Bankzinsverlust entsteht.<\/li>\n<li>Girokontozahlung: Die R\u00fcckerstattung erfolgt auf das von Ihnen angegebene Girokonto, daher h\u00e4ngt die R\u00fcckerstattungszeit von der Richtigkeit der von Ihnen eingegebenen Daten ab; Normalerweise erfolgt die R\u00fcckerstattung innerhalb von sieben (7) Tagen.<\/li>\n<\/ul>\n<p><strong>PRODUKT-IDENTIFIZIERUNGSTAG<\/strong><\/p>\n<p>Alle vom Verk\u00e4ufer zum Verkauf angebotenen Produkte sind mit einem Identifikationsetikett ausgestattet, das einen integralen Bestandteil der Ware darstellt. Wir laden Sie ein, das Produkt auszuprobieren, ohne das Etikett zu entfernen, da zur\u00fcckgegebene Produkte ohne Etikett nicht akzeptiert werden.<\/p>\n<h3>KURIER<\/h3>\n<p>F\u00fcr die R\u00fccksendung der Produkte tr\u00e4gt der Verk\u00e4ufer die Kosten f\u00fcr den Versand des Kuriers direkt an Ihre Adresse. Es entstehen Ihnen keine finanziellen Aufwendungen <strong>Free Plast Srl bietet einen kostenpflichtigen R\u00fcckholservice an.<\/strong><\/p>\n<h3>R\u00dcCKGABE<\/h3>\n<p>Sie k\u00f6nnen innerhalb von 30 Kalendertagen ab dem Lieferdatum Ihrer Bestellung eine kostenlose R\u00fccksendung vornehmen. Die R\u00fccksendung ist versandkostenfrei, wir k\u00fcmmern uns um alles. F\u00fcr R\u00fccksendungen sind lediglich folgende Bedingungen zu beachten:<\/p>\n<ul>\n<li>Die zur\u00fcckzusendenden Artikel m\u00fcssen bei der Lieferung sorgf\u00e4ltig verpackt werden, um sie vor dem Transport zu sch\u00fctzen.<\/li>\n<li>sie d\u00fcrfen nicht besch\u00e4digt oder benutzt werden;<\/li>\n<li>Sie m\u00fcssen mit dem entsprechenden Identifikationsetikett und in der Originalverpackung zur\u00fcckgesandt werden.<\/li>\n<\/ul>\n<p>So gehen Sie vor, um eine R\u00fccksendung vorzunehmen\u00a0 <strong>Freeplast Srl <\/strong>:<\/p>\n<p><strong>1 \u2013 F\u00fcllen Sie das R\u00fccksendeformular aus<\/strong><\/p>\n<ul>\n<li>Registrierter Benutzer. Wenn Sie ein registrierter Benutzer sind, klicken Sie oben links auf der Startseite auf Anmelden <strong>Free Plast Srl<\/strong> und geben Sie im entsprechenden Fenster Ihre Daten ein. Nachdem Sie sich mit Ihrem Konto angemeldet haben, k\u00f6nnen Sie den R\u00fcckgabevorgang durchf\u00fchren, indem Sie auf \u201eR\u00fcckgabevorgang verwalten\u201c und dann auf \u201eR\u00fcckgabevorgang \u00f6ffnen\u201c klicken. W\u00e4hlen Sie die Bestellung aus, die Sie zur\u00fccksenden m\u00f6chten, sowie die darin enthaltenen Artikel und geben Sie den Grund f\u00fcr die R\u00fccksendung an. Warten Sie auf die Best\u00e4tigungs-E-Mail und drucken Sie das Dokument mit den Daten zum R\u00fccksendevorgang aus, das dem Paket beigef\u00fcgt wird.<\/li>\n<li>Nicht registrierter Benutzer. Wenn Sie nicht registriert sind <strong>Freeplast Srl<\/strong> Schicken Sie eine E-Mail an <a href=\"mailto:info@levupbox.com\"><strong>info@levupbox.com <\/strong><\/a>durch Eingabe Ihrer Daten und der auf der Steuerquittung angegebenen Bestellnummer. W\u00e4hlen Sie die Artikel aus, die Sie zur\u00fcckgeben m\u00f6chten, und geben Sie an, warum Sie sie zur\u00fcckgeben m\u00f6chten. Warten Sie auf die Best\u00e4tigungs-E-Mail und drucken Sie das Dokument mit den Daten zum R\u00fccksendevorgang aus, das dem Paket beigef\u00fcgt wird.<\/li>\n<\/ul>\n<p><strong>2 \u2013 PAKET VORBEREITEN<\/strong><\/p>\n<p>Legen Sie die zur\u00fcckzusendenden Produkte zusammen mit der Originalverpackung und dem Identifikationsetikett zusammen mit dem Dokument mit den Daten zum R\u00fccksendevorgang in die Verpackung.<\/p>\n<p>Verschlie\u00dfen Sie die Verpackung und stellen Sie sicher, dass sie ordnungsgem\u00e4\u00df verschlossen ist.<\/p>\n<p><strong>3 \u2013 LIEFERUNG DER R\u00dcCKGABE<\/strong><\/p>\n<p>Warten Sie, bis der Kurier eintrifft und liefern Sie das Paket aus. Der Kurier holt Ihre R\u00fccksendung innerhalb von 24\/48 Stunden nach Beginn des R\u00fccksendevorgangs kostenlos an der von Ihnen angegebenen Adresse ab.<\/p>\n<p><strong>4 \u2013 ERHALTEN SIE IHRE R\u00dcCKERSTATTUNG<\/strong><\/p>\n<p>Nach Erhalt und Pr\u00fcfung Ihrer R\u00fccksendung erstatten wir Ihnen die zur\u00fcckgegebenen Artikel. Sie erhalten eine E-Mail mit der Best\u00e4tigung des Erhalts des Pakets und der R\u00fcckerstattung. Die R\u00fcckerstattung erfolgt innerhalb von 7 Werktagen ab dem Zeitpunkt, an dem Sie uns das Paket zusenden. Die R\u00fcckerstattung des von Ihnen gezahlten Betrags h\u00e4ngt von den verwendeten Zahlungsmethoden ab:<\/p>\n<ul>\n<li>Kauf per Kredit-\/Debitkarte. Der Betrag wird der Karte gem\u00e4\u00df den Erstattungsfristen der Kredit-\/Debitkartenverwaltungsgesellschaft wieder gutgeschrieben;<\/li>\n<li>Zahlung per Nachnahme oder Bank\u00fcberweisung. Die R\u00fcckerstattung erfolgt auf das von Ihnen angegebene Girokonto (IBAN) per E-Mail an <a href=\"mailto:info@levupbox.com\"><strong>info@levupbox.com <\/strong><\/a>unter Angabe der R\u00fccksendeanforderungsnummer.<\/li>\n<\/ul>\n<p><strong>Freeplast Srl <\/strong>beh\u00e4lt sich das Recht vor, nach Ablauf der festgelegten Frist \u00fcbermittelte oder versandte R\u00fccksendungen oder Artikel, die nicht die gleichen Empfangsbedingungen aufweisen, abzulehnen.<\/p>","protected":false},"excerpt":{"rendered":"<p>DIRITTO DI RECESSO Lo scopo di \u00a0Free Plast Srl (&#8220;il Venditore&#8221;) \u00e8 garantire la tua completa soddisfazione. Se per qualche<\/p>","protected":false},"author":1,"featured_media":0,"parent":0,"menu_order":0,"comment_status":"closed","ping_status":"closed","template":"","meta":{"footnotes":""},"class_list":["post-10","page","type-page","status-publish","hentry"],"_links":{"self":[{"href":"https:\/\/www.levupbox.com\/de\/wp-json\/wp\/v2\/pages\/10","targetHints":{"allow":["GET"]}}],"collection":[{"href":"https:\/\/www.levupbox.com\/de\/wp-json\/wp\/v2\/pages"}],"about":[{"href":"https:\/\/www.levupbox.com\/de\/wp-json\/wp\/v2\/types\/page"}],"author":[{"embeddable":true,"href":"https:\/\/www.levupbox.com\/de\/wp-json\/wp\/v2\/users\/1"}],"replies":[{"embeddable":true,"href":"https:\/\/www.levupbox.com\/de\/wp-json\/wp\/v2\/comments?post=10"}],"version-history":[{"count":2,"href":"https:\/\/www.levupbox.com\/de\/wp-json\/wp\/v2\/pages\/10\/revisions"}],"predecessor-version":[{"id":2190,"href":"https:\/\/www.levupbox.com\/de\/wp-json\/wp\/v2\/pages\/10\/revisions\/2190"}],"wp:attachment":[{"href":"https:\/\/www.levupbox.com\/de\/wp-json\/wp\/v2\/media?parent=10"}],"curies":[{"name":"wp","href":"https:\/\/api.w.org\/{rel}","templated":true}]}}